{"id":77,"date":"2018-12-19T08:04:32","date_gmt":"2018-12-19T08:04:32","guid":{"rendered":"https:\/\/payidarcoffeelounge.com\/?page_id=77"},"modified":"2025-12-15T22:03:41","modified_gmt":"2025-12-15T22:03:41","slug":"contact-us-v1","status":"publish","type":"page","link":"https:\/\/payidarcoffeelounge.com\/index.php\/contact-us-v1\/","title":{"rendered":"Contact Us v1"},"content":{"rendered":"\t\t<div data-elementor-type=\"wp-post\" data-elementor-id=\"77\" class=\"elementor elementor-77\">\n\t\t\t\t\t\t<section class=\"elementor-section elementor-top-section elementor-element elementor-element-04c0ac1 elementor-section-full_width elementor-section-height-default elementor-section-height-default\" data-id=\"04c0ac1\" data-element_type=\"section\">\n\t\t\t\t\t\t<div class=\"elementor-container elementor-column-gap-no\">\n\t\t\t\t\t<div class=\"elementor-column elementor-col-100 elementor-top-column elementor-element elementor-element-357b478\" data-id=\"357b478\" data-element_type=\"column\">\n\t\t\t<div class=\"elementor-widget-wrap elementor-element-populated\">\n\t\t\t\t\t\t<div class=\"elementor-element elementor-element-73b2a28 elementor-widget elementor-widget-ova_heading\" data-id=\"73b2a28\" data-element_type=\"widget\" data-widget_type=\"ova_heading.default\">\n\t\t\t\t<div class=\"elementor-widget-container\">\n\t\t\t\t\t\t\t\t\t<section class=\"breadcrumb-menu-v2 breadcrumb-section section-box\" style=\"background-image: url(https:\/\/payidarcoffeelounge.com\/wp-content\/uploads\/2018\/12\/events-bc.jpg)\">\n\t\t\t\t<div class=\"container\">\n\t\t\t\t\t<div class=\"breadcrumb-inner\">\n\t\t\t\t\t\t\t\t\t\t\t\t\t<h1>\u0130leti\u015fim<\/h1>\n\t\t\t\t\t\t\t\t\t\t\t\t\t\t\t\t\t\t\t<span class=\"breadcrumbs-text\">Bizimle ileti\u015fime ge\u00e7erek sorular\u0131n\u0131z\u0131 iletebilir, \u00f6nerilerinizi payla\u015fabilir veya Payidar Coffee &amp; Lounge deneyimi hakk\u0131nda daha fazla bilgi alabilirsiniz. <\/span>\n\t\t\t\t\t\t\t\t\t\t\t<\/div>\t\n\t\t\t\t<\/div>\n\t\t\t<\/section>\n\t\t\t\t\t\t\t<\/div>\n\t\t\t\t<\/div>\n\t\t\t\t\t<\/div>\n\t\t<\/div>\n\t\t\t\t\t<\/div>\n\t\t<\/section>\n\t\t\t\t<section class=\"elementor-section elementor-top-section elementor-element elementor-element-cbcaab4 elementor-section-boxed elementor-section-height-default elementor-section-height-default\" data-id=\"cbcaab4\" data-element_type=\"section\">\n\t\t\t\t\t\t<div class=\"elementor-container elementor-column-gap-default\">\n\t\t\t\t\t<div class=\"elementor-column elementor-col-50 elementor-top-column elementor-element elementor-element-d1718da\" data-id=\"d1718da\" data-element_type=\"column\">\n\t\t\t<div class=\"elementor-widget-wrap elementor-element-populated\">\n\t\t\t\t\t\t<div class=\"elementor-element elementor-element-7465e59 elementor-widget elementor-widget-heading\" data-id=\"7465e59\" data-element_type=\"widget\" data-widget_type=\"heading.default\">\n\t\t\t\t\t<h3 class=\"elementor-heading-title elementor-size-default\">\u0130leti\u015fime Ge\u00e7in<\/h3>\t\t\t\t<\/div>\n\t\t\t\t<div class=\"elementor-element elementor-element-c27e81a elementor-widget elementor-widget-text-editor\" data-id=\"c27e81a\" data-element_type=\"widget\" data-widget_type=\"text-editor.default\">\n\t\t\t\t\t\t\t\t\t<p data-start=\"162\" data-end=\"526\">Payidar Coffee &amp; Lounge olarak, misafirlerimizle kurdu\u011fumuz her ileti\u015fimi en az kahvelerimiz kadar \u00f6zenli ve samimi g\u00f6r\u00fcyoruz. Kahveye olan tutkumuz, kaliteli hizmet anlay\u0131\u015f\u0131m\u0131z ve huzurlu atmosferimizle sizlere keyifli anlar sunmay\u0131 ama\u00e7l\u0131yoruz. G\u00f6r\u00fc\u015f, \u00f6neri ve sorular\u0131n\u0131z bizim i\u00e7in de\u011ferlidir; her mesaj\u0131n\u0131z\u0131 dikkatle okuyor ve en k\u0131sa s\u00fcrede d\u00f6n\u00fc\u015f sa\u011fl\u0131yoruz.<\/p><p data-start=\"528\" data-end=\"849\">Bize ula\u015fmak, rezervasyon yapmak ya da Payidar Coffee &amp; Lounge deneyimi hakk\u0131nda daha fazla bilgi almak i\u00e7in ileti\u015fim kanallar\u0131m\u0131z\u0131 diledi\u011finiz zaman kullanabilirsiniz. Ekibimiz sizleri a\u011f\u0131rlamaktan ve her fincanda ayn\u0131 kaliteyi sunmaktan mutluluk duyar. Payidar\u2019da sadece kahve de\u011fil, payla\u015f\u0131lan g\u00fczel anlar da demlenir.<\/p>\t\t\t\t\t\t\t\t<\/div>\n\t\t\t\t<div class=\"elementor-element elementor-element-c3d701f elementor-widget elementor-widget-heading\" data-id=\"c3d701f\" data-element_type=\"widget\" data-widget_type=\"heading.default\">\n\t\t\t\t\t<h3 class=\"elementor-heading-title elementor-size-default\">Bizi Takip Edin<\/h3>\t\t\t\t<\/div>\n\t\t\t\t<div class=\"elementor-element elementor-element-ea25e70 elementor-widget elementor-widget-ova_social\" data-id=\"ea25e70\" data-element_type=\"widget\" data-widget_type=\"ova_social.default\">\n\t\t\t\t<div class=\"elementor-widget-container\">\n\t\t\t\t\t\t\t<div class=\"ova_social socials ova-framework-social-icons-wrapper\">\n\t\t\t\n\t\t\t\t\t\t\t\t<a class=\"ova-framework-icon ova-framework-social-icon \" style=\" color: #999; background-color: #f2f2f2\" href=\"https:\/\/www.facebook.com\/PayidarOnline\" target=\"_blank\">\n\t\t\t\t\t<i class=\"fa fa-facebook\" style=\"\"><\/i>\n\t\t\t\t<\/a>\n\t\t\t\n\t\t\t\t\t\t\t\t<a class=\"ova-framework-icon ova-framework-social-icon \" style=\" color: #999; background-color: #f2f2f2\" href=\"https:\/\/www.instagram.com\/payidaronline\/\" target=\"_blank\">\n\t\t\t\t\t<i class=\"fa fa-instagram\" style=\"\"><\/i>\n\t\t\t\t<\/a>\n\t\t\t\t\t<\/div>\n\t\t\t\t\t\t<\/div>\n\t\t\t\t<\/div>\n\t\t\t\t\t<\/div>\n\t\t<\/div>\n\t\t\t\t<div class=\"elementor-column elementor-col-50 elementor-top-column elementor-element elementor-element-ba6a71d\" data-id=\"ba6a71d\" data-element_type=\"column\">\n\t\t\t<div class=\"elementor-widget-wrap elementor-element-populated\">\n\t\t\t\t\t\t<div class=\"elementor-element elementor-element-3e00ae9 contact-v1-section elementor-widget elementor-widget-shortcode\" data-id=\"3e00ae9\" data-element_type=\"widget\" data-widget_type=\"shortcode.default\">\n\t\t\t\t\t\t\t<div class=\"elementor-shortcode\">\n<div class=\"wpcf7 no-js\" id=\"wpcf7-f1483-o1\" lang=\"en-US\" dir=\"ltr\" data-wpcf7-id=\"1483\">\n<div class=\"screen-reader-response\"><p role=\"status\" aria-live=\"polite\" aria-atomic=\"true\"><\/p> <ul><\/ul><\/div>\n<form action=\"\/index.php\/wp-json\/wp\/v2\/pages\/77#wpcf7-f1483-o1\" method=\"post\" class=\"wpcf7-form init\" aria-label=\"Contact form\" novalidate=\"novalidate\" data-status=\"init\">\n<fieldset class=\"hidden-fields-container\"><input type=\"hidden\" name=\"_wpcf7\" value=\"1483\" \/><input type=\"hidden\" name=\"_wpcf7_version\" value=\"6.1.4\" \/><input type=\"hidden\" name=\"_wpcf7_locale\" value=\"en_US\" \/><input type=\"hidden\" name=\"_wpcf7_unit_tag\" value=\"wpcf7-f1483-o1\" \/><input type=\"hidden\" name=\"_wpcf7_container_post\" value=\"0\" \/><input type=\"hidden\" name=\"_wpcf7_posted_data_hash\" value=\"\" \/>\n<\/fieldset>\n<div class=\"contact-v1-section\">\n\t<div class=\"quote-form\">\n\t\t<div class=\"form-contact js-contact-form\">\n\t\t\t<div class=\"form-input\">\n\t\t\t\t<p><span class=\"wpcf7-form-control-wrap\" data-name=\"your-name\"><input size=\"40\" maxlength=\"400\" class=\"wpcf7-form-control wpcf7-text wpcf7-validates-as-required\" aria-required=\"true\" aria-invalid=\"false\" placeholder=\"Your Name\" value=\"\" type=\"text\" name=\"your-name\" \/><\/span><i class=\"zmdi zmdi-account\"><\/i>\n\t\t\t\t<\/p>\n\t\t\t<\/div>\n\t\t\t<div class=\"form-input\">\n\t\t\t\t<p><span class=\"wpcf7-form-control-wrap\" data-name=\"your-email\"><input size=\"40\" maxlength=\"400\" class=\"wpcf7-form-control wpcf7-email wpcf7-validates-as-required wpcf7-text wpcf7-validates-as-email\" aria-required=\"true\" aria-invalid=\"false\" placeholder=\"Your Email\" value=\"\" type=\"email\" name=\"your-email\" \/><\/span><i class=\"zmdi zmdi-email\"><\/i>\n\t\t\t\t<\/p>\n\t\t\t<\/div>\n\t\t\t<div class=\"form-input\">\n\t\t\t\t<p><span class=\"wpcf7-form-control-wrap\" data-name=\"your-subject\"><input size=\"40\" maxlength=\"400\" class=\"wpcf7-form-control wpcf7-text\" aria-invalid=\"false\" placeholder=\"Your Subject\" value=\"\" type=\"text\" name=\"your-subject\" \/><\/span>\n\t\t\t\t<\/p>\n\t\t\t<\/div>\n\t\t\t<div class=\"form-textarea\">\n\t\t\t\t<p><span class=\"wpcf7-form-control-wrap\" data-name=\"your-message\"><textarea cols=\"40\" rows=\"10\" maxlength=\"2000\" class=\"wpcf7-form-control wpcf7-textarea\" aria-invalid=\"false\" placeholder=\"Comment\" name=\"your-message\"><\/textarea><\/span>\n\t\t\t\t<\/p>\n\t\t\t<\/div>\n\t\t\t<div class=\"form-bottom\">\n\t\t\t\t<p><input type=\"submit\" class=\"end-quote-1 au-btn au-btn-yellow btn-small\" value=\"SUBMIT\" \/>\n\t\t\t\t<\/p>\n\t\t\t<\/div>\n\t\t<\/div>\n\t<\/div>\n<\/div><div class=\"wpcf7-response-output\" aria-hidden=\"true\"><\/div>\n<\/form>\n<\/div>\n<\/div>\n\t\t\t\t\t\t<\/div>\n\t\t\t\t\t<\/div>\n\t\t<\/div>\n\t\t\t\t\t<\/div>\n\t\t<\/section>\n\t\t\t\t<section class=\"elementor-section elementor-top-section elementor-element elementor-element-7c65b0c elementor-section-full_width elementor-section-height-default elementor-section-height-default\" data-id=\"7c65b0c\" data-element_type=\"section\">\n\t\t\t\t\t\t<div class=\"elementor-container elementor-column-gap-no\">\n\t\t\t\t\t<div class=\"elementor-column elementor-col-100 elementor-top-column elementor-element elementor-element-1f1a805\" data-id=\"1f1a805\" data-element_type=\"column\">\n\t\t\t<div class=\"elementor-widget-wrap elementor-element-populated\">\n\t\t\t\t\t\t<div class=\"elementor-element elementor-element-90e3626 elementor-widget elementor-widget-google_maps\" data-id=\"90e3626\" data-element_type=\"widget\" data-widget_type=\"google_maps.default\">\n\t\t\t\t\t\t\t<div class=\"elementor-custom-embed\">\n\t\t\t<iframe loading=\"lazy\"\n\t\t\t\t\tsrc=\"https:\/\/maps.google.com\/maps?q=serik%2Cpayidar&#038;t=m&#038;z=13&#038;output=embed&#038;iwloc=near\"\n\t\t\t\t\ttitle=\"serik,payidar\"\n\t\t\t\t\taria-label=\"serik,payidar\"\n\t\t\t><\/iframe>\n\t\t<\/div>\n\t\t\t\t\t\t<\/div>\n\t\t\t\t\t<\/div>\n\t\t<\/div>\n\t\t\t\t\t<\/div>\n\t\t<\/section>\n\t\t\t\t<\/div>\n\t\t","protected":false},"excerpt":{"rendered":"<p>\u0130leti\u015fim Bizimle ileti\u015fime ge\u00e7erek sorular\u0131n\u0131z\u0131 iletebilir, \u00f6nerilerinizi payla\u015fabilir veya Payidar Coffee &amp; Lounge deneyimi hakk\u0131nda daha fazla bilgi alabilirsiniz. \u0130leti\u015fime Ge\u00e7in Payidar Coffee &amp; Lounge olarak, misafirlerimizle kurdu\u011fumuz her ileti\u015fimi en az kahvelerimiz kadar \u00f6zenli ve samimi g\u00f6r\u00fcyoruz. Kahveye olan tutkumuz, kaliteli hizmet anlay\u0131\u015f\u0131m\u0131z ve huzurlu atmosferimizle sizlere keyifli anlar sunmay\u0131 ama\u00e7l\u0131yoruz. G\u00f6r\u00fc\u015f, \u00f6neri ve [&hellip;]<\/p>\n","protected":false},"author":1,"featured_media":0,"parent":0,"menu_order":0,"comment_status":"closed","ping_status":"closed","template":"elementor_header_footer","meta":{"footnotes":""},"class_list":["post-77","page","type-page","status-publish","hentry"],"_links":{"self":[{"href":"https:\/\/payidarcoffeelounge.com\/index.php\/wp-json\/wp\/v2\/pages\/77","targetHints":{"allow":["GET"]}}],"collection":[{"href":"https:\/\/payidarcoffeelounge.com\/index.php\/wp-json\/wp\/v2\/pages"}],"about":[{"href":"https:\/\/payidarcoffeelounge.com\/index.php\/wp-json\/wp\/v2\/types\/page"}],"author":[{"embeddable":true,"href":"https:\/\/payidarcoffeelounge.com\/index.php\/wp-json\/wp\/v2\/users\/1"}],"replies":[{"embeddable":true,"href":"https:\/\/payidarcoffeelounge.com\/index.php\/wp-json\/wp\/v2\/comments?post=77"}],"version-history":[{"count":12,"href":"https:\/\/payidarcoffeelounge.com\/index.php\/wp-json\/wp\/v2\/pages\/77\/revisions"}],"predecessor-version":[{"id":3365,"href":"https:\/\/payidarcoffeelounge.com\/index.php\/wp-json\/wp\/v2\/pages\/77\/revisions\/3365"}],"wp:attachment":[{"href":"https:\/\/payidarcoffeelounge.com\/index.php\/wp-json\/wp\/v2\/media?parent=77"}],"curies":[{"name":"wp","href":"https:\/\/api.w.org\/{rel}","templated":true}]}}