{"id":38,"date":"2018-12-19T07:56:57","date_gmt":"2018-12-19T07:56:57","guid":{"rendered":"https:\/\/payidarcoffeelounge.com\/?page_id=38"},"modified":"2026-02-18T17:35:32","modified_gmt":"2026-02-18T17:35:32","slug":"menu","status":"publish","type":"page","link":"https:\/\/payidarcoffeelounge.com\/index.php\/menu\/","title":{"rendered":"Menu"},"content":{"rendered":"\t\t<div data-elementor-type=\"wp-post\" data-elementor-id=\"38\" class=\"elementor elementor-38\">\n\t\t\t\t\t\t<section class=\"elementor-section elementor-top-section elementor-element elementor-element-f16cab2 elementor-section-boxed elementor-section-height-default elementor-section-height-default\" data-id=\"f16cab2\" data-element_type=\"section\">\n\t\t\t\t\t\t<div class=\"elementor-container elementor-column-gap-default\">\n\t\t\t\t\t<div class=\"elementor-column elementor-col-100 elementor-top-column elementor-element elementor-element-11869b8\" data-id=\"11869b8\" data-element_type=\"column\">\n\t\t\t<div class=\"elementor-widget-wrap elementor-element-populated\">\n\t\t\t\t\t\t<div class=\"elementor-element elementor-element-aae3009 elementor-widget elementor-widget-ova_our_menu_v4\" data-id=\"aae3009\" data-element_type=\"widget\" data-widget_type=\"ova_our_menu_v4.default\">\n\t\t\t\t<div class=\"elementor-widget-container\">\n\t\t\t\t\t\n\t<section class=\"menu-v2-section hp-5-menu\">\n\t\t<div class=\"container\">\n\t\t\t<div class=\"row\">\n\t\t\t\t<div class=\"col-xl-4 col-lg-4 col-md-4 col-sm-12 col-12\">\n\t\t\t\t\t<div class=\"menu-content\">\n\t\t\t\t\t\t\t\t\t\t\t\t\t\t\t\t\t\t\t<a href=\"kahvaltilik\"  >\n\n\t\t\t\t\t\t\t\t\t\t\t\t\t\t\t\t\t<figure><img decoding=\"async\" src=\"https:\/\/payidarcoffeelounge.com\/wp-content\/uploads\/2026\/02\/Untitled-1.jpg\" title=\"Untitled-1\" alt=\"Untitled-1\" loading=\"lazy\" \/><\/figure>\n\t\t\t\t\t\t\t\t\n\t\t\t\t\t\t\t\t<div class=\"overlay\"><\/div>\n\n\t\t\t\t\t\t\t\t\t\t\t\t\t\t\t\t\t<h3>Kahvalt\u0131l\u0131k<\/h3>\n\t\t\t\t\t\t\t\t\n\t\t\t\t\t\t\t<\/a>\n\t\t\t\t\t\t\t\t\t\t\t<\/div>\n\t\t\t\t<\/div>\n\t\t\t\t<div class=\"col-xl-5 col-lg-5 col-md-5 col-sm-12 col-12\">\n\t\t\t\t\t<div class=\"menu-content\">\n\t\t\t\t\t\t\n\t\t\t\t\t\t\t\t\t\t\t\t\t<a href=\"pizzalar\"  >\n\t\t\t\t\t\t\t\t\n\t\t\t\t\t\t\t\t\t\t\t\t\t\t\t\t\t<figure><img decoding=\"async\" src=\"https:\/\/payidarcoffeelounge.com\/wp-content\/uploads\/2026\/02\/Untitled-1-5.jpg\" title=\"Untitled-1\" alt=\"Untitled-1\" loading=\"lazy\" \/><\/figure>\n\t\t\t\t\t\t\t\t\n\t\t\t\t\t\t\t\t<div class=\"overlay\"><\/div>\n\n\t\t\t\t\t\t\t\t\t\t\t\t\t\t\t\t\t<h3>Pizzalar<\/h3>\n\t\t\t\t\t\t\t\t\n\t\t\t\t\t\t\t<\/a>\n\t\t\t\t\t\t\t\t\t\t\t<\/div>\n\t\t\t\t<\/div>\n\t\t\t\t<div class=\"col-xl-3 col-lg-3 col-md-3 col-sm-12 col-12\">\n\t\t\t\t\t<div class=\"menu-content\">\n\t\t\t\t\t\t\n\t\t\t\t\t\t\n\t\t\t\t\t\t\t\t\t\t\t\t\t<a href=\"tostlar\"  >\n\t\t\t\t\t\t\t\t\n\t\t\t\t\t\t\t\t\t\t\t\t\t\t\t\t\t<figure><img decoding=\"async\" src=\"https:\/\/payidarcoffeelounge.com\/wp-content\/uploads\/2026\/02\/Untitled-1-8.jpg\" title=\"Untitled-1\" alt=\"Untitled-1\" loading=\"lazy\" \/><\/figure>\n\t\t\t\t\t\t\t\t\n\t\t\t\t\t\t\t\t<div class=\"overlay\"><\/div>\n\n\t\t\t\t\t\t\t\t\t\t\n\t\t\t\t\t\t\t\t\t<h3>Tostlar<\/h3>\n\t\t\t\t\t\t\t\t\n\t\t\t\t\t\t\t<\/a>\n\t\t\t\t\t\t\n\t\t\t\t\t<\/div>\n\t\t\t\t<\/div>\n\t\t\t\t<div class=\"col-xl-6 col-lg-6 col-md-6 col-sm-12 col-12\">\n\t\t\t\t\t<div class=\"menu-content\">\n\t\t\t\t\t\t\t\t\t\t\t\t\n\n\t\t\t\t\t\t\t\t\t\t\t\t\t<a href=\"atistirmaliklar\"   >\n\t\t\t\t\t\t\t\t\t\n\t\t\t\t\t\t\t\t\t<figure><img decoding=\"async\" src=\"https:\/\/payidarcoffeelounge.com\/wp-content\/uploads\/2026\/02\/Untitled-1-10.jpg\" title=\"Untitled-1\" alt=\"Untitled-1\" loading=\"lazy\" \/><\/figure>\n\t\t\t\t\t\t\t\t\n\t\t\t\t\t\t\t\t<div class=\"overlay\"><\/div>\n\t\t\t\t\t\t\t\t\t\t\n\t\t\t\t\t\t\t\t\t<h3>At\u0131\u015ft\u0131rmal\u0131klar<\/h3>\n\t\t\t\t\t\t\t\t\t\t\t\t\t\t\t<\/a>\n\t\t\t\t\t\t\n\t\t\t\t\t<\/div>\n\t\t\t\t<\/div>\n\t\t\t\t<div class=\"col-xl-3 col-lg-3 col-md-3 col-sm-12 col-12\">\n\t\t\t\t\t<div class=\"menu-content\">\n\t\t\t\t\t\t\t\t\t\t\t\t\t\t\t\t\t\t\t<a href=\"#\"   >\n\n\t\t\t\t\t\t\t\t\t\n\t\t\t\t\t\t\t\t\t<figure><img decoding=\"async\" src=\"https:\/\/payidarcoffeelounge.com\/wp-content\/plugins\/elementor\/assets\/images\/placeholder.png\" title=\"\" alt=\"\" loading=\"lazy\" \/><\/figure>\n\t\t\t\t\t\t\t\t\n\t\t\t\t\t\t\t\t<div class=\"overlay\"><\/div>\n\t\t\t\t\t\t\t\t\t\t\n\t\t\t\t\t\t\t\t\t<h3>STARTER<\/h3>\n\t\t\t\t\t\t\t\t\n\t\t\t\t\t\t\t<\/a>\n\t\t\t\t\t\t\t\t\t\t\t<\/div>\n\t\t\t\t<\/div>\n\t\t\t\t<div class=\"col-xl-3 col-lg-3 col-md-3 col-sm-12 col-12\">\n\t\t\t\t\t<div class=\"menu-content\">\n\t\t\t\t\t\t\n\t\t\t\t\t\t\t\t\t\t\t\t\t<a href=\"\"   >\n\t\t\t\t\t\t\t\t\n\t\t\t\t\t\t\t\t\t\t\t\t\t\t\t\t\t<figure><img decoding=\"async\" src=\"https:\/\/payidarcoffeelounge.com\/wp-content\/plugins\/elementor\/assets\/images\/placeholder.png\" title=\"\" alt=\"\" loading=\"lazy\" \/><\/figure>\n\t\t\t\t\t\t\t\t\t\t\t\t\t\t\t\t\n\t\t\t\t\t\t\t\t<div class=\"overlay\"><\/div>\n\n\t\t\t\t\t\t\t\t\t\t\t\t\t\t\t\t\t<h3>STARTER<\/h3>\n\t\t\t\t\t\t\t\t\t\t\t\t\t\t\t<\/a>\n\t\t\t\t\t\t\n\t\t\t\t\t<\/div>\n\t\t\t\t<\/div>\n\t\t\t<\/div>\n\t\t<\/div>\n\t<\/section><!-- End menu-v2-section -->\n\n\t\t\t\t\t<\/div>\n\t\t\t\t<\/div>\n\t\t\t\t<div class=\"elementor-element elementor-element-75ff3d2 elementor-widget elementor-widget-ova_our_menu_v4\" data-id=\"75ff3d2\" data-element_type=\"widget\" data-widget_type=\"ova_our_menu_v4.default\">\n\t\t\t\t<div class=\"elementor-widget-container\">\n\t\t\t\t\t\n\t<section class=\"menu-v2-section hp-5-menu\">\n\t\t<div class=\"container\">\n\t\t\t<div class=\"row\">\n\t\t\t\t<div class=\"col-xl-4 col-lg-4 col-md-4 col-sm-12 col-12\">\n\t\t\t\t\t<div class=\"menu-content\">\n\t\t\t\t\t\t\t\t\t\t\t\t\t\t\t\t\t\t\t<a href=\"caylar\"  >\n\n\t\t\t\t\t\t\t\t\t\t\t\t\t\t\t\t\t<figure><img decoding=\"async\" src=\"https:\/\/payidarcoffeelounge.com\/wp-content\/uploads\/2026\/02\/Adsiz-tasarim.jpg\" title=\"Adsiz-tasarim\" alt=\"Adsiz-tasarim\" loading=\"lazy\" \/><\/figure>\n\t\t\t\t\t\t\t\t\n\t\t\t\t\t\t\t\t<div class=\"overlay\"><\/div>\n\n\t\t\t\t\t\t\t\t\t\t\t\t\t\t\t\t\t<h3>\u00c7aylar<\/h3>\n\t\t\t\t\t\t\t\t\n\t\t\t\t\t\t\t<\/a>\n\t\t\t\t\t\t\t\t\t\t\t<\/div>\n\t\t\t\t<\/div>\n\t\t\t\t<div class=\"col-xl-5 col-lg-5 col-md-5 col-sm-12 col-12\">\n\t\t\t\t\t<div class=\"menu-content\">\n\t\t\t\t\t\t\n\t\t\t\t\t\t\t\t\t\t\t\t\t<a href=\"dunya-kahveleri\/\"  >\n\t\t\t\t\t\t\t\t\n\t\t\t\t\t\t\t\t\t\t\t\t\t\t\t\t\t<figure><img decoding=\"async\" src=\"https:\/\/payidarcoffeelounge.com\/wp-content\/uploads\/2026\/02\/Adsiz-tasarim-1.jpg\" title=\"Adsiz-tasarim-1\" alt=\"Adsiz-tasarim-1\" loading=\"lazy\" \/><\/figure>\n\t\t\t\t\t\t\t\t\n\t\t\t\t\t\t\t\t<div class=\"overlay\"><\/div>\n\n\t\t\t\t\t\t\t\t\t\t\t\t\t\t\t\t\t<h3>D\u00fcnya Kahveleri<\/h3>\n\t\t\t\t\t\t\t\t\n\t\t\t\t\t\t\t<\/a>\n\t\t\t\t\t\t\t\t\t\t\t<\/div>\n\t\t\t\t<\/div>\n\t\t\t\t<div class=\"col-xl-3 col-lg-3 col-md-3 col-sm-12 col-12\">\n\t\t\t\t\t<div class=\"menu-content\">\n\t\t\t\t\t\t\n\t\t\t\t\t\t\n\t\t\t\t\t\t\t\t\t\t\t\t\t<a href=\"kahveler\/\"  >\n\t\t\t\t\t\t\t\t\n\t\t\t\t\t\t\t\t\t\t\t\t\t\t\t\t\t<figure><img decoding=\"async\" src=\"https:\/\/payidarcoffeelounge.com\/wp-content\/uploads\/2025\/12\/Adsiz-tasarim-2.jpg\" title=\"Ads\u0131z tasar\u0131m (2)\" alt=\"Ads\u0131z tasar\u0131m (2)\" loading=\"lazy\" \/><\/figure>\n\t\t\t\t\t\t\t\t\n\t\t\t\t\t\t\t\t<div class=\"overlay\"><\/div>\n\n\t\t\t\t\t\t\t\t\t\t\n\t\t\t\t\t\t\t\t\t<h3>Kahveler<\/h3>\n\t\t\t\t\t\t\t\t\n\t\t\t\t\t\t\t<\/a>\n\t\t\t\t\t\t\n\t\t\t\t\t<\/div>\n\t\t\t\t<\/div>\n\t\t\t\t<div class=\"col-xl-6 col-lg-6 col-md-6 col-sm-12 col-12\">\n\t\t\t\t\t<div class=\"menu-content\">\n\t\t\t\t\t\t\t\t\t\t\t\t\n\n\t\t\t\t\t\t\t\t\t\t\t\t\t<a href=\"sicak-tatlar\/\"   >\n\t\t\t\t\t\t\t\t\t\n\t\t\t\t\t\t\t\t\t<figure><img decoding=\"async\" src=\"https:\/\/payidarcoffeelounge.com\/wp-content\/uploads\/2025\/12\/Adsiz-tasarim-3.jpg\" title=\"Ads\u0131z tasar\u0131m (3)\" alt=\"Ads\u0131z tasar\u0131m (3)\" loading=\"lazy\" \/><\/figure>\n\t\t\t\t\t\t\t\t\n\t\t\t\t\t\t\t\t<div class=\"overlay\"><\/div>\n\t\t\t\t\t\t\t\t\t\t\n\t\t\t\t\t\t\t\t\t<h3>S\u0131cak Tatlar<\/h3>\n\t\t\t\t\t\t\t\t\t\t\t\t\t\t\t<\/a>\n\t\t\t\t\t\t\n\t\t\t\t\t<\/div>\n\t\t\t\t<\/div>\n\t\t\t\t<div class=\"col-xl-3 col-lg-3 col-md-3 col-sm-12 col-12\">\n\t\t\t\t\t<div class=\"menu-content\">\n\t\t\t\t\t\t\t\t\t\t\t\t\t\t\t\t\t\t\t<a href=\"soguk-icecekler\/\"   >\n\n\t\t\t\t\t\t\t\t\t\n\t\t\t\t\t\t\t\t\t<figure><img decoding=\"async\" src=\"https:\/\/payidarcoffeelounge.com\/wp-content\/uploads\/2025\/12\/Adsiz-tasarim-4.jpg\" title=\"Ads\u0131z tasar\u0131m (4)\" alt=\"Ads\u0131z tasar\u0131m (4)\" loading=\"lazy\" \/><\/figure>\n\t\t\t\t\t\t\t\t\n\t\t\t\t\t\t\t\t<div class=\"overlay\"><\/div>\n\t\t\t\t\t\t\t\t\t\t\n\t\t\t\t\t\t\t\t\t<h3>So\u011fuk \u0130\u00e7ecekler<\/h3>\n\t\t\t\t\t\t\t\t\n\t\t\t\t\t\t\t<\/a>\n\t\t\t\t\t\t\t\t\t\t\t<\/div>\n\t\t\t\t<\/div>\n\t\t\t\t<div class=\"col-xl-3 col-lg-3 col-md-3 col-sm-12 col-12\">\n\t\t\t\t\t<div class=\"menu-content\">\n\t\t\t\t\t\t\n\t\t\t\t\t\t\t\t\t\t\t\t\t<a href=\"soguk-kahveler\/\"   >\n\t\t\t\t\t\t\t\t\n\t\t\t\t\t\t\t\t\t\t\t\t\t\t\t\t\t<figure><img decoding=\"async\" src=\"https:\/\/payidarcoffeelounge.com\/wp-content\/uploads\/2018\/12\/menu-v2-6.jpg\" title=\"menu-v2-6\" alt=\"menu-v2-6\" loading=\"lazy\" \/><\/figure>\n\t\t\t\t\t\t\t\t\t\t\t\t\t\t\t\t\n\t\t\t\t\t\t\t\t<div class=\"overlay\"><\/div>\n\n\t\t\t\t\t\t\t\t\t\t\t\t\t\t\t\t\t<h3>\tSo\u011fuk Kahveler<\/h3>\n\t\t\t\t\t\t\t\t\t\t\t\t\t\t\t<\/a>\n\t\t\t\t\t\t\n\t\t\t\t\t<\/div>\n\t\t\t\t<\/div>\n\t\t\t<\/div>\n\t\t<\/div>\n\t<\/section><!-- End menu-v2-section -->\n\n\t\t\t\t\t<\/div>\n\t\t\t\t<\/div>\n\t\t\t\t<div class=\"elementor-element elementor-element-bdbfe0a elementor-widget elementor-widget-ova_our_menu_v4\" data-id=\"bdbfe0a\" data-element_type=\"widget\" data-widget_type=\"ova_our_menu_v4.default\">\n\t\t\t\t<div class=\"elementor-widget-container\">\n\t\t\t\t\t\n\t<section class=\"menu-v2-section hp-5-menu\">\n\t\t<div class=\"container\">\n\t\t\t<div class=\"row\">\n\t\t\t\t<div class=\"col-xl-4 col-lg-4 col-md-4 col-sm-12 col-12\">\n\t\t\t\t\t<div class=\"menu-content\">\n\t\t\t\t\t\t\t\t\t\t\t\t\t\t\t\t\t\t\t<a href=\"ana-yemekler\/\"  >\n\n\t\t\t\t\t\t\t\t\t\t\t\t\t\t\t\t\t<figure><img decoding=\"async\" src=\"https:\/\/payidarcoffeelounge.com\/wp-content\/uploads\/2025\/12\/Adsiz-tasarim-5.jpg\" title=\"Ads\u0131z tasar\u0131m (5)\" alt=\"Ads\u0131z tasar\u0131m (5)\" loading=\"lazy\" \/><\/figure>\n\t\t\t\t\t\t\t\t\n\t\t\t\t\t\t\t\t<div class=\"overlay\"><\/div>\n\n\t\t\t\t\t\t\t\t\t\t\t\t\t\t\t\t\t<h3>Ana Yemekler<\/h3>\n\t\t\t\t\t\t\t\t\n\t\t\t\t\t\t\t<\/a>\n\t\t\t\t\t\t\t\t\t\t\t<\/div>\n\t\t\t\t<\/div>\n\t\t\t\t<div class=\"col-xl-5 col-lg-5 col-md-5 col-sm-12 col-12\">\n\t\t\t\t\t<div class=\"menu-content\">\n\t\t\t\t\t\t\n\t\t\t\t\t\t\t\t\t\t\t\t\t<a href=\"burger-menu\/\"  >\n\t\t\t\t\t\t\t\t\n\t\t\t\t\t\t\t\t\t\t\t\t\t\t\t\t\t<figure><img decoding=\"async\" src=\"https:\/\/payidarcoffeelounge.com\/wp-content\/uploads\/2025\/12\/Adsiz-tasarim-6.jpg\" title=\"Ads\u0131z tasar\u0131m (6)\" alt=\"Ads\u0131z tasar\u0131m (6)\" loading=\"lazy\" \/><\/figure>\n\t\t\t\t\t\t\t\t\n\t\t\t\t\t\t\t\t<div class=\"overlay\"><\/div>\n\n\t\t\t\t\t\t\t\t\t\t\t\t\t\t\t\t\t<h3>Burger Men\u00fc<\/h3>\n\t\t\t\t\t\t\t\t\n\t\t\t\t\t\t\t<\/a>\n\t\t\t\t\t\t\t\t\t\t\t<\/div>\n\t\t\t\t<\/div>\n\t\t\t\t<div class=\"col-xl-3 col-lg-3 col-md-3 col-sm-12 col-12\">\n\t\t\t\t\t<div class=\"menu-content\">\n\t\t\t\t\t\t\n\t\t\t\t\t\t\n\t\t\t\t\t\t\t\t\t\t\t\t\t<a href=\"frozen\/\"  >\n\t\t\t\t\t\t\t\t\n\t\t\t\t\t\t\t\t\t\t\t\t\t\t\t\t\t<figure><img decoding=\"async\" src=\"https:\/\/payidarcoffeelounge.com\/wp-content\/uploads\/2025\/12\/Adsiz-tasarim-7.jpg\" title=\"Ads\u0131z tasar\u0131m (7)\" alt=\"Ads\u0131z tasar\u0131m (7)\" loading=\"lazy\" \/><\/figure>\n\t\t\t\t\t\t\t\t\n\t\t\t\t\t\t\t\t<div class=\"overlay\"><\/div>\n\n\t\t\t\t\t\t\t\t\t\t\n\t\t\t\t\t\t\t\t\t<h3>Frozen<\/h3>\n\t\t\t\t\t\t\t\t\n\t\t\t\t\t\t\t<\/a>\n\t\t\t\t\t\t\n\t\t\t\t\t<\/div>\n\t\t\t\t<\/div>\n\t\t\t\t<div class=\"col-xl-6 col-lg-6 col-md-6 col-sm-12 col-12\">\n\t\t\t\t\t<div class=\"menu-content\">\n\t\t\t\t\t\t\t\t\t\t\t\t\n\n\t\t\t\t\t\t\t\t\t\t\t\t\t<a href=\"frappe\/\"   >\n\t\t\t\t\t\t\t\t\t\n\t\t\t\t\t\t\t\t\t<figure><img decoding=\"async\" src=\"https:\/\/payidarcoffeelounge.com\/wp-content\/uploads\/2025\/12\/Adsiz-tasarim-8.jpg\" title=\"Ads\u0131z tasar\u0131m (8)\" alt=\"Ads\u0131z tasar\u0131m (8)\" loading=\"lazy\" \/><\/figure>\n\t\t\t\t\t\t\t\t\n\t\t\t\t\t\t\t\t<div class=\"overlay\"><\/div>\n\t\t\t\t\t\t\t\t\t\t\n\t\t\t\t\t\t\t\t\t<h3>Frappe<\/h3>\n\t\t\t\t\t\t\t\t\t\t\t\t\t\t\t<\/a>\n\t\t\t\t\t\t\n\t\t\t\t\t<\/div>\n\t\t\t\t<\/div>\n\t\t\t\t<div class=\"col-xl-3 col-lg-3 col-md-3 col-sm-12 col-12\">\n\t\t\t\t\t<div class=\"menu-content\">\n\t\t\t\t\t\t\t\t\t\t\t\t\t\t\t\t\t\t\t<a href=\"kokteyller\/\"   >\n\n\t\t\t\t\t\t\t\t\t\n\t\t\t\t\t\t\t\t\t<figure><img decoding=\"async\" src=\"https:\/\/payidarcoffeelounge.com\/wp-content\/uploads\/2025\/12\/Adsiz-tasarim-9.jpg\" title=\"Ads\u0131z tasar\u0131m (9)\" alt=\"Ads\u0131z tasar\u0131m (9)\" loading=\"lazy\" \/><\/figure>\n\t\t\t\t\t\t\t\t\n\t\t\t\t\t\t\t\t<div class=\"overlay\"><\/div>\n\t\t\t\t\t\t\t\t\t\t\n\t\t\t\t\t\t\t\t\t<h3>Kokteyller<\/h3>\n\t\t\t\t\t\t\t\t\n\t\t\t\t\t\t\t<\/a>\n\t\t\t\t\t\t\t\t\t\t\t<\/div>\n\t\t\t\t<\/div>\n\t\t\t\t<div class=\"col-xl-3 col-lg-3 col-md-3 col-sm-12 col-12\">\n\t\t\t\t\t<div class=\"menu-content\">\n\t\t\t\t\t\t\n\t\t\t\t\t\t\t\t\t\t\t\t\t<a href=\"makarnalar\/\"   >\n\t\t\t\t\t\t\t\t\n\t\t\t\t\t\t\t\t\t\t\t\t\t\t\t\t\t<figure><img decoding=\"async\" src=\"https:\/\/payidarcoffeelounge.com\/wp-content\/uploads\/2025\/12\/Adsiz-tasarim-10.jpg\" title=\"Ads\u0131z tasar\u0131m (10)\" alt=\"Ads\u0131z tasar\u0131m (10)\" loading=\"lazy\" \/><\/figure>\n\t\t\t\t\t\t\t\t\t\t\t\t\t\t\t\t\n\t\t\t\t\t\t\t\t<div class=\"overlay\"><\/div>\n\n\t\t\t\t\t\t\t\t\t\t\t\t\t\t\t\t\t<h3>Makarnalar<\/h3>\n\t\t\t\t\t\t\t\t\t\t\t\t\t\t\t<\/a>\n\t\t\t\t\t\t\n\t\t\t\t\t<\/div>\n\t\t\t\t<\/div>\n\t\t\t<\/div>\n\t\t<\/div>\n\t<\/section><!-- End menu-v2-section -->\n\n\t\t\t\t\t<\/div>\n\t\t\t\t<\/div>\n\t\t\t\t<div class=\"elementor-element elementor-element-b1e9d3a elementor-widget elementor-widget-ova_our_menu_v4\" data-id=\"b1e9d3a\" data-element_type=\"widget\" data-widget_type=\"ova_our_menu_v4.default\">\n\t\t\t\t<div class=\"elementor-widget-container\">\n\t\t\t\t\t\n\t<section class=\"menu-v2-section hp-5-menu\">\n\t\t<div class=\"container\">\n\t\t\t<div class=\"row\">\n\t\t\t\t<div class=\"col-xl-4 col-lg-4 col-md-4 col-sm-12 col-12\">\n\t\t\t\t\t<div class=\"menu-content\">\n\t\t\t\t\t\t\t\t\t\t\t\t\t\t\t\t\t\t\t<a href=\"milkshakeler\/\"  >\n\n\t\t\t\t\t\t\t\t\t\t\t\t\t\t\t\t\t<figure><img decoding=\"async\" src=\"https:\/\/payidarcoffeelounge.com\/wp-content\/uploads\/2025\/12\/Adsiz-tasarim-11.jpg\" title=\"Ads\u0131z tasar\u0131m (11)\" alt=\"Ads\u0131z tasar\u0131m (11)\" loading=\"lazy\" \/><\/figure>\n\t\t\t\t\t\t\t\t\n\t\t\t\t\t\t\t\t<div class=\"overlay\"><\/div>\n\n\t\t\t\t\t\t\t\t\t\t\t\t\t\t\t\t\t<h3>Milkshake<\/h3>\n\t\t\t\t\t\t\t\t\n\t\t\t\t\t\t\t<\/a>\n\t\t\t\t\t\t\t\t\t\t\t<\/div>\n\t\t\t\t<\/div>\n\t\t\t\t<div class=\"col-xl-5 col-lg-5 col-md-5 col-sm-12 col-12\">\n\t\t\t\t\t<div class=\"menu-content\">\n\t\t\t\t\t\t\n\t\t\t\t\t\t\t\t\t\t\t\t\t<a href=\"salatalar\/\"  >\n\t\t\t\t\t\t\t\t\n\t\t\t\t\t\t\t\t\t\t\t\t\t\t\t\t\t<figure><img decoding=\"async\" src=\"https:\/\/payidarcoffeelounge.com\/wp-content\/uploads\/2025\/12\/Adsiz-tasarim-12.jpg\" title=\"Ads\u0131z tasar\u0131m (12)\" alt=\"Ads\u0131z tasar\u0131m (12)\" loading=\"lazy\" \/><\/figure>\n\t\t\t\t\t\t\t\t\n\t\t\t\t\t\t\t\t<div class=\"overlay\"><\/div>\n\n\t\t\t\t\t\t\t\t\t\t\t\t\t\t\t\t\t<h3>Salatalar<\/h3>\n\t\t\t\t\t\t\t\t\n\t\t\t\t\t\t\t<\/a>\n\t\t\t\t\t\t\t\t\t\t\t<\/div>\n\t\t\t\t<\/div>\n\t\t\t\t<div class=\"col-xl-3 col-lg-3 col-md-3 col-sm-12 col-12\">\n\t\t\t\t\t<div class=\"menu-content\">\n\t\t\t\t\t\t\n\t\t\t\t\t\t\n\t\t\t\t\t\t\t\t\t\t\t\t\t<a href=\"s\u0131cak\"  target=\"_blank\" >\n\t\t\t\t\t\t\t\t\n\t\t\t\t\t\t\t\t\t\t\t\t\t\t\t\t\t<figure><img decoding=\"async\" src=\"https:\/\/payidarcoffeelounge.com\/wp-content\/uploads\/2018\/12\/menu-v2-3.jpg\" title=\"menu-v2-3\" alt=\"menu-v2-3\" loading=\"lazy\" \/><\/figure>\n\t\t\t\t\t\t\t\t\n\t\t\t\t\t\t\t\t<div class=\"overlay\"><\/div>\n\n\t\t\t\t\t\t\t\t\t\t\n\t\t\t\t\t\t\t\t\t<h3>S\u0131cak Tatlar<\/h3>\n\t\t\t\t\t\t\t\t\n\t\t\t\t\t\t\t<\/a>\n\t\t\t\t\t\t\n\t\t\t\t\t<\/div>\n\t\t\t\t<\/div>\n\t\t\t\t<div class=\"col-xl-6 col-lg-6 col-md-6 col-sm-12 col-12\">\n\t\t\t\t\t<div class=\"menu-content\">\n\t\t\t\t\t\t\t\t\t\t\t\t\n\n\t\t\t\t\t\t\t\t\t\t\t\t\t<a href=\"smoothie\/\"   >\n\t\t\t\t\t\t\t\t\t\n\t\t\t\t\t\t\t\t\t<figure><img decoding=\"async\" src=\"https:\/\/payidarcoffeelounge.com\/wp-content\/uploads\/2025\/12\/Adsiz-tasarim-13.jpg\" title=\"Ads\u0131z tasar\u0131m (13)\" alt=\"Ads\u0131z tasar\u0131m (13)\" loading=\"lazy\" \/><\/figure>\n\t\t\t\t\t\t\t\t\n\t\t\t\t\t\t\t\t<div class=\"overlay\"><\/div>\n\t\t\t\t\t\t\t\t\t\t\n\t\t\t\t\t\t\t\t\t<h3>Smoothie<\/h3>\n\t\t\t\t\t\t\t\t\t\t\t\t\t\t\t<\/a>\n\t\t\t\t\t\t\n\t\t\t\t\t<\/div>\n\t\t\t\t<\/div>\n\t\t\t\t<div class=\"col-xl-3 col-lg-3 col-md-3 col-sm-12 col-12\">\n\t\t\t\t\t<div class=\"menu-content\">\n\t\t\t\t\t\t\t\t\t\t\t\t\t\t\t\t\t\t\t<a href=\"tatlilar\/\"   >\n\n\t\t\t\t\t\t\t\t\t\n\t\t\t\t\t\t\t\t\t<figure><img decoding=\"async\" src=\"https:\/\/payidarcoffeelounge.com\/wp-content\/uploads\/2025\/12\/Adsiz-tasarim-15.jpg\" title=\"Ads\u0131z tasar\u0131m (15)\" alt=\"Ads\u0131z tasar\u0131m (15)\" loading=\"lazy\" \/><\/figure>\n\t\t\t\t\t\t\t\t\n\t\t\t\t\t\t\t\t<div class=\"overlay\"><\/div>\n\t\t\t\t\t\t\t\t\t\t\n\t\t\t\t\t\t\t\t\t<h3>Tatl\u0131lar<\/h3>\n\t\t\t\t\t\t\t\t\n\t\t\t\t\t\t\t<\/a>\n\t\t\t\t\t\t\t\t\t\t\t<\/div>\n\t\t\t\t<\/div>\n\t\t\t\t<div class=\"col-xl-3 col-lg-3 col-md-3 col-sm-12 col-12\">\n\t\t\t\t\t<div class=\"menu-content\">\n\t\t\t\t\t\t\n\t\t\t\t\t\t\t\t\t\t\t\t\t<a href=\"https:\/\/payidarcoffeelounge.com\/menu-v1\/\"  target=\"_blank\"  >\n\t\t\t\t\t\t\t\t\n\t\t\t\t\t\t\t\t\t\t\t\t\t\t\t\t\t<figure><img decoding=\"async\" src=\"https:\/\/payidarcoffeelounge.com\/wp-content\/uploads\/2026\/02\/Untitled-1-9.jpg\" title=\"Untitled-1\" alt=\"Untitled-1\" loading=\"lazy\" \/><\/figure>\n\t\t\t\t\t\t\t\t\t\t\t\t\t\t\t\t\n\t\t\t\t\t\t\t\t<div class=\"overlay\"><\/div>\n\n\t\t\t\t\t\t\t\t\t\t\t\t\t\t\t\t\t<h3>Waffle<\/h3>\n\t\t\t\t\t\t\t\t\t\t\t\t\t\t\t<\/a>\n\t\t\t\t\t\t\n\t\t\t\t\t<\/div>\n\t\t\t\t<\/div>\n\t\t\t<\/div>\n\t\t<\/div>\n\t<\/section><!-- End menu-v2-section -->\n\n\t\t\t\t\t<\/div>\n\t\t\t\t<\/div>\n\t\t\t\t<div class=\"elementor-element elementor-element-6fc1b9b elementor-widget elementor-widget-ova_heading\" data-id=\"6fc1b9b\" data-element_type=\"widget\" data-widget_type=\"ova_heading.default\">\n\t\t\t\t<div class=\"elementor-widget-container\">\n\t\t\t\t\t\t\t\t\t<section class=\"breadcrumb-menu-v2 breadcrumb-section section-box\" style=\"background-image: url(https:\/\/payidarcoffeelounge.com\/wp-content\/uploads\/2025\/12\/images-e1764966631519.jpeg)\">\n\t\t\t\t<div class=\"container\">\n\t\t\t\t\t<div class=\"breadcrumb-inner\">\n\t\t\t\t\t\t\t\t\t\t\t\t\t<h1>Payidar Coffe &amp; Lounge Menu<\/h1>\n\t\t\t\t\t\t\t\t\t\t\t\t\t\t\t\t\t<\/div>\t\n\t\t\t\t<\/div>\n\t\t\t<\/section>\n\t\t\t\t\t\t\t<\/div>\n\t\t\t\t<\/div>\n\t\t\t\t\t<\/div>\n\t\t<\/div>\n\t\t\t\t\t<\/div>\n\t\t<\/section>\n\t\t\t\t<section class=\"elementor-section elementor-top-section elementor-element elementor-element-40d7182 elementor-section-boxed elementor-section-height-default elementor-section-height-default\" data-id=\"40d7182\" data-element_type=\"section\" data-settings=\"{&quot;background_background&quot;:&quot;classic&quot;}\">\n\t\t\t\t\t\t<div class=\"elementor-container elementor-column-gap-no\">\n\t\t\t\t\t<div class=\"elementor-column elementor-col-100 elementor-top-column elementor-element elementor-element-9e9b6e5\" data-id=\"9e9b6e5\" data-element_type=\"column\" data-settings=\"{&quot;background_background&quot;:&quot;classic&quot;}\">\n\t\t\t<div class=\"elementor-widget-wrap elementor-element-populated\">\n\t\t\t\t\t\t<div class=\"elementor-element elementor-element-3145a1d elementor-widget elementor-widget-ova_heading\" data-id=\"3145a1d\" data-element_type=\"widget\" data-widget_type=\"ova_heading.default\">\n\t\t\t\t<div class=\"elementor-widget-container\">\n\t\t\t\t\t\t\t\t\t\t<div class=\"ova-heading\">\n\t\t\t\t\t\t\t\t\t\t\t\t\t<h3 class=\"special-heading main-color three_font\">Rezervasyon<\/h3>\n\t\t\t\t\t\t\t\t\t\t\t\t\t\t\t\t\t\t\t<h2 class=\"special-heading-1 second_font\">MASA REZERVASYONU<\/h2>\n\t\t\t\t\t\t\t\t\t\t\t<\/div>\n\t\t\t\t\t\t\t\t<\/div>\n\t\t\t\t<\/div>\n\t\t\t\t<div class=\"elementor-element elementor-element-f68b8d5 reservation-hp1 elementor-widget elementor-widget-shortcode\" data-id=\"f68b8d5\" data-element_type=\"widget\" data-widget_type=\"shortcode.default\">\n\t\t\t\t\t\t\t<div class=\"elementor-shortcode\">\n<div class=\"wpcf7 no-js\" id=\"wpcf7-f1379-o1\" lang=\"en-US\" dir=\"ltr\" data-wpcf7-id=\"1379\">\n<div class=\"screen-reader-response\"><p role=\"status\" aria-live=\"polite\" aria-atomic=\"true\"><\/p> <ul><\/ul><\/div>\n<form action=\"\/index.php\/wp-json\/wp\/v2\/pages\/38#wpcf7-f1379-o1\" method=\"post\" class=\"wpcf7-form init\" aria-label=\"Contact form\" novalidate=\"novalidate\" data-status=\"init\">\n<fieldset class=\"hidden-fields-container\"><input type=\"hidden\" name=\"_wpcf7\" value=\"1379\" \/><input type=\"hidden\" name=\"_wpcf7_version\" value=\"6.1.4\" \/><input type=\"hidden\" name=\"_wpcf7_locale\" value=\"en_US\" \/><input type=\"hidden\" name=\"_wpcf7_unit_tag\" value=\"wpcf7-f1379-o1\" \/><input type=\"hidden\" name=\"_wpcf7_container_post\" value=\"0\" \/><input type=\"hidden\" name=\"_wpcf7_posted_data_hash\" value=\"\" \/>\n<\/fieldset>\n<div class=\"container\">\n\t<div class=\"row booking_form_1\">\n\t\t<div class=\"col-md-4 reon-mb\">\n\t\t\t<p><span class=\"wpcf7-form-control-wrap\" data-name=\"your-name\"><input size=\"40\" maxlength=\"400\" class=\"wpcf7-form-control wpcf7-text wpcf7-validates-as-required\" aria-required=\"true\" aria-invalid=\"false\" placeholder=\"your name\" value=\"\" type=\"text\" name=\"your-name\" \/><\/span>\n\t\t\t<\/p>\n\t\t<\/div>\n\t\t<div class=\"col-md-4 reon-mb\">\n\t\t\t<p><span class=\"wpcf7-form-control-wrap\" data-name=\"your-email\"><input size=\"40\" maxlength=\"400\" class=\"wpcf7-form-control wpcf7-email wpcf7-text wpcf7-validates-as-email\" aria-invalid=\"false\" placeholder=\"mail@email.com\" value=\"\" type=\"email\" name=\"your-email\" \/><\/span>\n\t\t\t<\/p>\n\t\t<\/div>\n\t\t<div class=\"col-md-4 reon-mb\">\n\t\t\t<p><span class=\"wpcf7-form-control-wrap\" data-name=\"your-tel\"><input size=\"40\" maxlength=\"400\" class=\"wpcf7-form-control wpcf7-tel wpcf7-validates-as-required wpcf7-text wpcf7-validates-as-tel\" aria-required=\"true\" aria-invalid=\"false\" placeholder=\"+61 45678789\" value=\"\" type=\"tel\" name=\"your-tel\" \/><\/span>\n\t\t\t<\/p>\n\t\t<\/div>\n\t\t<div class=\"col-md-4 reon-mb\">\n\t\t\t<p><span class=\"wpcf7-form-control-wrap\" data-name=\"people\"><select class=\"wpcf7-form-control wpcf7-select wpcf7-validates-as-required input-text\" id=\"people\" aria-required=\"true\" aria-invalid=\"false\" name=\"people\"><option value=\"1 Person\">1 Person<\/option><option value=\"2 Person\">2 Person<\/option><option value=\"3 Person\">3 Person<\/option><option value=\"4 Person\">4 Person<\/option><\/select><\/span>\n\t\t\t<\/p>\n\t\t<\/div>\n\t\t<div class=\"col-md-4 reon-mb\">\n\t\t\t<p><span class=\"wpcf7-form-control-wrap\" data-name=\"date\"><input size=\"40\" maxlength=\"400\" class=\"wpcf7-form-control wpcf7-text wpcf7-validates-as-required date\" aria-required=\"true\" aria-invalid=\"false\" placeholder=\"05\/20\/2019\" value=\"\" type=\"text\" name=\"date\" \/><\/span>\n\t\t\t<\/p>\n\t\t<\/div>\n\t\t<div class=\"col-md-4 reon-mb\">\n\t\t\t<p><span class=\"wpcf7-form-control-wrap\" data-name=\"time\"><select class=\"wpcf7-form-control wpcf7-select wpcf7-validates-as-required input-text\" id=\"time\" aria-required=\"true\" aria-invalid=\"false\" name=\"time\"><option value=\"9:00am\">9:00am<\/option><option value=\"10:00am\">10:00am<\/option><option value=\"11:00am\">11:00am<\/option><option value=\"12:am\">12:am<\/option><option value=\"4:00pm\">4:00pm<\/option><option value=\"5:00pm\">5:00pm<\/option><option value=\"6:00pm\">6:00pm<\/option><option value=\"7:pm\">7:pm<\/option><option value=\"8:00pm\">8:00pm<\/option><option value=\"9:00pm\">9:00pm<\/option><\/select><\/span>\n\t\t\t<\/p>\n\t\t<\/div>\n\t\t<div class=\"col-md-12 text-center reon-mb\">\n\t\t\t<p><input class=\"wpcf7-form-control wpcf7-submit has-spinner submit au-btn au-btn-yellow btn-medium\" type=\"submit\" value=\"BOOK A TABLE\" \/>\n\t\t\t<\/p>\n\t\t<\/div>\n\t<\/div>\n<\/div><div class=\"wpcf7-response-output\" aria-hidden=\"true\"><\/div>\n<\/form>\n<\/div>\n<\/div>\n\t\t\t\t\t\t<\/div>\n\t\t\t\t\t<\/div>\n\t\t<\/div>\n\t\t\t\t\t<\/div>\n\t\t<\/section>\n\t\t\t\t<\/div>\n\t\t","protected":false},"excerpt":{"rendered":"<p>Kahvalt\u0131l\u0131k Pizzalar Tostlar At\u0131\u015ft\u0131rmal\u0131klar STARTER STARTER \u00c7aylar D\u00fcnya Kahveleri Kahveler S\u0131cak Tatlar So\u011fuk \u0130\u00e7ecekler So\u011fuk Kahveler Ana Yemekler Burger Men\u00fc Frozen Frappe Kokteyller Makarnalar Milkshake Salatalar S\u0131cak Tatlar Smoothie Tatl\u0131lar Waffle Payidar Coffe &amp; Lounge Menu Rezervasyon MASA REZERVASYONU<\/p>\n","protected":false},"author":1,"featured_media":0,"parent":0,"menu_order":0,"comment_status":"closed","ping_status":"closed","template":"elementor_header_footer","meta":{"footnotes":""},"class_list":["post-38","page","type-page","status-publish","hentry"],"_links":{"self":[{"href":"https:\/\/payidarcoffeelounge.com\/index.php\/wp-json\/wp\/v2\/pages\/38","targetHints":{"allow":["GET"]}}],"collection":[{"href":"https:\/\/payidarcoffeelounge.com\/index.php\/wp-json\/wp\/v2\/pages"}],"about":[{"href":"https:\/\/payidarcoffeelounge.com\/index.php\/wp-json\/wp\/v2\/types\/page"}],"author":[{"embeddable":true,"href":"https:\/\/payidarcoffeelounge.com\/index.php\/wp-json\/wp\/v2\/users\/1"}],"replies":[{"embeddable":true,"href":"https:\/\/payidarcoffeelounge.com\/index.php\/wp-json\/wp\/v2\/comments?post=38"}],"version-history":[{"count":98,"href":"https:\/\/payidarcoffeelounge.com\/index.php\/wp-json\/wp\/v2\/pages\/38\/revisions"}],"predecessor-version":[{"id":3485,"href":"https:\/\/payidarcoffeelounge.com\/index.php\/wp-json\/wp\/v2\/pages\/38\/revisions\/3485"}],"wp:attachment":[{"href":"https:\/\/payidarcoffeelounge.com\/index.php\/wp-json\/wp\/v2\/media?parent=38"}],"curies":[{"name":"wp","href":"https:\/\/api.w.org\/{rel}","templated":true}]}}