{"id":3476,"date":"2026-02-18T17:30:23","date_gmt":"2026-02-18T17:30:23","guid":{"rendered":"https:\/\/payidarcoffeelounge.com\/?page_id=3476"},"modified":"2026-02-18T17:30:54","modified_gmt":"2026-02-18T17:30:54","slug":"atistirmaliklar","status":"publish","type":"page","link":"https:\/\/payidarcoffeelounge.com\/index.php\/atistirmaliklar\/","title":{"rendered":"At\u0131\u015ft\u0131rmal\u0131klar"},"content":{"rendered":"\t\t<div data-elementor-type=\"wp-page\" data-elementor-id=\"3476\" class=\"elementor elementor-3476\">\n\t\t\t\t<div class=\"elementor-element elementor-element-451d8c0 e-flex e-con-boxed e-con e-parent\" data-id=\"451d8c0\" data-element_type=\"container\">\n\t\t\t\t\t<div class=\"e-con-inner\">\n\t\t\t\t<div class=\"elementor-element elementor-element-f201057 elementor-widget elementor-widget-shortcode\" data-id=\"f201057\" data-element_type=\"widget\" data-widget_type=\"shortcode.default\">\n\t\t\t\t\t\t\t<div class=\"elementor-shortcode\"><div class=\"woocommerce columns-3 \"><ul class=\"products columns-3\">\n<li class=\"product type-product post-3503 status-publish first instock product_cat-atistirmaliklar product_cat-makarnalar has-post-thumbnail shipping-taxable product-type-simple\">\n\t<a href=\"\" class=\"woocommerce-LoopProduct-link woocommerce-loop-product__link\"><img fetchpriority=\"high\" decoding=\"async\" width=\"300\" height=\"300\" src=\"https:\/\/payidarcoffeelounge.com\/wp-content\/uploads\/2026\/02\/Untitled-1-19-300x300.jpg\" class=\"attachment-woocommerce_thumbnail size-woocommerce_thumbnail\" alt=\"Alfredo Makarna\" srcset=\"https:\/\/payidarcoffeelounge.com\/wp-content\/uploads\/2026\/02\/Untitled-1-19-300x300.jpg 300w, https:\/\/payidarcoffeelounge.com\/wp-content\/uploads\/2026\/02\/Untitled-1-19-150x150.jpg 150w, https:\/\/payidarcoffeelounge.com\/wp-content\/uploads\/2026\/02\/Untitled-1-19-100x100.jpg 100w, https:\/\/payidarcoffeelounge.com\/wp-content\/uploads\/2026\/02\/Untitled-1-19.jpg 512w\" sizes=\"(max-width: 300px) 100vw, 300px\" \/><span class=\"cat_product\">At\u0131\u015ft\u0131rmal\u0131klar<\/span> <span class=\"cat_product\">Makarnalar<\/span><h2 class=\"woocommerce-loop-product__title\">Alfredo Makarna<\/h2>\n\t<span class=\"price\"><span class=\"woocommerce-Price-amount amount\"><bdi><span class=\"woocommerce-Price-currencySymbol\">&#8378;<\/span>350,00<\/bdi><\/span><\/span>\n<\/a><a href=\"https:\/\/payidarcoffeelounge.com\/index.php\/product\/alfredo-makarna\/\" aria-describedby=\"woocommerce_loop_add_to_cart_link_describedby_3503\" data-quantity=\"1\" class=\"button product_type_simple\" data-product_id=\"3503\" data-product_sku=\"\" aria-label=\"&ldquo;Alfredo Makarna&rdquo; hakk\u0131nda daha fazla bilgi edinin\" rel=\"nofollow\" data-success_message=\"\">Devam\u0131n\u0131 oku<\/a>\t<span id=\"woocommerce_loop_add_to_cart_link_describedby_3503\" class=\"screen-reader-text\">\n\t\t\t<\/span>\n<\/li>\n<li class=\"product type-product post-3501 status-publish instock product_cat-atistirmaliklar has-post-thumbnail shipping-taxable product-type-simple\">\n\t<a href=\"\" class=\"woocommerce-LoopProduct-link woocommerce-loop-product__link\"><img decoding=\"async\" width=\"300\" height=\"300\" src=\"https:\/\/payidarcoffeelounge.com\/wp-content\/uploads\/2026\/02\/Untitled-1-18-300x300.jpg\" class=\"attachment-woocommerce_thumbnail size-woocommerce_thumbnail\" alt=\"Chicken Fingers\" srcset=\"https:\/\/payidarcoffeelounge.com\/wp-content\/uploads\/2026\/02\/Untitled-1-18-300x300.jpg 300w, https:\/\/payidarcoffeelounge.com\/wp-content\/uploads\/2026\/02\/Untitled-1-18-150x150.jpg 150w, https:\/\/payidarcoffeelounge.com\/wp-content\/uploads\/2026\/02\/Untitled-1-18-100x100.jpg 100w, https:\/\/payidarcoffeelounge.com\/wp-content\/uploads\/2026\/02\/Untitled-1-18.jpg 512w\" sizes=\"(max-width: 300px) 100vw, 300px\" \/><span class=\"cat_product\">At\u0131\u015ft\u0131rmal\u0131klar<\/span><h2 class=\"woocommerce-loop-product__title\">Chicken Fingers<\/h2>\n\t<span class=\"price\"><span class=\"woocommerce-Price-amount amount\"><bdi><span class=\"woocommerce-Price-currencySymbol\">&#8378;<\/span>350,00<\/bdi><\/span><\/span>\n<\/a><a href=\"https:\/\/payidarcoffeelounge.com\/index.php\/product\/chicken-fingers\/\" aria-describedby=\"woocommerce_loop_add_to_cart_link_describedby_3501\" data-quantity=\"1\" class=\"button product_type_simple\" data-product_id=\"3501\" data-product_sku=\"\" aria-label=\"&ldquo;Chicken Fingers&rdquo; hakk\u0131nda daha fazla bilgi edinin\" rel=\"nofollow\" data-success_message=\"\">Devam\u0131n\u0131 oku<\/a>\t<span id=\"woocommerce_loop_add_to_cart_link_describedby_3501\" class=\"screen-reader-text\">\n\t\t\t<\/span>\n<\/li>\n<li class=\"product type-product post-3499 status-publish last instock product_cat-atistirmaliklar has-post-thumbnail shipping-taxable product-type-simple\">\n\t<a href=\"\" class=\"woocommerce-LoopProduct-link woocommerce-loop-product__link\"><img decoding=\"async\" width=\"300\" height=\"300\" src=\"https:\/\/payidarcoffeelounge.com\/wp-content\/uploads\/2026\/02\/Untitled-1-17-300x300.jpg\" class=\"attachment-woocommerce_thumbnail size-woocommerce_thumbnail\" alt=\"Kar\u0131\u015f\u0131k Ba\u015flang\u0131\u00e7 Taba\u011f\u0131\" srcset=\"https:\/\/payidarcoffeelounge.com\/wp-content\/uploads\/2026\/02\/Untitled-1-17-300x300.jpg 300w, https:\/\/payidarcoffeelounge.com\/wp-content\/uploads\/2026\/02\/Untitled-1-17-150x150.jpg 150w, https:\/\/payidarcoffeelounge.com\/wp-content\/uploads\/2026\/02\/Untitled-1-17-100x100.jpg 100w, https:\/\/payidarcoffeelounge.com\/wp-content\/uploads\/2026\/02\/Untitled-1-17.jpg 512w\" sizes=\"(max-width: 300px) 100vw, 300px\" \/><span class=\"cat_product\">At\u0131\u015ft\u0131rmal\u0131klar<\/span><h2 class=\"woocommerce-loop-product__title\">Kar\u0131\u015f\u0131k Ba\u015flang\u0131\u00e7 Taba\u011f\u0131<\/h2>\n\t<span class=\"price\"><span class=\"woocommerce-Price-amount amount\"><bdi><span class=\"woocommerce-Price-currencySymbol\">&#8378;<\/span>380,00<\/bdi><\/span><\/span>\n<\/a><a href=\"https:\/\/payidarcoffeelounge.com\/index.php\/product\/karisik-baslangic-tabagi\/\" aria-describedby=\"woocommerce_loop_add_to_cart_link_describedby_3499\" data-quantity=\"1\" class=\"button product_type_simple\" data-product_id=\"3499\" data-product_sku=\"\" aria-label=\"&ldquo;Kar\u0131\u015f\u0131k Ba\u015flang\u0131\u00e7 Taba\u011f\u0131&rdquo; hakk\u0131nda daha fazla bilgi edinin\" rel=\"nofollow\" data-success_message=\"\">Devam\u0131n\u0131 oku<\/a>\t<span id=\"woocommerce_loop_add_to_cart_link_describedby_3499\" class=\"screen-reader-text\">\n\t\t\t<\/span>\n<\/li>\n<li class=\"product type-product post-3486 status-publish first instock product_cat-atistirmaliklar has-post-thumbnail shipping-taxable product-type-simple\">\n\t<a href=\"\" class=\"woocommerce-LoopProduct-link woocommerce-loop-product__link\"><img loading=\"lazy\" decoding=\"async\" width=\"300\" height=\"300\" src=\"https:\/\/payidarcoffeelounge.com\/wp-content\/uploads\/2026\/02\/Untitled-1-11-300x300.jpg\" class=\"attachment-woocommerce_thumbnail size-woocommerce_thumbnail\" alt=\"Nugget\" srcset=\"https:\/\/payidarcoffeelounge.com\/wp-content\/uploads\/2026\/02\/Untitled-1-11-300x300.jpg 300w, https:\/\/payidarcoffeelounge.com\/wp-content\/uploads\/2026\/02\/Untitled-1-11-150x150.jpg 150w, https:\/\/payidarcoffeelounge.com\/wp-content\/uploads\/2026\/02\/Untitled-1-11-100x100.jpg 100w, https:\/\/payidarcoffeelounge.com\/wp-content\/uploads\/2026\/02\/Untitled-1-11.jpg 512w\" sizes=\"(max-width: 300px) 100vw, 300px\" \/><span class=\"cat_product\">At\u0131\u015ft\u0131rmal\u0131klar<\/span><h2 class=\"woocommerce-loop-product__title\">Nugget<\/h2>\n\t<span class=\"price\"><span class=\"woocommerce-Price-amount amount\"><bdi><span class=\"woocommerce-Price-currencySymbol\">&#8378;<\/span>200,00<\/bdi><\/span><\/span>\n<\/a><a href=\"https:\/\/payidarcoffeelounge.com\/index.php\/product\/nugget\/\" aria-describedby=\"woocommerce_loop_add_to_cart_link_describedby_3486\" data-quantity=\"1\" class=\"button product_type_simple\" data-product_id=\"3486\" data-product_sku=\"\" aria-label=\"&ldquo;Nugget&rdquo; hakk\u0131nda daha fazla bilgi edinin\" rel=\"nofollow\" data-success_message=\"\">Devam\u0131n\u0131 oku<\/a>\t<span id=\"woocommerce_loop_add_to_cart_link_describedby_3486\" class=\"screen-reader-text\">\n\t\t\t<\/span>\n<\/li>\n<li class=\"product type-product post-3497 status-publish instock product_cat-atistirmaliklar has-post-thumbnail shipping-taxable product-type-simple\">\n\t<a href=\"\" class=\"woocommerce-LoopProduct-link woocommerce-loop-product__link\"><img loading=\"lazy\" decoding=\"async\" width=\"300\" height=\"300\" src=\"https:\/\/payidarcoffeelounge.com\/wp-content\/uploads\/2026\/02\/Untitled-1-16-300x300.jpg\" class=\"attachment-woocommerce_thumbnail size-woocommerce_thumbnail\" alt=\"Patates K\u0131zartmas\u0131\" srcset=\"https:\/\/payidarcoffeelounge.com\/wp-content\/uploads\/2026\/02\/Untitled-1-16-300x300.jpg 300w, https:\/\/payidarcoffeelounge.com\/wp-content\/uploads\/2026\/02\/Untitled-1-16-150x150.jpg 150w, https:\/\/payidarcoffeelounge.com\/wp-content\/uploads\/2026\/02\/Untitled-1-16-100x100.jpg 100w, https:\/\/payidarcoffeelounge.com\/wp-content\/uploads\/2026\/02\/Untitled-1-16.jpg 512w\" sizes=\"(max-width: 300px) 100vw, 300px\" \/><span class=\"cat_product\">At\u0131\u015ft\u0131rmal\u0131klar<\/span><h2 class=\"woocommerce-loop-product__title\">Patates K\u0131zartmas\u0131<\/h2>\n\t<span class=\"price\"><span class=\"woocommerce-Price-amount amount\"><bdi><span class=\"woocommerce-Price-currencySymbol\">&#8378;<\/span>300,00<\/bdi><\/span><\/span>\n<\/a><a href=\"https:\/\/payidarcoffeelounge.com\/index.php\/product\/patates-kizartmasi\/\" aria-describedby=\"woocommerce_loop_add_to_cart_link_describedby_3497\" data-quantity=\"1\" class=\"button product_type_simple\" data-product_id=\"3497\" data-product_sku=\"\" aria-label=\"&ldquo;Patates K\u0131zartmas\u0131&rdquo; hakk\u0131nda daha fazla bilgi edinin\" rel=\"nofollow\" data-success_message=\"\">Devam\u0131n\u0131 oku<\/a>\t<span id=\"woocommerce_loop_add_to_cart_link_describedby_3497\" class=\"screen-reader-text\">\n\t\t\t<\/span>\n<\/li>\n<li class=\"product type-product post-3495 status-publish last instock product_cat-atistirmaliklar has-post-thumbnail shipping-taxable product-type-simple\">\n\t<a href=\"\" class=\"woocommerce-LoopProduct-link woocommerce-loop-product__link\"><img loading=\"lazy\" decoding=\"async\" width=\"300\" height=\"300\" src=\"https:\/\/payidarcoffeelounge.com\/wp-content\/uploads\/2026\/02\/Untitled-1-15-300x300.jpg\" class=\"attachment-woocommerce_thumbnail size-woocommerce_thumbnail\" alt=\"Patates Kroket\" srcset=\"https:\/\/payidarcoffeelounge.com\/wp-content\/uploads\/2026\/02\/Untitled-1-15-300x300.jpg 300w, https:\/\/payidarcoffeelounge.com\/wp-content\/uploads\/2026\/02\/Untitled-1-15-150x150.jpg 150w, https:\/\/payidarcoffeelounge.com\/wp-content\/uploads\/2026\/02\/Untitled-1-15-100x100.jpg 100w, https:\/\/payidarcoffeelounge.com\/wp-content\/uploads\/2026\/02\/Untitled-1-15.jpg 512w\" sizes=\"(max-width: 300px) 100vw, 300px\" \/><span class=\"cat_product\">At\u0131\u015ft\u0131rmal\u0131klar<\/span><h2 class=\"woocommerce-loop-product__title\">Patates Kroket<\/h2>\n\t<span class=\"price\"><span class=\"woocommerce-Price-amount amount\"><bdi><span class=\"woocommerce-Price-currencySymbol\">&#8378;<\/span>200,00<\/bdi><\/span><\/span>\n<\/a><a href=\"https:\/\/payidarcoffeelounge.com\/index.php\/product\/patates-kroket\/\" aria-describedby=\"woocommerce_loop_add_to_cart_link_describedby_3495\" data-quantity=\"1\" class=\"button product_type_simple\" data-product_id=\"3495\" data-product_sku=\"\" aria-label=\"&ldquo;Patates Kroket&rdquo; hakk\u0131nda daha fazla bilgi edinin\" rel=\"nofollow\" data-success_message=\"\">Devam\u0131n\u0131 oku<\/a>\t<span id=\"woocommerce_loop_add_to_cart_link_describedby_3495\" class=\"screen-reader-text\">\n\t\t\t<\/span>\n<\/li>\n<li class=\"product type-product post-3490 status-publish first instock product_cat-atistirmaliklar has-post-thumbnail shipping-taxable product-type-simple\">\n\t<a href=\"\" class=\"woocommerce-LoopProduct-link woocommerce-loop-product__link\"><img loading=\"lazy\" decoding=\"async\" width=\"300\" height=\"300\" src=\"https:\/\/payidarcoffeelounge.com\/wp-content\/uploads\/2026\/02\/Untitled-1-13-300x300.jpg\" class=\"attachment-woocommerce_thumbnail size-woocommerce_thumbnail\" alt=\"Sigara B\u00f6re\u011fi\" srcset=\"https:\/\/payidarcoffeelounge.com\/wp-content\/uploads\/2026\/02\/Untitled-1-13-300x300.jpg 300w, https:\/\/payidarcoffeelounge.com\/wp-content\/uploads\/2026\/02\/Untitled-1-13-150x150.jpg 150w, https:\/\/payidarcoffeelounge.com\/wp-content\/uploads\/2026\/02\/Untitled-1-13-100x100.jpg 100w, https:\/\/payidarcoffeelounge.com\/wp-content\/uploads\/2026\/02\/Untitled-1-13.jpg 512w\" sizes=\"(max-width: 300px) 100vw, 300px\" \/><span class=\"cat_product\">At\u0131\u015ft\u0131rmal\u0131klar<\/span><h2 class=\"woocommerce-loop-product__title\">Sigara B\u00f6re\u011fi<\/h2>\n\t<span class=\"price\"><span class=\"woocommerce-Price-amount amount\"><bdi><span class=\"woocommerce-Price-currencySymbol\">&#8378;<\/span>200,00<\/bdi><\/span><\/span>\n<\/a><a href=\"https:\/\/payidarcoffeelounge.com\/index.php\/product\/sigara-boregi\/\" aria-describedby=\"woocommerce_loop_add_to_cart_link_describedby_3490\" data-quantity=\"1\" class=\"button product_type_simple\" data-product_id=\"3490\" data-product_sku=\"\" aria-label=\"&ldquo;Sigara B\u00f6re\u011fi&rdquo; hakk\u0131nda daha fazla bilgi edinin\" rel=\"nofollow\" data-success_message=\"\">Devam\u0131n\u0131 oku<\/a>\t<span id=\"woocommerce_loop_add_to_cart_link_describedby_3490\" class=\"screen-reader-text\">\n\t\t\t<\/span>\n<\/li>\n<li class=\"product type-product post-3492 status-publish instock product_cat-atistirmaliklar has-post-thumbnail shipping-taxable product-type-simple\">\n\t<a href=\"\" class=\"woocommerce-LoopProduct-link woocommerce-loop-product__link\"><img loading=\"lazy\" decoding=\"async\" width=\"300\" height=\"300\" src=\"https:\/\/payidarcoffeelounge.com\/wp-content\/uploads\/2026\/02\/Untitled-1-14-300x300.jpg\" class=\"attachment-woocommerce_thumbnail size-woocommerce_thumbnail\" alt=\"So\u011fan Halkas\u0131\" srcset=\"https:\/\/payidarcoffeelounge.com\/wp-content\/uploads\/2026\/02\/Untitled-1-14-300x300.jpg 300w, https:\/\/payidarcoffeelounge.com\/wp-content\/uploads\/2026\/02\/Untitled-1-14-150x150.jpg 150w, https:\/\/payidarcoffeelounge.com\/wp-content\/uploads\/2026\/02\/Untitled-1-14-100x100.jpg 100w, https:\/\/payidarcoffeelounge.com\/wp-content\/uploads\/2026\/02\/Untitled-1-14.jpg 512w\" sizes=\"(max-width: 300px) 100vw, 300px\" \/><span class=\"cat_product\">At\u0131\u015ft\u0131rmal\u0131klar<\/span><h2 class=\"woocommerce-loop-product__title\">So\u011fan Halkas\u0131<\/h2>\n\t<span class=\"price\"><span class=\"woocommerce-Price-amount amount\"><bdi><span class=\"woocommerce-Price-currencySymbol\">&#8378;<\/span>200,00<\/bdi><\/span><\/span>\n<\/a><a href=\"https:\/\/payidarcoffeelounge.com\/index.php\/product\/sogan-halkasi\/\" aria-describedby=\"woocommerce_loop_add_to_cart_link_describedby_3492\" data-quantity=\"1\" class=\"button product_type_simple\" data-product_id=\"3492\" data-product_sku=\"\" aria-label=\"&ldquo;So\u011fan Halkas\u0131&rdquo; hakk\u0131nda daha fazla bilgi edinin\" rel=\"nofollow\" data-success_message=\"\">Devam\u0131n\u0131 oku<\/a>\t<span id=\"woocommerce_loop_add_to_cart_link_describedby_3492\" class=\"screen-reader-text\">\n\t\t\t<\/span>\n<\/li>\n<li class=\"product type-product post-3488 status-publish last instock product_cat-atistirmaliklar has-post-thumbnail shipping-taxable product-type-simple\">\n\t<a href=\"\" class=\"woocommerce-LoopProduct-link woocommerce-loop-product__link\"><img loading=\"lazy\" decoding=\"async\" width=\"300\" height=\"300\" src=\"https:\/\/payidarcoffeelounge.com\/wp-content\/uploads\/2026\/02\/Untitled-1-12-300x300.jpg\" class=\"attachment-woocommerce_thumbnail size-woocommerce_thumbnail\" alt=\"Sosis\" srcset=\"https:\/\/payidarcoffeelounge.com\/wp-content\/uploads\/2026\/02\/Untitled-1-12-300x300.jpg 300w, https:\/\/payidarcoffeelounge.com\/wp-content\/uploads\/2026\/02\/Untitled-1-12-150x150.jpg 150w, https:\/\/payidarcoffeelounge.com\/wp-content\/uploads\/2026\/02\/Untitled-1-12-100x100.jpg 100w, https:\/\/payidarcoffeelounge.com\/wp-content\/uploads\/2026\/02\/Untitled-1-12.jpg 512w\" sizes=\"(max-width: 300px) 100vw, 300px\" \/><span class=\"cat_product\">At\u0131\u015ft\u0131rmal\u0131klar<\/span><h2 class=\"woocommerce-loop-product__title\">Sosis<\/h2>\n\t<span class=\"price\"><span class=\"woocommerce-Price-amount amount\"><bdi><span class=\"woocommerce-Price-currencySymbol\">&#8378;<\/span>200,00<\/bdi><\/span><\/span>\n<\/a><a href=\"https:\/\/payidarcoffeelounge.com\/index.php\/product\/sosis\/\" aria-describedby=\"woocommerce_loop_add_to_cart_link_describedby_3488\" data-quantity=\"1\" class=\"button product_type_simple\" data-product_id=\"3488\" data-product_sku=\"\" aria-label=\"&ldquo;Sosis&rdquo; hakk\u0131nda daha fazla bilgi edinin\" rel=\"nofollow\" data-success_message=\"\">Devam\u0131n\u0131 oku<\/a>\t<span id=\"woocommerce_loop_add_to_cart_link_describedby_3488\" class=\"screen-reader-text\">\n\t\t\t<\/span>\n<\/li>\n<\/ul>\n<\/div><\/div>\n\t\t\t\t\t\t<\/div>\n\t\t\t\t\t<\/div>\n\t\t\t\t<\/div>\n\t\t\t\t<\/div>\n\t\t","protected":false},"excerpt":{"rendered":"","protected":false},"author":1,"featured_media":0,"parent":0,"menu_order":0,"comment_status":"closed","ping_status":"closed","template":"","meta":{"footnotes":""},"class_list":["post-3476","page","type-page","status-publish","hentry"],"_links":{"self":[{"href":"https:\/\/payidarcoffeelounge.com\/index.php\/wp-json\/wp\/v2\/pages\/3476","targetHints":{"allow":["GET"]}}],"collection":[{"href":"https:\/\/payidarcoffeelounge.com\/index.php\/wp-json\/wp\/v2\/pages"}],"about":[{"href":"https:\/\/payidarcoffeelounge.com\/index.php\/wp-json\/wp\/v2\/types\/page"}],"author":[{"embeddable":true,"href":"https:\/\/payidarcoffeelounge.com\/index.php\/wp-json\/wp\/v2\/users\/1"}],"replies":[{"embeddable":true,"href":"https:\/\/payidarcoffeelounge.com\/index.php\/wp-json\/wp\/v2\/comments?post=3476"}],"version-history":[{"count":4,"href":"https:\/\/payidarcoffeelounge.com\/index.php\/wp-json\/wp\/v2\/pages\/3476\/revisions"}],"predecessor-version":[{"id":3480,"href":"https:\/\/payidarcoffeelounge.com\/index.php\/wp-json\/wp\/v2\/pages\/3476\/revisions\/3480"}],"wp:attachment":[{"href":"https:\/\/payidarcoffeelounge.com\/index.php\/wp-json\/wp\/v2\/media?parent=3476"}],"curies":[{"name":"wp","href":"https:\/\/api.w.org\/{rel}","templated":true}]}}