{"id":3435,"date":"2026-02-17T22:07:09","date_gmt":"2026-02-17T22:07:09","guid":{"rendered":"https:\/\/payidarcoffeelounge.com\/?page_id=3435"},"modified":"2026-02-17T22:07:38","modified_gmt":"2026-02-17T22:07:38","slug":"pizzalar-2","status":"publish","type":"page","link":"https:\/\/payidarcoffeelounge.com\/index.php\/pizzalar-2\/","title":{"rendered":"Pizzalar"},"content":{"rendered":"\t\t<div data-elementor-type=\"wp-page\" data-elementor-id=\"3435\" class=\"elementor elementor-3435\">\n\t\t\t\t<div class=\"elementor-element elementor-element-5610bfa e-flex e-con-boxed e-con e-parent\" data-id=\"5610bfa\" data-element_type=\"container\">\n\t\t\t\t\t<div class=\"e-con-inner\">\n\t\t\t\t<div class=\"elementor-element elementor-element-fc27af0 elementor-widget elementor-widget-shortcode\" data-id=\"fc27af0\" data-element_type=\"widget\" data-widget_type=\"shortcode.default\">\n\t\t\t\t\t\t\t<div class=\"elementor-shortcode\"><div class=\"woocommerce columns-3 \"><ul class=\"products columns-3\">\n<li class=\"product type-product post-3450 status-publish first instock product_cat-pizzalar has-post-thumbnail shipping-taxable product-type-simple\">\n\t<a href=\"\" class=\"woocommerce-LoopProduct-link woocommerce-loop-product__link\"><img fetchpriority=\"high\" decoding=\"async\" width=\"300\" height=\"300\" src=\"https:\/\/payidarcoffeelounge.com\/wp-content\/uploads\/2026\/02\/Untitled-1-6-300x300.jpg\" class=\"attachment-woocommerce_thumbnail size-woocommerce_thumbnail\" alt=\"Payidar Kar\u0131\u015f\u0131k Pizza\" srcset=\"https:\/\/payidarcoffeelounge.com\/wp-content\/uploads\/2026\/02\/Untitled-1-6-300x300.jpg 300w, https:\/\/payidarcoffeelounge.com\/wp-content\/uploads\/2026\/02\/Untitled-1-6-150x150.jpg 150w, https:\/\/payidarcoffeelounge.com\/wp-content\/uploads\/2026\/02\/Untitled-1-6-100x100.jpg 100w, https:\/\/payidarcoffeelounge.com\/wp-content\/uploads\/2026\/02\/Untitled-1-6.jpg 512w\" sizes=\"(max-width: 300px) 100vw, 300px\" \/><span class=\"cat_product\">Pizzalar<\/span><h2 class=\"woocommerce-loop-product__title\">Payidar Kar\u0131\u015f\u0131k Pizza<\/h2>\n\t<span class=\"price\"><span class=\"woocommerce-Price-amount amount\"><bdi><span class=\"woocommerce-Price-currencySymbol\">&#8378;<\/span>470,00<\/bdi><\/span><\/span>\n<\/a><a href=\"https:\/\/payidarcoffeelounge.com\/index.php\/product\/payidar-karisik-pizza\/\" aria-describedby=\"woocommerce_loop_add_to_cart_link_describedby_3450\" data-quantity=\"1\" class=\"button product_type_simple\" data-product_id=\"3450\" data-product_sku=\"\" aria-label=\"&ldquo;Payidar Kar\u0131\u015f\u0131k Pizza&rdquo; hakk\u0131nda daha fazla bilgi edinin\" rel=\"nofollow\" data-success_message=\"\">Devam\u0131n\u0131 oku<\/a>\t<span id=\"woocommerce_loop_add_to_cart_link_describedby_3450\" class=\"screen-reader-text\">\n\t\t\t<\/span>\n<\/li>\n<li class=\"product type-product post-3447 status-publish instock product_cat-pizzalar has-post-thumbnail shipping-taxable product-type-simple\">\n\t<a href=\"\" class=\"woocommerce-LoopProduct-link woocommerce-loop-product__link\"><img decoding=\"async\" width=\"300\" height=\"300\" src=\"https:\/\/payidarcoffeelounge.com\/wp-content\/uploads\/2026\/02\/Untitled-1-6-300x300.jpg\" class=\"attachment-woocommerce_thumbnail size-woocommerce_thumbnail\" alt=\"Tavuk Etli Pizza\" srcset=\"https:\/\/payidarcoffeelounge.com\/wp-content\/uploads\/2026\/02\/Untitled-1-6-300x300.jpg 300w, https:\/\/payidarcoffeelounge.com\/wp-content\/uploads\/2026\/02\/Untitled-1-6-150x150.jpg 150w, https:\/\/payidarcoffeelounge.com\/wp-content\/uploads\/2026\/02\/Untitled-1-6-100x100.jpg 100w, https:\/\/payidarcoffeelounge.com\/wp-content\/uploads\/2026\/02\/Untitled-1-6.jpg 512w\" sizes=\"(max-width: 300px) 100vw, 300px\" \/><span class=\"cat_product\">Pizzalar<\/span><h2 class=\"woocommerce-loop-product__title\">Tavuk Etli Pizza<\/h2>\n\t<span class=\"price\"><span class=\"woocommerce-Price-amount amount\"><bdi><span class=\"woocommerce-Price-currencySymbol\">&#8378;<\/span>470,00<\/bdi><\/span><\/span>\n<\/a><a href=\"https:\/\/payidarcoffeelounge.com\/index.php\/product\/tavuk-etli-pizza\/\" aria-describedby=\"woocommerce_loop_add_to_cart_link_describedby_3447\" data-quantity=\"1\" class=\"button product_type_simple\" data-product_id=\"3447\" data-product_sku=\"\" aria-label=\"&ldquo;Tavuk Etli Pizza&rdquo; hakk\u0131nda daha fazla bilgi edinin\" rel=\"nofollow\" data-success_message=\"\">Devam\u0131n\u0131 oku<\/a>\t<span id=\"woocommerce_loop_add_to_cart_link_describedby_3447\" class=\"screen-reader-text\">\n\t\t\t<\/span>\n<\/li>\n<li class=\"product type-product post-3449 status-publish last instock product_cat-pizzalar has-post-thumbnail shipping-taxable product-type-simple\">\n\t<a href=\"\" class=\"woocommerce-LoopProduct-link woocommerce-loop-product__link\"><img decoding=\"async\" width=\"300\" height=\"300\" src=\"https:\/\/payidarcoffeelounge.com\/wp-content\/uploads\/2026\/02\/Untitled-1-6-300x300.jpg\" class=\"attachment-woocommerce_thumbnail size-woocommerce_thumbnail\" alt=\"Ton Bal\u0131kl\u0131 Pizza\" srcset=\"https:\/\/payidarcoffeelounge.com\/wp-content\/uploads\/2026\/02\/Untitled-1-6-300x300.jpg 300w, https:\/\/payidarcoffeelounge.com\/wp-content\/uploads\/2026\/02\/Untitled-1-6-150x150.jpg 150w, https:\/\/payidarcoffeelounge.com\/wp-content\/uploads\/2026\/02\/Untitled-1-6-100x100.jpg 100w, https:\/\/payidarcoffeelounge.com\/wp-content\/uploads\/2026\/02\/Untitled-1-6.jpg 512w\" sizes=\"(max-width: 300px) 100vw, 300px\" \/><span class=\"cat_product\">Pizzalar<\/span><h2 class=\"woocommerce-loop-product__title\">Ton Bal\u0131kl\u0131 Pizza<\/h2>\n\t<span class=\"price\"><span class=\"woocommerce-Price-amount amount\"><bdi><span class=\"woocommerce-Price-currencySymbol\">&#8378;<\/span>470,00<\/bdi><\/span><\/span>\n<\/a><a href=\"https:\/\/payidarcoffeelounge.com\/index.php\/product\/ton-balikli-pizza\/\" aria-describedby=\"woocommerce_loop_add_to_cart_link_describedby_3449\" data-quantity=\"1\" class=\"button product_type_simple\" data-product_id=\"3449\" data-product_sku=\"\" aria-label=\"&ldquo;Ton Bal\u0131kl\u0131 Pizza&rdquo; hakk\u0131nda daha fazla bilgi edinin\" rel=\"nofollow\" data-success_message=\"\">Devam\u0131n\u0131 oku<\/a>\t<span id=\"woocommerce_loop_add_to_cart_link_describedby_3449\" class=\"screen-reader-text\">\n\t\t\t<\/span>\n<\/li>\n<\/ul>\n<\/div><\/div>\n\t\t\t\t\t\t<\/div>\n\t\t\t\t\t<\/div>\n\t\t\t\t<\/div>\n\t\t\t\t<\/div>\n\t\t","protected":false},"excerpt":{"rendered":"","protected":false},"author":1,"featured_media":0,"parent":0,"menu_order":0,"comment_status":"closed","ping_status":"closed","template":"","meta":{"footnotes":""},"class_list":["post-3435","page","type-page","status-publish","hentry"],"_links":{"self":[{"href":"https:\/\/payidarcoffeelounge.com\/index.php\/wp-json\/wp\/v2\/pages\/3435","targetHints":{"allow":["GET"]}}],"collection":[{"href":"https:\/\/payidarcoffeelounge.com\/index.php\/wp-json\/wp\/v2\/pages"}],"about":[{"href":"https:\/\/payidarcoffeelounge.com\/index.php\/wp-json\/wp\/v2\/types\/page"}],"author":[{"embeddable":true,"href":"https:\/\/payidarcoffeelounge.com\/index.php\/wp-json\/wp\/v2\/users\/1"}],"replies":[{"embeddable":true,"href":"https:\/\/payidarcoffeelounge.com\/index.php\/wp-json\/wp\/v2\/comments?post=3435"}],"version-history":[{"count":4,"href":"https:\/\/payidarcoffeelounge.com\/index.php\/wp-json\/wp\/v2\/pages\/3435\/revisions"}],"predecessor-version":[{"id":3439,"href":"https:\/\/payidarcoffeelounge.com\/index.php\/wp-json\/wp\/v2\/pages\/3435\/revisions\/3439"}],"wp:attachment":[{"href":"https:\/\/payidarcoffeelounge.com\/index.php\/wp-json\/wp\/v2\/media?parent=3435"}],"curies":[{"name":"wp","href":"https:\/\/api.w.org\/{rel}","templated":true}]}}