{"id":3421,"date":"2026-02-17T21:46:21","date_gmt":"2026-02-17T21:46:21","guid":{"rendered":"https:\/\/payidarcoffeelounge.com\/?page_id=3421"},"modified":"2026-02-17T21:46:52","modified_gmt":"2026-02-17T21:46:52","slug":"kahvaltilik","status":"publish","type":"page","link":"https:\/\/payidarcoffeelounge.com\/index.php\/kahvaltilik\/","title":{"rendered":"Kahvalt\u0131l\u0131k"},"content":{"rendered":"\t\t<div data-elementor-type=\"wp-page\" data-elementor-id=\"3421\" class=\"elementor elementor-3421\">\n\t\t\t\t<div class=\"elementor-element elementor-element-1d20ba9 e-flex e-con-boxed e-con e-parent\" data-id=\"1d20ba9\" data-element_type=\"container\">\n\t\t\t\t\t<div class=\"e-con-inner\">\n\t\t\t\t<div class=\"elementor-element elementor-element-3deb74c elementor-widget elementor-widget-shortcode\" data-id=\"3deb74c\" data-element_type=\"widget\" data-widget_type=\"shortcode.default\">\n\t\t\t\t\t\t\t<div class=\"elementor-shortcode\"><div class=\"woocommerce columns-3 \"><ul class=\"products columns-3\">\n<li class=\"product type-product post-3426 status-publish first instock product_cat-kahvaltilik product_cat-uncategorized has-post-thumbnail shipping-taxable product-type-simple\">\n\t<a href=\"\" class=\"woocommerce-LoopProduct-link woocommerce-loop-product__link\"><img fetchpriority=\"high\" decoding=\"async\" width=\"300\" height=\"300\" src=\"https:\/\/payidarcoffeelounge.com\/wp-content\/uploads\/2026\/02\/Untitled-1-1-300x300.jpg\" class=\"attachment-woocommerce_thumbnail size-woocommerce_thumbnail\" alt=\"Kahvalt\u0131 Taba\u011f\u0131\" srcset=\"https:\/\/payidarcoffeelounge.com\/wp-content\/uploads\/2026\/02\/Untitled-1-1-300x300.jpg 300w, https:\/\/payidarcoffeelounge.com\/wp-content\/uploads\/2026\/02\/Untitled-1-1-150x150.jpg 150w, https:\/\/payidarcoffeelounge.com\/wp-content\/uploads\/2026\/02\/Untitled-1-1-100x100.jpg 100w, https:\/\/payidarcoffeelounge.com\/wp-content\/uploads\/2026\/02\/Untitled-1-1.jpg 512w\" sizes=\"(max-width: 300px) 100vw, 300px\" \/><span class=\"cat_product\">Kahvalt\u0131l\u0131k<\/span> <span class=\"cat_product\">Uncategorized<\/span><h2 class=\"woocommerce-loop-product__title\">Kahvalt\u0131 Taba\u011f\u0131<\/h2>\n\t<span class=\"price\"><span class=\"woocommerce-Price-amount amount\"><bdi><span class=\"woocommerce-Price-currencySymbol\">&#8378;<\/span>450,00<\/bdi><\/span><\/span>\n<\/a><a href=\"https:\/\/payidarcoffeelounge.com\/index.php\/product\/kahvalti-tabagi\/\" aria-describedby=\"woocommerce_loop_add_to_cart_link_describedby_3426\" data-quantity=\"1\" class=\"button product_type_simple\" data-product_id=\"3426\" data-product_sku=\"\" aria-label=\"&ldquo;Kahvalt\u0131 Taba\u011f\u0131&rdquo; hakk\u0131nda daha fazla bilgi edinin\" rel=\"nofollow\" data-success_message=\"\">Devam\u0131n\u0131 oku<\/a>\t<span id=\"woocommerce_loop_add_to_cart_link_describedby_3426\" class=\"screen-reader-text\">\n\t\t\t<\/span>\n<\/li>\n<li class=\"product type-product post-3455 status-publish instock product_cat-kahvaltilik has-post-thumbnail shipping-taxable product-type-simple\">\n\t<a href=\"\" class=\"woocommerce-LoopProduct-link woocommerce-loop-product__link\"><img decoding=\"async\" width=\"300\" height=\"300\" src=\"https:\/\/payidarcoffeelounge.com\/wp-content\/uploads\/2026\/02\/Untitled-1-7-300x300.jpg\" class=\"attachment-woocommerce_thumbnail size-woocommerce_thumbnail\" alt=\"Kar\u0131\u015f\u0131k Omlet\" srcset=\"https:\/\/payidarcoffeelounge.com\/wp-content\/uploads\/2026\/02\/Untitled-1-7-300x300.jpg 300w, https:\/\/payidarcoffeelounge.com\/wp-content\/uploads\/2026\/02\/Untitled-1-7-150x150.jpg 150w, https:\/\/payidarcoffeelounge.com\/wp-content\/uploads\/2026\/02\/Untitled-1-7-100x100.jpg 100w, https:\/\/payidarcoffeelounge.com\/wp-content\/uploads\/2026\/02\/Untitled-1-7.jpg 512w\" sizes=\"(max-width: 300px) 100vw, 300px\" \/><span class=\"cat_product\">Kahvalt\u0131l\u0131k<\/span><h2 class=\"woocommerce-loop-product__title\">Kar\u0131\u015f\u0131k Omlet<\/h2>\n\t<span class=\"price\"><span class=\"woocommerce-Price-amount amount\"><bdi><span class=\"woocommerce-Price-currencySymbol\">&#8378;<\/span>250,00<\/bdi><\/span><\/span>\n<\/a><a href=\"https:\/\/payidarcoffeelounge.com\/index.php\/product\/karisik-omlet\/\" aria-describedby=\"woocommerce_loop_add_to_cart_link_describedby_3455\" data-quantity=\"1\" class=\"button product_type_simple\" data-product_id=\"3455\" data-product_sku=\"\" aria-label=\"&ldquo;Kar\u0131\u015f\u0131k Omlet&rdquo; hakk\u0131nda daha fazla bilgi edinin\" rel=\"nofollow\" data-success_message=\"\">Devam\u0131n\u0131 oku<\/a>\t<span id=\"woocommerce_loop_add_to_cart_link_describedby_3455\" class=\"screen-reader-text\">\n\t\t\t<\/span>\n<\/li>\n<li class=\"product type-product post-3453 status-publish last instock product_cat-kahvaltilik has-post-thumbnail shipping-taxable product-type-simple\">\n\t<a href=\"\" class=\"woocommerce-LoopProduct-link woocommerce-loop-product__link\"><img decoding=\"async\" width=\"300\" height=\"300\" src=\"https:\/\/payidarcoffeelounge.com\/wp-content\/uploads\/2026\/02\/Untitled-1-7-300x300.jpg\" class=\"attachment-woocommerce_thumbnail size-woocommerce_thumbnail\" alt=\"Ka\u015farl\u0131 Omlet\" srcset=\"https:\/\/payidarcoffeelounge.com\/wp-content\/uploads\/2026\/02\/Untitled-1-7-300x300.jpg 300w, https:\/\/payidarcoffeelounge.com\/wp-content\/uploads\/2026\/02\/Untitled-1-7-150x150.jpg 150w, https:\/\/payidarcoffeelounge.com\/wp-content\/uploads\/2026\/02\/Untitled-1-7-100x100.jpg 100w, https:\/\/payidarcoffeelounge.com\/wp-content\/uploads\/2026\/02\/Untitled-1-7.jpg 512w\" sizes=\"(max-width: 300px) 100vw, 300px\" \/><span class=\"cat_product\">Kahvalt\u0131l\u0131k<\/span><h2 class=\"woocommerce-loop-product__title\">Ka\u015farl\u0131 Omlet<\/h2>\n\t<span class=\"price\"><span class=\"woocommerce-Price-amount amount\"><bdi><span class=\"woocommerce-Price-currencySymbol\">&#8378;<\/span>250,00<\/bdi><\/span><\/span>\n<\/a><a href=\"https:\/\/payidarcoffeelounge.com\/index.php\/product\/kasarli-omlet\/\" aria-describedby=\"woocommerce_loop_add_to_cart_link_describedby_3453\" data-quantity=\"1\" class=\"button product_type_simple\" data-product_id=\"3453\" data-product_sku=\"\" aria-label=\"&ldquo;Ka\u015farl\u0131 Omlet&rdquo; hakk\u0131nda daha fazla bilgi edinin\" rel=\"nofollow\" data-success_message=\"\">Devam\u0131n\u0131 oku<\/a>\t<span id=\"woocommerce_loop_add_to_cart_link_describedby_3453\" class=\"screen-reader-text\">\n\t\t\t<\/span>\n<\/li>\n<li class=\"product type-product post-3432 status-publish first instock product_cat-kahvaltilik has-post-thumbnail shipping-taxable product-type-simple\">\n\t<a href=\"\" class=\"woocommerce-LoopProduct-link woocommerce-loop-product__link\"><img loading=\"lazy\" decoding=\"async\" width=\"300\" height=\"300\" src=\"https:\/\/payidarcoffeelounge.com\/wp-content\/uploads\/2026\/02\/Untitled-1-4-300x300.jpg\" class=\"attachment-woocommerce_thumbnail size-woocommerce_thumbnail\" alt=\"K\u0131ymal\u0131 Yumurta\" srcset=\"https:\/\/payidarcoffeelounge.com\/wp-content\/uploads\/2026\/02\/Untitled-1-4-300x300.jpg 300w, https:\/\/payidarcoffeelounge.com\/wp-content\/uploads\/2026\/02\/Untitled-1-4-150x150.jpg 150w, https:\/\/payidarcoffeelounge.com\/wp-content\/uploads\/2026\/02\/Untitled-1-4-100x100.jpg 100w, https:\/\/payidarcoffeelounge.com\/wp-content\/uploads\/2026\/02\/Untitled-1-4.jpg 512w\" sizes=\"(max-width: 300px) 100vw, 300px\" \/><span class=\"cat_product\">Kahvalt\u0131l\u0131k<\/span><h2 class=\"woocommerce-loop-product__title\">K\u0131ymal\u0131 Yumurta<\/h2>\n\t<span class=\"price\"><span class=\"woocommerce-Price-amount amount\"><bdi><span class=\"woocommerce-Price-currencySymbol\">&#8378;<\/span>250,00<\/bdi><\/span><\/span>\n<\/a><a href=\"https:\/\/payidarcoffeelounge.com\/index.php\/product\/kiymali-yumurta\/\" aria-describedby=\"woocommerce_loop_add_to_cart_link_describedby_3432\" data-quantity=\"1\" class=\"button product_type_simple\" data-product_id=\"3432\" data-product_sku=\"\" aria-label=\"&ldquo;K\u0131ymal\u0131 Yumurta&rdquo; hakk\u0131nda daha fazla bilgi edinin\" rel=\"nofollow\" data-success_message=\"\">Devam\u0131n\u0131 oku<\/a>\t<span id=\"woocommerce_loop_add_to_cart_link_describedby_3432\" class=\"screen-reader-text\">\n\t\t\t<\/span>\n<\/li>\n<li class=\"product type-product post-3428 status-publish instock product_cat-kahvaltilik has-post-thumbnail shipping-taxable product-type-simple\">\n\t<a href=\"\" class=\"woocommerce-LoopProduct-link woocommerce-loop-product__link\"><img loading=\"lazy\" decoding=\"async\" width=\"300\" height=\"300\" src=\"https:\/\/payidarcoffeelounge.com\/wp-content\/uploads\/2026\/02\/Untitled-1-2-300x300.jpg\" class=\"attachment-woocommerce_thumbnail size-woocommerce_thumbnail\" alt=\"Menemen\" srcset=\"https:\/\/payidarcoffeelounge.com\/wp-content\/uploads\/2026\/02\/Untitled-1-2-300x300.jpg 300w, https:\/\/payidarcoffeelounge.com\/wp-content\/uploads\/2026\/02\/Untitled-1-2-150x150.jpg 150w, https:\/\/payidarcoffeelounge.com\/wp-content\/uploads\/2026\/02\/Untitled-1-2-100x100.jpg 100w, https:\/\/payidarcoffeelounge.com\/wp-content\/uploads\/2026\/02\/Untitled-1-2.jpg 512w\" sizes=\"(max-width: 300px) 100vw, 300px\" \/><span class=\"cat_product\">Kahvalt\u0131l\u0131k<\/span><h2 class=\"woocommerce-loop-product__title\">Menemen<\/h2>\n\t<span class=\"price\"><span class=\"woocommerce-Price-amount amount\"><bdi><span class=\"woocommerce-Price-currencySymbol\">&#8378;<\/span>300,00<\/bdi><\/span><\/span>\n<\/a><a href=\"https:\/\/payidarcoffeelounge.com\/index.php\/product\/menemen\/\" aria-describedby=\"woocommerce_loop_add_to_cart_link_describedby_3428\" data-quantity=\"1\" class=\"button product_type_simple\" data-product_id=\"3428\" data-product_sku=\"\" aria-label=\"&ldquo;Menemen&rdquo; hakk\u0131nda daha fazla bilgi edinin\" rel=\"nofollow\" data-success_message=\"\">Devam\u0131n\u0131 oku<\/a>\t<span id=\"woocommerce_loop_add_to_cart_link_describedby_3428\" class=\"screen-reader-text\">\n\t\t\t<\/span>\n<\/li>\n<li class=\"product type-product post-3451 status-publish last instock product_cat-kahvaltilik has-post-thumbnail shipping-taxable product-type-simple\">\n\t<a href=\"\" class=\"woocommerce-LoopProduct-link woocommerce-loop-product__link\"><img loading=\"lazy\" decoding=\"async\" width=\"300\" height=\"300\" src=\"https:\/\/payidarcoffeelounge.com\/wp-content\/uploads\/2026\/02\/Untitled-1-7-300x300.jpg\" class=\"attachment-woocommerce_thumbnail size-woocommerce_thumbnail\" alt=\"Sade Omlet\" srcset=\"https:\/\/payidarcoffeelounge.com\/wp-content\/uploads\/2026\/02\/Untitled-1-7-300x300.jpg 300w, https:\/\/payidarcoffeelounge.com\/wp-content\/uploads\/2026\/02\/Untitled-1-7-150x150.jpg 150w, https:\/\/payidarcoffeelounge.com\/wp-content\/uploads\/2026\/02\/Untitled-1-7-100x100.jpg 100w, https:\/\/payidarcoffeelounge.com\/wp-content\/uploads\/2026\/02\/Untitled-1-7.jpg 512w\" sizes=\"(max-width: 300px) 100vw, 300px\" \/><span class=\"cat_product\">Kahvalt\u0131l\u0131k<\/span><h2 class=\"woocommerce-loop-product__title\">Sade Omlet<\/h2>\n\t<span class=\"price\"><span class=\"woocommerce-Price-amount amount\"><bdi><span class=\"woocommerce-Price-currencySymbol\">&#8378;<\/span>200,00<\/bdi><\/span><\/span>\n<\/a><a href=\"https:\/\/payidarcoffeelounge.com\/index.php\/product\/sade-omlet\/\" aria-describedby=\"woocommerce_loop_add_to_cart_link_describedby_3451\" data-quantity=\"1\" class=\"button product_type_simple\" data-product_id=\"3451\" data-product_sku=\"\" aria-label=\"&ldquo;Sade Omlet&rdquo; hakk\u0131nda daha fazla bilgi edinin\" rel=\"nofollow\" data-success_message=\"\">Devam\u0131n\u0131 oku<\/a>\t<span id=\"woocommerce_loop_add_to_cart_link_describedby_3451\" class=\"screen-reader-text\">\n\t\t\t<\/span>\n<\/li>\n<li class=\"product type-product post-3454 status-publish first instock product_cat-kahvaltilik has-post-thumbnail shipping-taxable product-type-simple\">\n\t<a href=\"\" class=\"woocommerce-LoopProduct-link woocommerce-loop-product__link\"><img loading=\"lazy\" decoding=\"async\" width=\"300\" height=\"300\" src=\"https:\/\/payidarcoffeelounge.com\/wp-content\/uploads\/2026\/02\/Untitled-1-7-300x300.jpg\" class=\"attachment-woocommerce_thumbnail size-woocommerce_thumbnail\" alt=\"Sebzeli Omlet\" srcset=\"https:\/\/payidarcoffeelounge.com\/wp-content\/uploads\/2026\/02\/Untitled-1-7-300x300.jpg 300w, https:\/\/payidarcoffeelounge.com\/wp-content\/uploads\/2026\/02\/Untitled-1-7-150x150.jpg 150w, https:\/\/payidarcoffeelounge.com\/wp-content\/uploads\/2026\/02\/Untitled-1-7-100x100.jpg 100w, https:\/\/payidarcoffeelounge.com\/wp-content\/uploads\/2026\/02\/Untitled-1-7.jpg 512w\" sizes=\"(max-width: 300px) 100vw, 300px\" \/><span class=\"cat_product\">Kahvalt\u0131l\u0131k<\/span><h2 class=\"woocommerce-loop-product__title\">Sebzeli Omlet<\/h2>\n\t<span class=\"price\"><span class=\"woocommerce-Price-amount amount\"><bdi><span class=\"woocommerce-Price-currencySymbol\">&#8378;<\/span>250,00<\/bdi><\/span><\/span>\n<\/a><a href=\"https:\/\/payidarcoffeelounge.com\/index.php\/product\/sebzeli-omlet\/\" aria-describedby=\"woocommerce_loop_add_to_cart_link_describedby_3454\" data-quantity=\"1\" class=\"button product_type_simple\" data-product_id=\"3454\" data-product_sku=\"\" aria-label=\"&ldquo;Sebzeli Omlet&rdquo; hakk\u0131nda daha fazla bilgi edinin\" rel=\"nofollow\" data-success_message=\"\">Devam\u0131n\u0131 oku<\/a>\t<span id=\"woocommerce_loop_add_to_cart_link_describedby_3454\" class=\"screen-reader-text\">\n\t\t\t<\/span>\n<\/li>\n<li class=\"product type-product post-3405 status-publish instock product_cat-kahvaltilik has-post-thumbnail shipping-taxable product-type-simple\">\n\t<a href=\"\" class=\"woocommerce-LoopProduct-link woocommerce-loop-product__link\"><img loading=\"lazy\" decoding=\"async\" width=\"300\" height=\"300\" src=\"https:\/\/payidarcoffeelounge.com\/wp-content\/uploads\/2026\/02\/Untitled-1-300x300.jpg\" class=\"attachment-woocommerce_thumbnail size-woocommerce_thumbnail\" alt=\"Serpme Kahvalt\u0131\" srcset=\"https:\/\/payidarcoffeelounge.com\/wp-content\/uploads\/2026\/02\/Untitled-1-300x300.jpg 300w, https:\/\/payidarcoffeelounge.com\/wp-content\/uploads\/2026\/02\/Untitled-1-150x150.jpg 150w, https:\/\/payidarcoffeelounge.com\/wp-content\/uploads\/2026\/02\/Untitled-1-100x100.jpg 100w, https:\/\/payidarcoffeelounge.com\/wp-content\/uploads\/2026\/02\/Untitled-1.jpg 512w\" sizes=\"(max-width: 300px) 100vw, 300px\" \/><span class=\"cat_product\">Kahvalt\u0131l\u0131k<\/span><h2 class=\"woocommerce-loop-product__title\">Serpme Kahvalt\u0131<\/h2>\n\t<span class=\"price\"><span class=\"woocommerce-Price-amount amount\"><bdi><span class=\"woocommerce-Price-currencySymbol\">&#8378;<\/span>1.000,00<\/bdi><\/span><\/span>\n<\/a><a href=\"https:\/\/payidarcoffeelounge.com\/index.php\/product\/serpme-kahvalti\/\" aria-describedby=\"woocommerce_loop_add_to_cart_link_describedby_3405\" data-quantity=\"1\" class=\"button product_type_simple\" data-product_id=\"3405\" data-product_sku=\"\" aria-label=\"&ldquo;Serpme Kahvalt\u0131&rdquo; hakk\u0131nda daha fazla bilgi edinin\" rel=\"nofollow\" data-success_message=\"\">Devam\u0131n\u0131 oku<\/a>\t<span id=\"woocommerce_loop_add_to_cart_link_describedby_3405\" class=\"screen-reader-text\">\n\t\t\t<\/span>\n<\/li>\n<li class=\"product type-product post-3430 status-publish last instock product_cat-kahvaltilik has-post-thumbnail shipping-taxable product-type-simple\">\n\t<a href=\"\" class=\"woocommerce-LoopProduct-link woocommerce-loop-product__link\"><img loading=\"lazy\" decoding=\"async\" width=\"300\" height=\"300\" src=\"https:\/\/payidarcoffeelounge.com\/wp-content\/uploads\/2026\/02\/Untitled-1-3-300x300.jpg\" class=\"attachment-woocommerce_thumbnail size-woocommerce_thumbnail\" alt=\"Sucuklu Yumurta\" srcset=\"https:\/\/payidarcoffeelounge.com\/wp-content\/uploads\/2026\/02\/Untitled-1-3-300x300.jpg 300w, https:\/\/payidarcoffeelounge.com\/wp-content\/uploads\/2026\/02\/Untitled-1-3-150x150.jpg 150w, https:\/\/payidarcoffeelounge.com\/wp-content\/uploads\/2026\/02\/Untitled-1-3-100x100.jpg 100w, https:\/\/payidarcoffeelounge.com\/wp-content\/uploads\/2026\/02\/Untitled-1-3.jpg 512w\" sizes=\"(max-width: 300px) 100vw, 300px\" \/><span class=\"cat_product\">Kahvalt\u0131l\u0131k<\/span><h2 class=\"woocommerce-loop-product__title\">Sucuklu Yumurta<\/h2>\n\t<span class=\"price\"><span class=\"woocommerce-Price-amount amount\"><bdi><span class=\"woocommerce-Price-currencySymbol\">&#8378;<\/span>250,00<\/bdi><\/span><\/span>\n<\/a><a href=\"https:\/\/payidarcoffeelounge.com\/index.php\/product\/sucuklu-yumurta\/\" aria-describedby=\"woocommerce_loop_add_to_cart_link_describedby_3430\" data-quantity=\"1\" class=\"button product_type_simple\" data-product_id=\"3430\" data-product_sku=\"\" aria-label=\"&ldquo;Sucuklu Yumurta&rdquo; hakk\u0131nda daha fazla bilgi edinin\" rel=\"nofollow\" data-success_message=\"\">Devam\u0131n\u0131 oku<\/a>\t<span id=\"woocommerce_loop_add_to_cart_link_describedby_3430\" class=\"screen-reader-text\">\n\t\t\t<\/span>\n<\/li>\n<\/ul>\n<\/div><\/div>\n\t\t\t\t\t\t<\/div>\n\t\t\t\t\t<\/div>\n\t\t\t\t<\/div>\n\t\t\t\t<\/div>\n\t\t","protected":false},"excerpt":{"rendered":"","protected":false},"author":1,"featured_media":0,"parent":0,"menu_order":0,"comment_status":"closed","ping_status":"closed","template":"","meta":{"footnotes":""},"class_list":["post-3421","page","type-page","status-publish","hentry"],"_links":{"self":[{"href":"https:\/\/payidarcoffeelounge.com\/index.php\/wp-json\/wp\/v2\/pages\/3421","targetHints":{"allow":["GET"]}}],"collection":[{"href":"https:\/\/payidarcoffeelounge.com\/index.php\/wp-json\/wp\/v2\/pages"}],"about":[{"href":"https:\/\/payidarcoffeelounge.com\/index.php\/wp-json\/wp\/v2\/types\/page"}],"author":[{"embeddable":true,"href":"https:\/\/payidarcoffeelounge.com\/index.php\/wp-json\/wp\/v2\/users\/1"}],"replies":[{"embeddable":true,"href":"https:\/\/payidarcoffeelounge.com\/index.php\/wp-json\/wp\/v2\/comments?post=3421"}],"version-history":[{"count":4,"href":"https:\/\/payidarcoffeelounge.com\/index.php\/wp-json\/wp\/v2\/pages\/3421\/revisions"}],"predecessor-version":[{"id":3425,"href":"https:\/\/payidarcoffeelounge.com\/index.php\/wp-json\/wp\/v2\/pages\/3421\/revisions\/3425"}],"wp:attachment":[{"href":"https:\/\/payidarcoffeelounge.com\/index.php\/wp-json\/wp\/v2\/media?parent=3421"}],"curies":[{"name":"wp","href":"https:\/\/api.w.org\/{rel}","templated":true}]}}