{"id":2938,"date":"2025-12-05T19:26:00","date_gmt":"2025-12-05T19:26:00","guid":{"rendered":"https:\/\/payidarcoffeelounge.com\/?page_id=2938"},"modified":"2025-12-05T20:12:17","modified_gmt":"2025-12-05T20:12:17","slug":"sicak-tatlar","status":"publish","type":"page","link":"https:\/\/payidarcoffeelounge.com\/index.php\/sicak-tatlar\/","title":{"rendered":"SICAK TATLAR"},"content":{"rendered":"\t\t<div data-elementor-type=\"wp-page\" data-elementor-id=\"2938\" class=\"elementor elementor-2938\">\n\t\t\t\t<div class=\"elementor-element elementor-element-f1278ed e-flex e-con-boxed e-con e-parent\" data-id=\"f1278ed\" data-element_type=\"container\">\n\t\t\t\t\t<div class=\"e-con-inner\">\n\t\t\t\t<div class=\"elementor-element elementor-element-df2ecf9 elementor-widget elementor-widget-shortcode\" data-id=\"df2ecf9\" data-element_type=\"widget\" data-widget_type=\"shortcode.default\">\n\t\t\t\t\t\t\t<div class=\"elementor-shortcode\"><div class=\"woocommerce columns-3 \"><ul class=\"products columns-3\">\n<li class=\"product type-product post-3034 status-publish first instock product_cat-sicak-tatlar shipping-taxable product-type-simple\">\n\t<a href=\"\" class=\"woocommerce-LoopProduct-link woocommerce-loop-product__link\"><img fetchpriority=\"high\" decoding=\"async\" width=\"300\" height=\"300\" src=\"https:\/\/payidarcoffeelounge.com\/wp-content\/uploads\/woocommerce-placeholder-300x300.webp\" class=\"woocommerce-placeholder wp-post-image\" alt=\"Yer tutucu\" srcset=\"https:\/\/payidarcoffeelounge.com\/wp-content\/uploads\/woocommerce-placeholder-300x300.webp 300w, https:\/\/payidarcoffeelounge.com\/wp-content\/uploads\/woocommerce-placeholder-100x100.webp 100w, https:\/\/payidarcoffeelounge.com\/wp-content\/uploads\/woocommerce-placeholder-600x600.webp 600w, https:\/\/payidarcoffeelounge.com\/wp-content\/uploads\/woocommerce-placeholder-1024x1024.webp 1024w, https:\/\/payidarcoffeelounge.com\/wp-content\/uploads\/woocommerce-placeholder-150x150.webp 150w, https:\/\/payidarcoffeelounge.com\/wp-content\/uploads\/woocommerce-placeholder-768x768.webp 768w, https:\/\/payidarcoffeelounge.com\/wp-content\/uploads\/woocommerce-placeholder.webp 1200w\" sizes=\"(max-width: 300px) 100vw, 300px\" \/><span class=\"cat_product\">S\u0131cak Tatlar<\/span><h2 class=\"woocommerce-loop-product__title\">Ball\u0131 S\u00fct<\/h2>\n\t<span class=\"price\"><span class=\"woocommerce-Price-amount amount\"><bdi><span class=\"woocommerce-Price-currencySymbol\">&#8378;<\/span>120,00<\/bdi><\/span><\/span>\n<\/a><a href=\"https:\/\/payidarcoffeelounge.com\/index.php\/product\/balli-sut\/\" aria-describedby=\"woocommerce_loop_add_to_cart_link_describedby_3034\" data-quantity=\"1\" class=\"button product_type_simple\" data-product_id=\"3034\" data-product_sku=\"\" aria-label=\"&ldquo;Ball\u0131 S\u00fct&rdquo; hakk\u0131nda daha fazla bilgi edinin\" rel=\"nofollow\" data-success_message=\"\">Devam\u0131n\u0131 oku<\/a>\t<span id=\"woocommerce_loop_add_to_cart_link_describedby_3034\" class=\"screen-reader-text\">\n\t\t\t<\/span>\n<\/li>\n<li class=\"product type-product post-3036 status-publish instock product_cat-sicak-tatlar shipping-taxable product-type-simple\">\n\t<a href=\"\" class=\"woocommerce-LoopProduct-link woocommerce-loop-product__link\"><img fetchpriority=\"high\" decoding=\"async\" width=\"300\" height=\"300\" src=\"https:\/\/payidarcoffeelounge.com\/wp-content\/uploads\/woocommerce-placeholder-300x300.webp\" class=\"woocommerce-placeholder wp-post-image\" alt=\"Yer tutucu\" srcset=\"https:\/\/payidarcoffeelounge.com\/wp-content\/uploads\/woocommerce-placeholder-300x300.webp 300w, https:\/\/payidarcoffeelounge.com\/wp-content\/uploads\/woocommerce-placeholder-100x100.webp 100w, https:\/\/payidarcoffeelounge.com\/wp-content\/uploads\/woocommerce-placeholder-600x600.webp 600w, https:\/\/payidarcoffeelounge.com\/wp-content\/uploads\/woocommerce-placeholder-1024x1024.webp 1024w, https:\/\/payidarcoffeelounge.com\/wp-content\/uploads\/woocommerce-placeholder-150x150.webp 150w, https:\/\/payidarcoffeelounge.com\/wp-content\/uploads\/woocommerce-placeholder-768x768.webp 768w, https:\/\/payidarcoffeelounge.com\/wp-content\/uploads\/woocommerce-placeholder.webp 1200w\" sizes=\"(max-width: 300px) 100vw, 300px\" \/><span class=\"cat_product\">S\u0131cak Tatlar<\/span><h2 class=\"woocommerce-loop-product__title\">Beyaz S\u0131cak \u00c7ikolata<\/h2>\n\t<span class=\"price\"><span class=\"woocommerce-Price-amount amount\"><bdi><span class=\"woocommerce-Price-currencySymbol\">&#8378;<\/span>120,00<\/bdi><\/span><\/span>\n<\/a><a href=\"https:\/\/payidarcoffeelounge.com\/index.php\/product\/beyaz-sicak-cikolata\/\" aria-describedby=\"woocommerce_loop_add_to_cart_link_describedby_3036\" data-quantity=\"1\" class=\"button product_type_simple\" data-product_id=\"3036\" data-product_sku=\"\" aria-label=\"&ldquo;Beyaz S\u0131cak \u00c7ikolata&rdquo; hakk\u0131nda daha fazla bilgi edinin\" rel=\"nofollow\" data-success_message=\"\">Devam\u0131n\u0131 oku<\/a>\t<span id=\"woocommerce_loop_add_to_cart_link_describedby_3036\" class=\"screen-reader-text\">\n\t\t\t<\/span>\n<\/li>\n<li class=\"product type-product post-3039 status-publish last instock product_cat-sicak-tatlar shipping-taxable product-type-simple\">\n\t<a href=\"\" class=\"woocommerce-LoopProduct-link woocommerce-loop-product__link\"><img fetchpriority=\"high\" decoding=\"async\" width=\"300\" height=\"300\" src=\"https:\/\/payidarcoffeelounge.com\/wp-content\/uploads\/woocommerce-placeholder-300x300.webp\" class=\"woocommerce-placeholder wp-post-image\" alt=\"Yer tutucu\" srcset=\"https:\/\/payidarcoffeelounge.com\/wp-content\/uploads\/woocommerce-placeholder-300x300.webp 300w, https:\/\/payidarcoffeelounge.com\/wp-content\/uploads\/woocommerce-placeholder-100x100.webp 100w, https:\/\/payidarcoffeelounge.com\/wp-content\/uploads\/woocommerce-placeholder-600x600.webp 600w, https:\/\/payidarcoffeelounge.com\/wp-content\/uploads\/woocommerce-placeholder-1024x1024.webp 1024w, https:\/\/payidarcoffeelounge.com\/wp-content\/uploads\/woocommerce-placeholder-150x150.webp 150w, https:\/\/payidarcoffeelounge.com\/wp-content\/uploads\/woocommerce-placeholder-768x768.webp 768w, https:\/\/payidarcoffeelounge.com\/wp-content\/uploads\/woocommerce-placeholder.webp 1200w\" sizes=\"(max-width: 300px) 100vw, 300px\" \/><span class=\"cat_product\">S\u0131cak Tatlar<\/span><h2 class=\"woocommerce-loop-product__title\">\u00c7ikolatal\u0131 Sahlep<\/h2>\n\t<span class=\"price\"><span class=\"woocommerce-Price-amount amount\"><bdi><span class=\"woocommerce-Price-currencySymbol\">&#8378;<\/span>125,00<\/bdi><\/span><\/span>\n<\/a><a href=\"https:\/\/payidarcoffeelounge.com\/index.php\/product\/cikolatali-sahlep\/\" aria-describedby=\"woocommerce_loop_add_to_cart_link_describedby_3039\" data-quantity=\"1\" class=\"button product_type_simple\" data-product_id=\"3039\" data-product_sku=\"\" aria-label=\"&ldquo;\u00c7ikolatal\u0131 Sahlep&rdquo; hakk\u0131nda daha fazla bilgi edinin\" rel=\"nofollow\" data-success_message=\"\">Devam\u0131n\u0131 oku<\/a>\t<span id=\"woocommerce_loop_add_to_cart_link_describedby_3039\" class=\"screen-reader-text\">\n\t\t\t<\/span>\n<\/li>\n<li class=\"product type-product post-3040 status-publish first instock product_cat-sicak-tatlar shipping-taxable product-type-simple\">\n\t<a href=\"\" class=\"woocommerce-LoopProduct-link woocommerce-loop-product__link\"><img fetchpriority=\"high\" decoding=\"async\" width=\"300\" height=\"300\" src=\"https:\/\/payidarcoffeelounge.com\/wp-content\/uploads\/woocommerce-placeholder-300x300.webp\" class=\"woocommerce-placeholder wp-post-image\" alt=\"Yer tutucu\" srcset=\"https:\/\/payidarcoffeelounge.com\/wp-content\/uploads\/woocommerce-placeholder-300x300.webp 300w, https:\/\/payidarcoffeelounge.com\/wp-content\/uploads\/woocommerce-placeholder-100x100.webp 100w, https:\/\/payidarcoffeelounge.com\/wp-content\/uploads\/woocommerce-placeholder-600x600.webp 600w, https:\/\/payidarcoffeelounge.com\/wp-content\/uploads\/woocommerce-placeholder-1024x1024.webp 1024w, https:\/\/payidarcoffeelounge.com\/wp-content\/uploads\/woocommerce-placeholder-150x150.webp 150w, https:\/\/payidarcoffeelounge.com\/wp-content\/uploads\/woocommerce-placeholder-768x768.webp 768w, https:\/\/payidarcoffeelounge.com\/wp-content\/uploads\/woocommerce-placeholder.webp 1200w\" sizes=\"(max-width: 300px) 100vw, 300px\" \/><span class=\"cat_product\">S\u0131cak Tatlar<\/span><h2 class=\"woocommerce-loop-product__title\">Damla Sak\u0131zl\u0131 Sahlep<\/h2>\n\t<span class=\"price\"><span class=\"woocommerce-Price-amount amount\"><bdi><span class=\"woocommerce-Price-currencySymbol\">&#8378;<\/span>125,00<\/bdi><\/span><\/span>\n<\/a><a href=\"https:\/\/payidarcoffeelounge.com\/index.php\/product\/damla-sakizli-sahlep\/\" aria-describedby=\"woocommerce_loop_add_to_cart_link_describedby_3040\" data-quantity=\"1\" class=\"button product_type_simple\" data-product_id=\"3040\" data-product_sku=\"\" aria-label=\"&ldquo;Damla Sak\u0131zl\u0131 Sahlep&rdquo; hakk\u0131nda daha fazla bilgi edinin\" rel=\"nofollow\" data-success_message=\"\">Devam\u0131n\u0131 oku<\/a>\t<span id=\"woocommerce_loop_add_to_cart_link_describedby_3040\" class=\"screen-reader-text\">\n\t\t\t<\/span>\n<\/li>\n<li class=\"product type-product post-3037 status-publish instock product_cat-sicak-tatlar shipping-taxable product-type-simple\">\n\t<a href=\"\" class=\"woocommerce-LoopProduct-link woocommerce-loop-product__link\"><img fetchpriority=\"high\" decoding=\"async\" width=\"300\" height=\"300\" src=\"https:\/\/payidarcoffeelounge.com\/wp-content\/uploads\/woocommerce-placeholder-300x300.webp\" class=\"woocommerce-placeholder wp-post-image\" alt=\"Yer tutucu\" srcset=\"https:\/\/payidarcoffeelounge.com\/wp-content\/uploads\/woocommerce-placeholder-300x300.webp 300w, https:\/\/payidarcoffeelounge.com\/wp-content\/uploads\/woocommerce-placeholder-100x100.webp 100w, https:\/\/payidarcoffeelounge.com\/wp-content\/uploads\/woocommerce-placeholder-600x600.webp 600w, https:\/\/payidarcoffeelounge.com\/wp-content\/uploads\/woocommerce-placeholder-1024x1024.webp 1024w, https:\/\/payidarcoffeelounge.com\/wp-content\/uploads\/woocommerce-placeholder-150x150.webp 150w, https:\/\/payidarcoffeelounge.com\/wp-content\/uploads\/woocommerce-placeholder-768x768.webp 768w, https:\/\/payidarcoffeelounge.com\/wp-content\/uploads\/woocommerce-placeholder.webp 1200w\" sizes=\"(max-width: 300px) 100vw, 300px\" \/><span class=\"cat_product\">S\u0131cak Tatlar<\/span><h2 class=\"woocommerce-loop-product__title\">Dondurmal\u0131 S\u0131cak \u00c7ikolata<\/h2>\n\t<span class=\"price\"><span class=\"woocommerce-Price-amount amount\"><bdi><span class=\"woocommerce-Price-currencySymbol\">&#8378;<\/span>130,00<\/bdi><\/span><\/span>\n<\/a><a href=\"https:\/\/payidarcoffeelounge.com\/index.php\/product\/dondurmali-sicak-cikolata\/\" aria-describedby=\"woocommerce_loop_add_to_cart_link_describedby_3037\" data-quantity=\"1\" class=\"button product_type_simple\" data-product_id=\"3037\" data-product_sku=\"\" aria-label=\"&ldquo;Dondurmal\u0131 S\u0131cak \u00c7ikolata&rdquo; hakk\u0131nda daha fazla bilgi edinin\" rel=\"nofollow\" data-success_message=\"\">Devam\u0131n\u0131 oku<\/a>\t<span id=\"woocommerce_loop_add_to_cart_link_describedby_3037\" class=\"screen-reader-text\">\n\t\t\t<\/span>\n<\/li>\n<li class=\"product type-product post-3038 status-publish last instock product_cat-sicak-tatlar shipping-taxable product-type-simple\">\n\t<a href=\"\" class=\"woocommerce-LoopProduct-link woocommerce-loop-product__link\"><img fetchpriority=\"high\" decoding=\"async\" width=\"300\" height=\"300\" src=\"https:\/\/payidarcoffeelounge.com\/wp-content\/uploads\/woocommerce-placeholder-300x300.webp\" class=\"woocommerce-placeholder wp-post-image\" alt=\"Yer tutucu\" srcset=\"https:\/\/payidarcoffeelounge.com\/wp-content\/uploads\/woocommerce-placeholder-300x300.webp 300w, https:\/\/payidarcoffeelounge.com\/wp-content\/uploads\/woocommerce-placeholder-100x100.webp 100w, https:\/\/payidarcoffeelounge.com\/wp-content\/uploads\/woocommerce-placeholder-600x600.webp 600w, https:\/\/payidarcoffeelounge.com\/wp-content\/uploads\/woocommerce-placeholder-1024x1024.webp 1024w, https:\/\/payidarcoffeelounge.com\/wp-content\/uploads\/woocommerce-placeholder-150x150.webp 150w, https:\/\/payidarcoffeelounge.com\/wp-content\/uploads\/woocommerce-placeholder-768x768.webp 768w, https:\/\/payidarcoffeelounge.com\/wp-content\/uploads\/woocommerce-placeholder.webp 1200w\" sizes=\"(max-width: 300px) 100vw, 300px\" \/><span class=\"cat_product\">S\u0131cak Tatlar<\/span><h2 class=\"woocommerce-loop-product__title\">Sahlep<\/h2>\n\t<span class=\"price\"><span class=\"woocommerce-Price-amount amount\"><bdi><span class=\"woocommerce-Price-currencySymbol\">&#8378;<\/span>120,00<\/bdi><\/span><\/span>\n<\/a><a href=\"https:\/\/payidarcoffeelounge.com\/index.php\/product\/sahlep\/\" aria-describedby=\"woocommerce_loop_add_to_cart_link_describedby_3038\" data-quantity=\"1\" class=\"button product_type_simple\" data-product_id=\"3038\" data-product_sku=\"\" aria-label=\"&ldquo;Sahlep&rdquo; hakk\u0131nda daha fazla bilgi edinin\" rel=\"nofollow\" data-success_message=\"\">Devam\u0131n\u0131 oku<\/a>\t<span id=\"woocommerce_loop_add_to_cart_link_describedby_3038\" class=\"screen-reader-text\">\n\t\t\t<\/span>\n<\/li>\n<li class=\"product type-product post-3035 status-publish first instock product_cat-sicak-tatlar shipping-taxable product-type-simple\">\n\t<a href=\"\" class=\"woocommerce-LoopProduct-link woocommerce-loop-product__link\"><img fetchpriority=\"high\" decoding=\"async\" width=\"300\" height=\"300\" src=\"https:\/\/payidarcoffeelounge.com\/wp-content\/uploads\/woocommerce-placeholder-300x300.webp\" class=\"woocommerce-placeholder wp-post-image\" alt=\"Yer tutucu\" srcset=\"https:\/\/payidarcoffeelounge.com\/wp-content\/uploads\/woocommerce-placeholder-300x300.webp 300w, https:\/\/payidarcoffeelounge.com\/wp-content\/uploads\/woocommerce-placeholder-100x100.webp 100w, https:\/\/payidarcoffeelounge.com\/wp-content\/uploads\/woocommerce-placeholder-600x600.webp 600w, https:\/\/payidarcoffeelounge.com\/wp-content\/uploads\/woocommerce-placeholder-1024x1024.webp 1024w, https:\/\/payidarcoffeelounge.com\/wp-content\/uploads\/woocommerce-placeholder-150x150.webp 150w, https:\/\/payidarcoffeelounge.com\/wp-content\/uploads\/woocommerce-placeholder-768x768.webp 768w, https:\/\/payidarcoffeelounge.com\/wp-content\/uploads\/woocommerce-placeholder.webp 1200w\" sizes=\"(max-width: 300px) 100vw, 300px\" \/><span class=\"cat_product\">S\u0131cak Tatlar<\/span><h2 class=\"woocommerce-loop-product__title\">S\u0131cak \u00c7ikolata<\/h2>\n\t<span class=\"price\"><span class=\"woocommerce-Price-amount amount\"><bdi><span class=\"woocommerce-Price-currencySymbol\">&#8378;<\/span>120,00<\/bdi><\/span><\/span>\n<\/a><a href=\"https:\/\/payidarcoffeelounge.com\/index.php\/product\/sicak-cikolata\/\" aria-describedby=\"woocommerce_loop_add_to_cart_link_describedby_3035\" data-quantity=\"1\" class=\"button product_type_simple\" data-product_id=\"3035\" data-product_sku=\"\" aria-label=\"&ldquo;S\u0131cak \u00c7ikolata&rdquo; hakk\u0131nda daha fazla bilgi edinin\" rel=\"nofollow\" data-success_message=\"\">Devam\u0131n\u0131 oku<\/a>\t<span id=\"woocommerce_loop_add_to_cart_link_describedby_3035\" class=\"screen-reader-text\">\n\t\t\t<\/span>\n<\/li>\n<li class=\"product type-product post-3033 status-publish instock product_cat-sicak-tatlar shipping-taxable product-type-simple\">\n\t<a href=\"\" class=\"woocommerce-LoopProduct-link woocommerce-loop-product__link\"><img fetchpriority=\"high\" decoding=\"async\" width=\"300\" height=\"300\" src=\"https:\/\/payidarcoffeelounge.com\/wp-content\/uploads\/woocommerce-placeholder-300x300.webp\" class=\"woocommerce-placeholder wp-post-image\" alt=\"Yer tutucu\" srcset=\"https:\/\/payidarcoffeelounge.com\/wp-content\/uploads\/woocommerce-placeholder-300x300.webp 300w, https:\/\/payidarcoffeelounge.com\/wp-content\/uploads\/woocommerce-placeholder-100x100.webp 100w, https:\/\/payidarcoffeelounge.com\/wp-content\/uploads\/woocommerce-placeholder-600x600.webp 600w, https:\/\/payidarcoffeelounge.com\/wp-content\/uploads\/woocommerce-placeholder-1024x1024.webp 1024w, https:\/\/payidarcoffeelounge.com\/wp-content\/uploads\/woocommerce-placeholder-150x150.webp 150w, https:\/\/payidarcoffeelounge.com\/wp-content\/uploads\/woocommerce-placeholder-768x768.webp 768w, https:\/\/payidarcoffeelounge.com\/wp-content\/uploads\/woocommerce-placeholder.webp 1200w\" sizes=\"(max-width: 300px) 100vw, 300px\" \/><span class=\"cat_product\">S\u0131cak Tatlar<\/span><h2 class=\"woocommerce-loop-product__title\">S\u0131cak S\u00fct<\/h2>\n\t<span class=\"price\"><span class=\"woocommerce-Price-amount amount\"><bdi><span class=\"woocommerce-Price-currencySymbol\">&#8378;<\/span>100,00<\/bdi><\/span><\/span>\n<\/a><a href=\"https:\/\/payidarcoffeelounge.com\/index.php\/product\/sicak-sut\/\" aria-describedby=\"woocommerce_loop_add_to_cart_link_describedby_3033\" data-quantity=\"1\" class=\"button product_type_simple\" data-product_id=\"3033\" data-product_sku=\"\" aria-label=\"&ldquo;S\u0131cak S\u00fct&rdquo; hakk\u0131nda daha fazla bilgi edinin\" rel=\"nofollow\" data-success_message=\"\">Devam\u0131n\u0131 oku<\/a>\t<span id=\"woocommerce_loop_add_to_cart_link_describedby_3033\" class=\"screen-reader-text\">\n\t\t\t<\/span>\n<\/li>\n<\/ul>\n<\/div><\/div>\n\t\t\t\t\t\t<\/div>\n\t\t\t\t\t<\/div>\n\t\t\t\t<\/div>\n\t\t\t\t<\/div>\n\t\t","protected":false},"excerpt":{"rendered":"","protected":false},"author":1,"featured_media":0,"parent":0,"menu_order":0,"comment_status":"closed","ping_status":"closed","template":"","meta":{"footnotes":""},"class_list":["post-2938","page","type-page","status-publish","hentry"],"_links":{"self":[{"href":"https:\/\/payidarcoffeelounge.com\/index.php\/wp-json\/wp\/v2\/pages\/2938","targetHints":{"allow":["GET"]}}],"collection":[{"href":"https:\/\/payidarcoffeelounge.com\/index.php\/wp-json\/wp\/v2\/pages"}],"about":[{"href":"https:\/\/payidarcoffeelounge.com\/index.php\/wp-json\/wp\/v2\/types\/page"}],"author":[{"embeddable":true,"href":"https:\/\/payidarcoffeelounge.com\/index.php\/wp-json\/wp\/v2\/users\/1"}],"replies":[{"embeddable":true,"href":"https:\/\/payidarcoffeelounge.com\/index.php\/wp-json\/wp\/v2\/comments?post=2938"}],"version-history":[{"count":4,"href":"https:\/\/payidarcoffeelounge.com\/index.php\/wp-json\/wp\/v2\/pages\/2938\/revisions"}],"predecessor-version":[{"id":3136,"href":"https:\/\/payidarcoffeelounge.com\/index.php\/wp-json\/wp\/v2\/pages\/2938\/revisions\/3136"}],"wp:attachment":[{"href":"https:\/\/payidarcoffeelounge.com\/index.php\/wp-json\/wp\/v2\/media?parent=2938"}],"curies":[{"name":"wp","href":"https:\/\/api.w.org\/{rel}","templated":true}]}}