{"id":2930,"date":"2025-12-05T19:20:15","date_gmt":"2025-12-05T19:20:15","guid":{"rendered":"https:\/\/payidarcoffeelounge.com\/?page_id=2930"},"modified":"2025-12-05T20:05:28","modified_gmt":"2025-12-05T20:05:28","slug":"frozen","status":"publish","type":"page","link":"https:\/\/payidarcoffeelounge.com\/index.php\/frozen\/","title":{"rendered":"FROZEN"},"content":{"rendered":"\t\t<div data-elementor-type=\"wp-page\" data-elementor-id=\"2930\" class=\"elementor elementor-2930\">\n\t\t\t\t<div class=\"elementor-element elementor-element-8dab67b e-flex e-con-boxed e-con e-parent\" data-id=\"8dab67b\" data-element_type=\"container\">\n\t\t\t\t\t<div class=\"e-con-inner\">\n\t\t\t\t<div class=\"elementor-element elementor-element-1ea8ede elementor-widget elementor-widget-shortcode\" data-id=\"1ea8ede\" data-element_type=\"widget\" data-widget_type=\"shortcode.default\">\n\t\t\t\t\t\t\t<div class=\"elementor-shortcode\"><div class=\"woocommerce columns-3 \"><ul class=\"products columns-3\">\n<li class=\"product type-product post-2993 status-publish first instock product_cat-frozen shipping-taxable product-type-simple\">\n\t<a href=\"\" class=\"woocommerce-LoopProduct-link woocommerce-loop-product__link\"><img fetchpriority=\"high\" decoding=\"async\" width=\"300\" height=\"300\" src=\"https:\/\/payidarcoffeelounge.com\/wp-content\/uploads\/woocommerce-placeholder-300x300.webp\" class=\"woocommerce-placeholder wp-post-image\" alt=\"Yer tutucu\" srcset=\"https:\/\/payidarcoffeelounge.com\/wp-content\/uploads\/woocommerce-placeholder-300x300.webp 300w, https:\/\/payidarcoffeelounge.com\/wp-content\/uploads\/woocommerce-placeholder-100x100.webp 100w, https:\/\/payidarcoffeelounge.com\/wp-content\/uploads\/woocommerce-placeholder-600x600.webp 600w, https:\/\/payidarcoffeelounge.com\/wp-content\/uploads\/woocommerce-placeholder-1024x1024.webp 1024w, https:\/\/payidarcoffeelounge.com\/wp-content\/uploads\/woocommerce-placeholder-150x150.webp 150w, https:\/\/payidarcoffeelounge.com\/wp-content\/uploads\/woocommerce-placeholder-768x768.webp 768w, https:\/\/payidarcoffeelounge.com\/wp-content\/uploads\/woocommerce-placeholder.webp 1200w\" sizes=\"(max-width: 300px) 100vw, 300px\" \/><span class=\"cat_product\">Frozen<\/span><h2 class=\"woocommerce-loop-product__title\">B\u00f6\u011f\u00fcrtlen Frozen<\/h2>\n\t<span class=\"price\"><span class=\"woocommerce-Price-amount amount\"><bdi><span class=\"woocommerce-Price-currencySymbol\">&#8378;<\/span>145,00<\/bdi><\/span><\/span>\n<\/a><a href=\"https:\/\/payidarcoffeelounge.com\/index.php\/product\/bogurtlen-frozen\/\" aria-describedby=\"woocommerce_loop_add_to_cart_link_describedby_2993\" data-quantity=\"1\" class=\"button product_type_simple\" data-product_id=\"2993\" data-product_sku=\"\" aria-label=\"&ldquo;B\u00f6\u011f\u00fcrtlen Frozen&rdquo; hakk\u0131nda daha fazla bilgi edinin\" rel=\"nofollow\" data-success_message=\"\">Devam\u0131n\u0131 oku<\/a>\t<span id=\"woocommerce_loop_add_to_cart_link_describedby_2993\" class=\"screen-reader-text\">\n\t\t\t<\/span>\n<\/li>\n<li class=\"product type-product post-2989 status-publish instock product_cat-frozen shipping-taxable product-type-simple\">\n\t<a href=\"\" class=\"woocommerce-LoopProduct-link woocommerce-loop-product__link\"><img fetchpriority=\"high\" decoding=\"async\" width=\"300\" height=\"300\" src=\"https:\/\/payidarcoffeelounge.com\/wp-content\/uploads\/woocommerce-placeholder-300x300.webp\" class=\"woocommerce-placeholder wp-post-image\" alt=\"Yer tutucu\" srcset=\"https:\/\/payidarcoffeelounge.com\/wp-content\/uploads\/woocommerce-placeholder-300x300.webp 300w, https:\/\/payidarcoffeelounge.com\/wp-content\/uploads\/woocommerce-placeholder-100x100.webp 100w, https:\/\/payidarcoffeelounge.com\/wp-content\/uploads\/woocommerce-placeholder-600x600.webp 600w, https:\/\/payidarcoffeelounge.com\/wp-content\/uploads\/woocommerce-placeholder-1024x1024.webp 1024w, https:\/\/payidarcoffeelounge.com\/wp-content\/uploads\/woocommerce-placeholder-150x150.webp 150w, https:\/\/payidarcoffeelounge.com\/wp-content\/uploads\/woocommerce-placeholder-768x768.webp 768w, https:\/\/payidarcoffeelounge.com\/wp-content\/uploads\/woocommerce-placeholder.webp 1200w\" sizes=\"(max-width: 300px) 100vw, 300px\" \/><span class=\"cat_product\">Frozen<\/span><h2 class=\"woocommerce-loop-product__title\">\u00c7ilek Frozen<\/h2>\n\t<span class=\"price\"><span class=\"woocommerce-Price-amount amount\"><bdi><span class=\"woocommerce-Price-currencySymbol\">&#8378;<\/span>145,00<\/bdi><\/span><\/span>\n<\/a><a href=\"https:\/\/payidarcoffeelounge.com\/index.php\/product\/cilek-frozen\/\" aria-describedby=\"woocommerce_loop_add_to_cart_link_describedby_2989\" data-quantity=\"1\" class=\"button product_type_simple\" data-product_id=\"2989\" data-product_sku=\"\" aria-label=\"&ldquo;\u00c7ilek Frozen&rdquo; hakk\u0131nda daha fazla bilgi edinin\" rel=\"nofollow\" data-success_message=\"\">Devam\u0131n\u0131 oku<\/a>\t<span id=\"woocommerce_loop_add_to_cart_link_describedby_2989\" class=\"screen-reader-text\">\n\t\t\t<\/span>\n<\/li>\n<li class=\"product type-product post-2987 status-publish last instock product_cat-frozen shipping-taxable product-type-simple\">\n\t<a href=\"\" class=\"woocommerce-LoopProduct-link woocommerce-loop-product__link\"><img fetchpriority=\"high\" decoding=\"async\" width=\"300\" height=\"300\" src=\"https:\/\/payidarcoffeelounge.com\/wp-content\/uploads\/woocommerce-placeholder-300x300.webp\" class=\"woocommerce-placeholder wp-post-image\" alt=\"Yer tutucu\" srcset=\"https:\/\/payidarcoffeelounge.com\/wp-content\/uploads\/woocommerce-placeholder-300x300.webp 300w, https:\/\/payidarcoffeelounge.com\/wp-content\/uploads\/woocommerce-placeholder-100x100.webp 100w, https:\/\/payidarcoffeelounge.com\/wp-content\/uploads\/woocommerce-placeholder-600x600.webp 600w, https:\/\/payidarcoffeelounge.com\/wp-content\/uploads\/woocommerce-placeholder-1024x1024.webp 1024w, https:\/\/payidarcoffeelounge.com\/wp-content\/uploads\/woocommerce-placeholder-150x150.webp 150w, https:\/\/payidarcoffeelounge.com\/wp-content\/uploads\/woocommerce-placeholder-768x768.webp 768w, https:\/\/payidarcoffeelounge.com\/wp-content\/uploads\/woocommerce-placeholder.webp 1200w\" sizes=\"(max-width: 300px) 100vw, 300px\" \/><span class=\"cat_product\">Frozen<\/span><h2 class=\"woocommerce-loop-product__title\">Karpuz Frozen<\/h2>\n\t<span class=\"price\"><span class=\"woocommerce-Price-amount amount\"><bdi><span class=\"woocommerce-Price-currencySymbol\">&#8378;<\/span>145,00<\/bdi><\/span><\/span>\n<\/a><a href=\"https:\/\/payidarcoffeelounge.com\/index.php\/product\/karpuz-frozen\/\" aria-describedby=\"woocommerce_loop_add_to_cart_link_describedby_2987\" data-quantity=\"1\" class=\"button product_type_simple\" data-product_id=\"2987\" data-product_sku=\"\" aria-label=\"&ldquo;Karpuz Frozen&rdquo; hakk\u0131nda daha fazla bilgi edinin\" rel=\"nofollow\" data-success_message=\"\">Devam\u0131n\u0131 oku<\/a>\t<span id=\"woocommerce_loop_add_to_cart_link_describedby_2987\" class=\"screen-reader-text\">\n\t\t\t<\/span>\n<\/li>\n<li class=\"product type-product post-2990 status-publish first instock product_cat-frozen shipping-taxable product-type-simple\">\n\t<a href=\"\" class=\"woocommerce-LoopProduct-link woocommerce-loop-product__link\"><img fetchpriority=\"high\" decoding=\"async\" width=\"300\" height=\"300\" src=\"https:\/\/payidarcoffeelounge.com\/wp-content\/uploads\/woocommerce-placeholder-300x300.webp\" class=\"woocommerce-placeholder wp-post-image\" alt=\"Yer tutucu\" srcset=\"https:\/\/payidarcoffeelounge.com\/wp-content\/uploads\/woocommerce-placeholder-300x300.webp 300w, https:\/\/payidarcoffeelounge.com\/wp-content\/uploads\/woocommerce-placeholder-100x100.webp 100w, https:\/\/payidarcoffeelounge.com\/wp-content\/uploads\/woocommerce-placeholder-600x600.webp 600w, https:\/\/payidarcoffeelounge.com\/wp-content\/uploads\/woocommerce-placeholder-1024x1024.webp 1024w, https:\/\/payidarcoffeelounge.com\/wp-content\/uploads\/woocommerce-placeholder-150x150.webp 150w, https:\/\/payidarcoffeelounge.com\/wp-content\/uploads\/woocommerce-placeholder-768x768.webp 768w, https:\/\/payidarcoffeelounge.com\/wp-content\/uploads\/woocommerce-placeholder.webp 1200w\" sizes=\"(max-width: 300px) 100vw, 300px\" \/><span class=\"cat_product\">Frozen<\/span><h2 class=\"woocommerce-loop-product__title\">Kavun Frozen<\/h2>\n\t<span class=\"price\"><span class=\"woocommerce-Price-amount amount\"><bdi><span class=\"woocommerce-Price-currencySymbol\">&#8378;<\/span>145,00<\/bdi><\/span><\/span>\n<\/a><a href=\"https:\/\/payidarcoffeelounge.com\/index.php\/product\/kavun-frozen\/\" aria-describedby=\"woocommerce_loop_add_to_cart_link_describedby_2990\" data-quantity=\"1\" class=\"button product_type_simple\" data-product_id=\"2990\" data-product_sku=\"\" aria-label=\"&ldquo;Kavun Frozen&rdquo; hakk\u0131nda daha fazla bilgi edinin\" rel=\"nofollow\" data-success_message=\"\">Devam\u0131n\u0131 oku<\/a>\t<span id=\"woocommerce_loop_add_to_cart_link_describedby_2990\" class=\"screen-reader-text\">\n\t\t\t<\/span>\n<\/li>\n<li class=\"product type-product post-2988 status-publish instock product_cat-frozen shipping-taxable product-type-simple\">\n\t<a href=\"\" class=\"woocommerce-LoopProduct-link woocommerce-loop-product__link\"><img fetchpriority=\"high\" decoding=\"async\" width=\"300\" height=\"300\" src=\"https:\/\/payidarcoffeelounge.com\/wp-content\/uploads\/woocommerce-placeholder-300x300.webp\" class=\"woocommerce-placeholder wp-post-image\" alt=\"Yer tutucu\" srcset=\"https:\/\/payidarcoffeelounge.com\/wp-content\/uploads\/woocommerce-placeholder-300x300.webp 300w, https:\/\/payidarcoffeelounge.com\/wp-content\/uploads\/woocommerce-placeholder-100x100.webp 100w, https:\/\/payidarcoffeelounge.com\/wp-content\/uploads\/woocommerce-placeholder-600x600.webp 600w, https:\/\/payidarcoffeelounge.com\/wp-content\/uploads\/woocommerce-placeholder-1024x1024.webp 1024w, https:\/\/payidarcoffeelounge.com\/wp-content\/uploads\/woocommerce-placeholder-150x150.webp 150w, https:\/\/payidarcoffeelounge.com\/wp-content\/uploads\/woocommerce-placeholder-768x768.webp 768w, https:\/\/payidarcoffeelounge.com\/wp-content\/uploads\/woocommerce-placeholder.webp 1200w\" sizes=\"(max-width: 300px) 100vw, 300px\" \/><span class=\"cat_product\">Frozen<\/span><h2 class=\"woocommerce-loop-product__title\">Limon Frozen<\/h2>\n\t<span class=\"price\"><span class=\"woocommerce-Price-amount amount\"><bdi><span class=\"woocommerce-Price-currencySymbol\">&#8378;<\/span>145,00<\/bdi><\/span><\/span>\n<\/a><a href=\"https:\/\/payidarcoffeelounge.com\/index.php\/product\/limon-frozen\/\" aria-describedby=\"woocommerce_loop_add_to_cart_link_describedby_2988\" data-quantity=\"1\" class=\"button product_type_simple\" data-product_id=\"2988\" data-product_sku=\"\" aria-label=\"&ldquo;Limon Frozen&rdquo; hakk\u0131nda daha fazla bilgi edinin\" rel=\"nofollow\" data-success_message=\"\">Devam\u0131n\u0131 oku<\/a>\t<span id=\"woocommerce_loop_add_to_cart_link_describedby_2988\" class=\"screen-reader-text\">\n\t\t\t<\/span>\n<\/li>\n<li class=\"product type-product post-2991 status-publish last instock product_cat-frozen shipping-taxable product-type-simple\">\n\t<a href=\"\" class=\"woocommerce-LoopProduct-link woocommerce-loop-product__link\"><img fetchpriority=\"high\" decoding=\"async\" width=\"300\" height=\"300\" src=\"https:\/\/payidarcoffeelounge.com\/wp-content\/uploads\/woocommerce-placeholder-300x300.webp\" class=\"woocommerce-placeholder wp-post-image\" alt=\"Yer tutucu\" srcset=\"https:\/\/payidarcoffeelounge.com\/wp-content\/uploads\/woocommerce-placeholder-300x300.webp 300w, https:\/\/payidarcoffeelounge.com\/wp-content\/uploads\/woocommerce-placeholder-100x100.webp 100w, https:\/\/payidarcoffeelounge.com\/wp-content\/uploads\/woocommerce-placeholder-600x600.webp 600w, https:\/\/payidarcoffeelounge.com\/wp-content\/uploads\/woocommerce-placeholder-1024x1024.webp 1024w, https:\/\/payidarcoffeelounge.com\/wp-content\/uploads\/woocommerce-placeholder-150x150.webp 150w, https:\/\/payidarcoffeelounge.com\/wp-content\/uploads\/woocommerce-placeholder-768x768.webp 768w, https:\/\/payidarcoffeelounge.com\/wp-content\/uploads\/woocommerce-placeholder.webp 1200w\" sizes=\"(max-width: 300px) 100vw, 300px\" \/><span class=\"cat_product\">Frozen<\/span><h2 class=\"woocommerce-loop-product__title\">Mango Frozen<\/h2>\n\t<span class=\"price\"><span class=\"woocommerce-Price-amount amount\"><bdi><span class=\"woocommerce-Price-currencySymbol\">&#8378;<\/span>145,00<\/bdi><\/span><\/span>\n<\/a><a href=\"https:\/\/payidarcoffeelounge.com\/index.php\/product\/mango-frozen\/\" aria-describedby=\"woocommerce_loop_add_to_cart_link_describedby_2991\" data-quantity=\"1\" class=\"button product_type_simple\" data-product_id=\"2991\" data-product_sku=\"\" aria-label=\"&ldquo;Mango Frozen&rdquo; hakk\u0131nda daha fazla bilgi edinin\" rel=\"nofollow\" data-success_message=\"\">Devam\u0131n\u0131 oku<\/a>\t<span id=\"woocommerce_loop_add_to_cart_link_describedby_2991\" class=\"screen-reader-text\">\n\t\t\t<\/span>\n<\/li>\n<li class=\"product type-product post-2992 status-publish first instock product_cat-frozen shipping-taxable product-type-simple\">\n\t<a href=\"\" class=\"woocommerce-LoopProduct-link woocommerce-loop-product__link\"><img fetchpriority=\"high\" decoding=\"async\" width=\"300\" height=\"300\" src=\"https:\/\/payidarcoffeelounge.com\/wp-content\/uploads\/woocommerce-placeholder-300x300.webp\" class=\"woocommerce-placeholder wp-post-image\" alt=\"Yer tutucu\" srcset=\"https:\/\/payidarcoffeelounge.com\/wp-content\/uploads\/woocommerce-placeholder-300x300.webp 300w, https:\/\/payidarcoffeelounge.com\/wp-content\/uploads\/woocommerce-placeholder-100x100.webp 100w, https:\/\/payidarcoffeelounge.com\/wp-content\/uploads\/woocommerce-placeholder-600x600.webp 600w, https:\/\/payidarcoffeelounge.com\/wp-content\/uploads\/woocommerce-placeholder-1024x1024.webp 1024w, https:\/\/payidarcoffeelounge.com\/wp-content\/uploads\/woocommerce-placeholder-150x150.webp 150w, https:\/\/payidarcoffeelounge.com\/wp-content\/uploads\/woocommerce-placeholder-768x768.webp 768w, https:\/\/payidarcoffeelounge.com\/wp-content\/uploads\/woocommerce-placeholder.webp 1200w\" sizes=\"(max-width: 300px) 100vw, 300px\" \/><span class=\"cat_product\">Frozen<\/span><h2 class=\"woocommerce-loop-product__title\">Ye\u015fil Elma Frozen<\/h2>\n\t<span class=\"price\"><span class=\"woocommerce-Price-amount amount\"><bdi><span class=\"woocommerce-Price-currencySymbol\">&#8378;<\/span>145,00<\/bdi><\/span><\/span>\n<\/a><a href=\"https:\/\/payidarcoffeelounge.com\/index.php\/product\/yesil-elma-frozen\/\" aria-describedby=\"woocommerce_loop_add_to_cart_link_describedby_2992\" data-quantity=\"1\" class=\"button product_type_simple\" data-product_id=\"2992\" data-product_sku=\"\" aria-label=\"&ldquo;Ye\u015fil Elma Frozen&rdquo; hakk\u0131nda daha fazla bilgi edinin\" rel=\"nofollow\" data-success_message=\"\">Devam\u0131n\u0131 oku<\/a>\t<span id=\"woocommerce_loop_add_to_cart_link_describedby_2992\" class=\"screen-reader-text\">\n\t\t\t<\/span>\n<\/li>\n<\/ul>\n<\/div><\/div>\n\t\t\t\t\t\t<\/div>\n\t\t\t\t\t<\/div>\n\t\t\t\t<\/div>\n\t\t\t\t<\/div>\n\t\t","protected":false},"excerpt":{"rendered":"","protected":false},"author":1,"featured_media":0,"parent":0,"menu_order":0,"comment_status":"closed","ping_status":"closed","template":"","meta":{"footnotes":""},"class_list":["post-2930","page","type-page","status-publish","hentry"],"_links":{"self":[{"href":"https:\/\/payidarcoffeelounge.com\/index.php\/wp-json\/wp\/v2\/pages\/2930","targetHints":{"allow":["GET"]}}],"collection":[{"href":"https:\/\/payidarcoffeelounge.com\/index.php\/wp-json\/wp\/v2\/pages"}],"about":[{"href":"https:\/\/payidarcoffeelounge.com\/index.php\/wp-json\/wp\/v2\/types\/page"}],"author":[{"embeddable":true,"href":"https:\/\/payidarcoffeelounge.com\/index.php\/wp-json\/wp\/v2\/users\/1"}],"replies":[{"embeddable":true,"href":"https:\/\/payidarcoffeelounge.com\/index.php\/wp-json\/wp\/v2\/comments?post=2930"}],"version-history":[{"count":4,"href":"https:\/\/payidarcoffeelounge.com\/index.php\/wp-json\/wp\/v2\/pages\/2930\/revisions"}],"predecessor-version":[{"id":3111,"href":"https:\/\/payidarcoffeelounge.com\/index.php\/wp-json\/wp\/v2\/pages\/2930\/revisions\/3111"}],"wp:attachment":[{"href":"https:\/\/payidarcoffeelounge.com\/index.php\/wp-json\/wp\/v2\/media?parent=2930"}],"curies":[{"name":"wp","href":"https:\/\/api.w.org\/{rel}","templated":true}]}}