{"id":2928,"date":"2025-12-05T19:20:03","date_gmt":"2025-12-05T19:20:03","guid":{"rendered":"https:\/\/payidarcoffeelounge.com\/?page_id=2928"},"modified":"2025-12-05T20:04:23","modified_gmt":"2025-12-05T20:04:23","slug":"frappe","status":"publish","type":"page","link":"https:\/\/payidarcoffeelounge.com\/index.php\/frappe\/","title":{"rendered":"FRAPPE"},"content":{"rendered":"\t\t<div data-elementor-type=\"wp-page\" data-elementor-id=\"2928\" class=\"elementor elementor-2928\">\n\t\t\t\t<div class=\"elementor-element elementor-element-cdaf3a9 e-flex e-con-boxed e-con e-parent\" data-id=\"cdaf3a9\" data-element_type=\"container\">\n\t\t\t\t\t<div class=\"e-con-inner\">\n\t\t\t\t<div class=\"elementor-element elementor-element-c84275f elementor-widget elementor-widget-shortcode\" data-id=\"c84275f\" data-element_type=\"widget\" data-widget_type=\"shortcode.default\">\n\t\t\t\t\t\t\t<div class=\"elementor-shortcode\"><div class=\"woocommerce columns-3 \"><ul class=\"products columns-3\">\n<li class=\"product type-product post-2982 status-publish first instock product_cat-frappe shipping-taxable product-type-simple\">\n\t<a href=\"\" class=\"woocommerce-LoopProduct-link woocommerce-loop-product__link\"><img fetchpriority=\"high\" decoding=\"async\" width=\"300\" height=\"300\" src=\"https:\/\/payidarcoffeelounge.com\/wp-content\/uploads\/woocommerce-placeholder-300x300.webp\" class=\"woocommerce-placeholder wp-post-image\" alt=\"Yer tutucu\" srcset=\"https:\/\/payidarcoffeelounge.com\/wp-content\/uploads\/woocommerce-placeholder-300x300.webp 300w, https:\/\/payidarcoffeelounge.com\/wp-content\/uploads\/woocommerce-placeholder-100x100.webp 100w, https:\/\/payidarcoffeelounge.com\/wp-content\/uploads\/woocommerce-placeholder-600x600.webp 600w, https:\/\/payidarcoffeelounge.com\/wp-content\/uploads\/woocommerce-placeholder-1024x1024.webp 1024w, https:\/\/payidarcoffeelounge.com\/wp-content\/uploads\/woocommerce-placeholder-150x150.webp 150w, https:\/\/payidarcoffeelounge.com\/wp-content\/uploads\/woocommerce-placeholder-768x768.webp 768w, https:\/\/payidarcoffeelounge.com\/wp-content\/uploads\/woocommerce-placeholder.webp 1200w\" sizes=\"(max-width: 300px) 100vw, 300px\" \/><span class=\"cat_product\">Frappe<\/span><h2 class=\"woocommerce-loop-product__title\">\u00c7ikolatal\u0131 Frappe<\/h2>\n\t<span class=\"price\"><span class=\"woocommerce-Price-amount amount\"><bdi><span class=\"woocommerce-Price-currencySymbol\">&#8378;<\/span>165,00<\/bdi><\/span><\/span>\n<\/a><a href=\"https:\/\/payidarcoffeelounge.com\/index.php\/product\/cikolatali-frappe\/\" aria-describedby=\"woocommerce_loop_add_to_cart_link_describedby_2982\" data-quantity=\"1\" class=\"button product_type_simple\" data-product_id=\"2982\" data-product_sku=\"\" aria-label=\"&ldquo;\u00c7ikolatal\u0131 Frappe&rdquo; hakk\u0131nda daha fazla bilgi edinin\" rel=\"nofollow\" data-success_message=\"\">Devam\u0131n\u0131 oku<\/a>\t<span id=\"woocommerce_loop_add_to_cart_link_describedby_2982\" class=\"screen-reader-text\">\n\t\t\t<\/span>\n<\/li>\n<li class=\"product type-product post-2983 status-publish instock product_cat-frappe shipping-taxable product-type-simple\">\n\t<a href=\"\" class=\"woocommerce-LoopProduct-link woocommerce-loop-product__link\"><img fetchpriority=\"high\" decoding=\"async\" width=\"300\" height=\"300\" src=\"https:\/\/payidarcoffeelounge.com\/wp-content\/uploads\/woocommerce-placeholder-300x300.webp\" class=\"woocommerce-placeholder wp-post-image\" alt=\"Yer tutucu\" srcset=\"https:\/\/payidarcoffeelounge.com\/wp-content\/uploads\/woocommerce-placeholder-300x300.webp 300w, https:\/\/payidarcoffeelounge.com\/wp-content\/uploads\/woocommerce-placeholder-100x100.webp 100w, https:\/\/payidarcoffeelounge.com\/wp-content\/uploads\/woocommerce-placeholder-600x600.webp 600w, https:\/\/payidarcoffeelounge.com\/wp-content\/uploads\/woocommerce-placeholder-1024x1024.webp 1024w, https:\/\/payidarcoffeelounge.com\/wp-content\/uploads\/woocommerce-placeholder-150x150.webp 150w, https:\/\/payidarcoffeelounge.com\/wp-content\/uploads\/woocommerce-placeholder-768x768.webp 768w, https:\/\/payidarcoffeelounge.com\/wp-content\/uploads\/woocommerce-placeholder.webp 1200w\" sizes=\"(max-width: 300px) 100vw, 300px\" \/><span class=\"cat_product\">Frappe<\/span><h2 class=\"woocommerce-loop-product__title\">Karamel Frappe<\/h2>\n\t<span class=\"price\"><span class=\"woocommerce-Price-amount amount\"><bdi><span class=\"woocommerce-Price-currencySymbol\">&#8378;<\/span>165,00<\/bdi><\/span><\/span>\n<\/a><a href=\"https:\/\/payidarcoffeelounge.com\/index.php\/product\/karamel-frappe\/\" aria-describedby=\"woocommerce_loop_add_to_cart_link_describedby_2983\" data-quantity=\"1\" class=\"button product_type_simple\" data-product_id=\"2983\" data-product_sku=\"\" aria-label=\"&ldquo;Karamel Frappe&rdquo; hakk\u0131nda daha fazla bilgi edinin\" rel=\"nofollow\" data-success_message=\"\">Devam\u0131n\u0131 oku<\/a>\t<span id=\"woocommerce_loop_add_to_cart_link_describedby_2983\" class=\"screen-reader-text\">\n\t\t\t<\/span>\n<\/li>\n<li class=\"product type-product post-2984 status-publish last instock product_cat-frappe shipping-taxable product-type-simple\">\n\t<a href=\"\" class=\"woocommerce-LoopProduct-link woocommerce-loop-product__link\"><img fetchpriority=\"high\" decoding=\"async\" width=\"300\" height=\"300\" src=\"https:\/\/payidarcoffeelounge.com\/wp-content\/uploads\/woocommerce-placeholder-300x300.webp\" class=\"woocommerce-placeholder wp-post-image\" alt=\"Yer tutucu\" srcset=\"https:\/\/payidarcoffeelounge.com\/wp-content\/uploads\/woocommerce-placeholder-300x300.webp 300w, https:\/\/payidarcoffeelounge.com\/wp-content\/uploads\/woocommerce-placeholder-100x100.webp 100w, https:\/\/payidarcoffeelounge.com\/wp-content\/uploads\/woocommerce-placeholder-600x600.webp 600w, https:\/\/payidarcoffeelounge.com\/wp-content\/uploads\/woocommerce-placeholder-1024x1024.webp 1024w, https:\/\/payidarcoffeelounge.com\/wp-content\/uploads\/woocommerce-placeholder-150x150.webp 150w, https:\/\/payidarcoffeelounge.com\/wp-content\/uploads\/woocommerce-placeholder-768x768.webp 768w, https:\/\/payidarcoffeelounge.com\/wp-content\/uploads\/woocommerce-placeholder.webp 1200w\" sizes=\"(max-width: 300px) 100vw, 300px\" \/><span class=\"cat_product\">Frappe<\/span><h2 class=\"woocommerce-loop-product__title\">Muzlu Frappe<\/h2>\n\t<span class=\"price\"><span class=\"woocommerce-Price-amount amount\"><bdi><span class=\"woocommerce-Price-currencySymbol\">&#8378;<\/span>165,00<\/bdi><\/span><\/span>\n<\/a><a href=\"https:\/\/payidarcoffeelounge.com\/index.php\/product\/muzlu-frappe\/\" aria-describedby=\"woocommerce_loop_add_to_cart_link_describedby_2984\" data-quantity=\"1\" class=\"button product_type_simple\" data-product_id=\"2984\" data-product_sku=\"\" aria-label=\"&ldquo;Muzlu Frappe&rdquo; hakk\u0131nda daha fazla bilgi edinin\" rel=\"nofollow\" data-success_message=\"\">Devam\u0131n\u0131 oku<\/a>\t<span id=\"woocommerce_loop_add_to_cart_link_describedby_2984\" class=\"screen-reader-text\">\n\t\t\t<\/span>\n<\/li>\n<li class=\"product type-product post-2985 status-publish first instock product_cat-frappe shipping-taxable product-type-simple\">\n\t<a href=\"\" class=\"woocommerce-LoopProduct-link woocommerce-loop-product__link\"><img fetchpriority=\"high\" decoding=\"async\" width=\"300\" height=\"300\" src=\"https:\/\/payidarcoffeelounge.com\/wp-content\/uploads\/woocommerce-placeholder-300x300.webp\" class=\"woocommerce-placeholder wp-post-image\" alt=\"Yer tutucu\" srcset=\"https:\/\/payidarcoffeelounge.com\/wp-content\/uploads\/woocommerce-placeholder-300x300.webp 300w, https:\/\/payidarcoffeelounge.com\/wp-content\/uploads\/woocommerce-placeholder-100x100.webp 100w, https:\/\/payidarcoffeelounge.com\/wp-content\/uploads\/woocommerce-placeholder-600x600.webp 600w, https:\/\/payidarcoffeelounge.com\/wp-content\/uploads\/woocommerce-placeholder-1024x1024.webp 1024w, https:\/\/payidarcoffeelounge.com\/wp-content\/uploads\/woocommerce-placeholder-150x150.webp 150w, https:\/\/payidarcoffeelounge.com\/wp-content\/uploads\/woocommerce-placeholder-768x768.webp 768w, https:\/\/payidarcoffeelounge.com\/wp-content\/uploads\/woocommerce-placeholder.webp 1200w\" sizes=\"(max-width: 300px) 100vw, 300px\" \/><span class=\"cat_product\">Frappe<\/span><h2 class=\"woocommerce-loop-product__title\">Oreo Frappe<\/h2>\n\t<span class=\"price\"><span class=\"woocommerce-Price-amount amount\"><bdi><span class=\"woocommerce-Price-currencySymbol\">&#8378;<\/span>165,00<\/bdi><\/span><\/span>\n<\/a><a href=\"https:\/\/payidarcoffeelounge.com\/index.php\/product\/oreo-frappe\/\" aria-describedby=\"woocommerce_loop_add_to_cart_link_describedby_2985\" data-quantity=\"1\" class=\"button product_type_simple\" data-product_id=\"2985\" data-product_sku=\"\" aria-label=\"&ldquo;Oreo Frappe&rdquo; hakk\u0131nda daha fazla bilgi edinin\" rel=\"nofollow\" data-success_message=\"\">Devam\u0131n\u0131 oku<\/a>\t<span id=\"woocommerce_loop_add_to_cart_link_describedby_2985\" class=\"screen-reader-text\">\n\t\t\t<\/span>\n<\/li>\n<\/ul>\n<\/div><\/div>\n\t\t\t\t\t\t<\/div>\n\t\t\t\t\t<\/div>\n\t\t\t\t<\/div>\n\t\t\t\t<\/div>\n\t\t","protected":false},"excerpt":{"rendered":"","protected":false},"author":1,"featured_media":0,"parent":0,"menu_order":0,"comment_status":"closed","ping_status":"closed","template":"","meta":{"footnotes":""},"class_list":["post-2928","page","type-page","status-publish","hentry"],"_links":{"self":[{"href":"https:\/\/payidarcoffeelounge.com\/index.php\/wp-json\/wp\/v2\/pages\/2928","targetHints":{"allow":["GET"]}}],"collection":[{"href":"https:\/\/payidarcoffeelounge.com\/index.php\/wp-json\/wp\/v2\/pages"}],"about":[{"href":"https:\/\/payidarcoffeelounge.com\/index.php\/wp-json\/wp\/v2\/types\/page"}],"author":[{"embeddable":true,"href":"https:\/\/payidarcoffeelounge.com\/index.php\/wp-json\/wp\/v2\/users\/1"}],"replies":[{"embeddable":true,"href":"https:\/\/payidarcoffeelounge.com\/index.php\/wp-json\/wp\/v2\/comments?post=2928"}],"version-history":[{"count":4,"href":"https:\/\/payidarcoffeelounge.com\/index.php\/wp-json\/wp\/v2\/pages\/2928\/revisions"}],"predecessor-version":[{"id":3108,"href":"https:\/\/payidarcoffeelounge.com\/index.php\/wp-json\/wp\/v2\/pages\/2928\/revisions\/3108"}],"wp:attachment":[{"href":"https:\/\/payidarcoffeelounge.com\/index.php\/wp-json\/wp\/v2\/media?parent=2928"}],"curies":[{"name":"wp","href":"https:\/\/api.w.org\/{rel}","templated":true}]}}