{"id":2903,"date":"2025-12-05T19:16:09","date_gmt":"2025-12-05T19:16:09","guid":{"rendered":"https:\/\/payidarcoffeelounge.com\/?page_id=2903"},"modified":"2025-12-05T20:11:32","modified_gmt":"2025-12-05T20:11:32","slug":"salatalar","status":"publish","type":"page","link":"https:\/\/payidarcoffeelounge.com\/index.php\/salatalar\/","title":{"rendered":"SALATALAR"},"content":{"rendered":"\t\t<div data-elementor-type=\"wp-page\" data-elementor-id=\"2903\" class=\"elementor elementor-2903\">\n\t\t\t\t<div class=\"elementor-element elementor-element-b9f6380 e-flex e-con-boxed e-con e-parent\" data-id=\"b9f6380\" data-element_type=\"container\">\n\t\t\t\t\t<div class=\"e-con-inner\">\n\t\t\t\t<div class=\"elementor-element elementor-element-6e4cd5d elementor-widget elementor-widget-shortcode\" data-id=\"6e4cd5d\" data-element_type=\"widget\" data-widget_type=\"shortcode.default\">\n\t\t\t\t\t\t\t<div class=\"elementor-shortcode\"><div class=\"woocommerce columns-3 \"><ul class=\"products columns-3\">\n<li class=\"product type-product post-3025 status-publish first instock product_cat-salatalar shipping-taxable product-type-simple\">\n\t<a href=\"\" class=\"woocommerce-LoopProduct-link woocommerce-loop-product__link\"><img fetchpriority=\"high\" decoding=\"async\" width=\"300\" height=\"300\" src=\"https:\/\/payidarcoffeelounge.com\/wp-content\/uploads\/woocommerce-placeholder-300x300.webp\" class=\"woocommerce-placeholder wp-post-image\" alt=\"Yer tutucu\" srcset=\"https:\/\/payidarcoffeelounge.com\/wp-content\/uploads\/woocommerce-placeholder-300x300.webp 300w, https:\/\/payidarcoffeelounge.com\/wp-content\/uploads\/woocommerce-placeholder-100x100.webp 100w, https:\/\/payidarcoffeelounge.com\/wp-content\/uploads\/woocommerce-placeholder-600x600.webp 600w, https:\/\/payidarcoffeelounge.com\/wp-content\/uploads\/woocommerce-placeholder-1024x1024.webp 1024w, https:\/\/payidarcoffeelounge.com\/wp-content\/uploads\/woocommerce-placeholder-150x150.webp 150w, https:\/\/payidarcoffeelounge.com\/wp-content\/uploads\/woocommerce-placeholder-768x768.webp 768w, https:\/\/payidarcoffeelounge.com\/wp-content\/uploads\/woocommerce-placeholder.webp 1200w\" sizes=\"(max-width: 300px) 100vw, 300px\" \/><span class=\"cat_product\">Salatalar<\/span><h2 class=\"woocommerce-loop-product__title\">(Sporcu) Bowl Salata<\/h2>\n<\/a><a href=\"https:\/\/payidarcoffeelounge.com\/index.php\/product\/sporcu-bowl-salata\/\" aria-describedby=\"woocommerce_loop_add_to_cart_link_describedby_3025\" data-quantity=\"1\" class=\"button product_type_simple\" data-product_id=\"3025\" data-product_sku=\"\" aria-label=\"&ldquo;(Sporcu) Bowl Salata&rdquo; hakk\u0131nda daha fazla bilgi edinin\" rel=\"nofollow\" data-success_message=\"\">Devam\u0131n\u0131 oku<\/a>\t<span id=\"woocommerce_loop_add_to_cart_link_describedby_3025\" class=\"screen-reader-text\">\n\t\t\t<\/span>\n<\/li>\n<li class=\"product type-product post-3026 status-publish instock product_cat-salatalar shipping-taxable product-type-simple\">\n\t<a href=\"\" class=\"woocommerce-LoopProduct-link woocommerce-loop-product__link\"><img fetchpriority=\"high\" decoding=\"async\" width=\"300\" height=\"300\" src=\"https:\/\/payidarcoffeelounge.com\/wp-content\/uploads\/woocommerce-placeholder-300x300.webp\" class=\"woocommerce-placeholder wp-post-image\" alt=\"Yer tutucu\" srcset=\"https:\/\/payidarcoffeelounge.com\/wp-content\/uploads\/woocommerce-placeholder-300x300.webp 300w, https:\/\/payidarcoffeelounge.com\/wp-content\/uploads\/woocommerce-placeholder-100x100.webp 100w, https:\/\/payidarcoffeelounge.com\/wp-content\/uploads\/woocommerce-placeholder-600x600.webp 600w, https:\/\/payidarcoffeelounge.com\/wp-content\/uploads\/woocommerce-placeholder-1024x1024.webp 1024w, https:\/\/payidarcoffeelounge.com\/wp-content\/uploads\/woocommerce-placeholder-150x150.webp 150w, https:\/\/payidarcoffeelounge.com\/wp-content\/uploads\/woocommerce-placeholder-768x768.webp 768w, https:\/\/payidarcoffeelounge.com\/wp-content\/uploads\/woocommerce-placeholder.webp 1200w\" sizes=\"(max-width: 300px) 100vw, 300px\" \/><span class=\"cat_product\">Salatalar<\/span><h2 class=\"woocommerce-loop-product__title\">Avokado Salata<\/h2>\n<\/a><a href=\"https:\/\/payidarcoffeelounge.com\/index.php\/product\/avokado-salata\/\" aria-describedby=\"woocommerce_loop_add_to_cart_link_describedby_3026\" data-quantity=\"1\" class=\"button product_type_simple\" data-product_id=\"3026\" data-product_sku=\"\" aria-label=\"&ldquo;Avokado Salata&rdquo; hakk\u0131nda daha fazla bilgi edinin\" rel=\"nofollow\" data-success_message=\"\">Devam\u0131n\u0131 oku<\/a>\t<span id=\"woocommerce_loop_add_to_cart_link_describedby_3026\" class=\"screen-reader-text\">\n\t\t\t<\/span>\n<\/li>\n<li class=\"product type-product post-3027 status-publish last instock product_cat-salatalar shipping-taxable product-type-simple\">\n\t<a href=\"\" class=\"woocommerce-LoopProduct-link woocommerce-loop-product__link\"><img fetchpriority=\"high\" decoding=\"async\" width=\"300\" height=\"300\" src=\"https:\/\/payidarcoffeelounge.com\/wp-content\/uploads\/woocommerce-placeholder-300x300.webp\" class=\"woocommerce-placeholder wp-post-image\" alt=\"Yer tutucu\" srcset=\"https:\/\/payidarcoffeelounge.com\/wp-content\/uploads\/woocommerce-placeholder-300x300.webp 300w, https:\/\/payidarcoffeelounge.com\/wp-content\/uploads\/woocommerce-placeholder-100x100.webp 100w, https:\/\/payidarcoffeelounge.com\/wp-content\/uploads\/woocommerce-placeholder-600x600.webp 600w, https:\/\/payidarcoffeelounge.com\/wp-content\/uploads\/woocommerce-placeholder-1024x1024.webp 1024w, https:\/\/payidarcoffeelounge.com\/wp-content\/uploads\/woocommerce-placeholder-150x150.webp 150w, https:\/\/payidarcoffeelounge.com\/wp-content\/uploads\/woocommerce-placeholder-768x768.webp 768w, https:\/\/payidarcoffeelounge.com\/wp-content\/uploads\/woocommerce-placeholder.webp 1200w\" sizes=\"(max-width: 300px) 100vw, 300px\" \/><span class=\"cat_product\">Salatalar<\/span><h2 class=\"woocommerce-loop-product__title\">\u00c7oban Salata<\/h2>\n\t<span class=\"price\"><span class=\"woocommerce-Price-amount amount\"><bdi><span class=\"woocommerce-Price-currencySymbol\">&#8378;<\/span>250,00<\/bdi><\/span><\/span>\n<\/a><a href=\"https:\/\/payidarcoffeelounge.com\/index.php\/product\/coban-salata\/\" aria-describedby=\"woocommerce_loop_add_to_cart_link_describedby_3027\" data-quantity=\"1\" class=\"button product_type_simple\" data-product_id=\"3027\" data-product_sku=\"\" aria-label=\"&ldquo;\u00c7oban Salata&rdquo; hakk\u0131nda daha fazla bilgi edinin\" rel=\"nofollow\" data-success_message=\"\">Devam\u0131n\u0131 oku<\/a>\t<span id=\"woocommerce_loop_add_to_cart_link_describedby_3027\" class=\"screen-reader-text\">\n\t\t\t<\/span>\n<\/li>\n<li class=\"product type-product post-3030 status-publish first instock product_cat-salatalar shipping-taxable product-type-simple\">\n\t<a href=\"\" class=\"woocommerce-LoopProduct-link woocommerce-loop-product__link\"><img fetchpriority=\"high\" decoding=\"async\" width=\"300\" height=\"300\" src=\"https:\/\/payidarcoffeelounge.com\/wp-content\/uploads\/woocommerce-placeholder-300x300.webp\" class=\"woocommerce-placeholder wp-post-image\" alt=\"Yer tutucu\" srcset=\"https:\/\/payidarcoffeelounge.com\/wp-content\/uploads\/woocommerce-placeholder-300x300.webp 300w, https:\/\/payidarcoffeelounge.com\/wp-content\/uploads\/woocommerce-placeholder-100x100.webp 100w, https:\/\/payidarcoffeelounge.com\/wp-content\/uploads\/woocommerce-placeholder-600x600.webp 600w, https:\/\/payidarcoffeelounge.com\/wp-content\/uploads\/woocommerce-placeholder-1024x1024.webp 1024w, https:\/\/payidarcoffeelounge.com\/wp-content\/uploads\/woocommerce-placeholder-150x150.webp 150w, https:\/\/payidarcoffeelounge.com\/wp-content\/uploads\/woocommerce-placeholder-768x768.webp 768w, https:\/\/payidarcoffeelounge.com\/wp-content\/uploads\/woocommerce-placeholder.webp 1200w\" sizes=\"(max-width: 300px) 100vw, 300px\" \/><span class=\"cat_product\">Salatalar<\/span><h2 class=\"woocommerce-loop-product__title\">Meyveli K\u0131rma Payidar<\/h2>\n<\/a><a href=\"https:\/\/payidarcoffeelounge.com\/index.php\/product\/meyveli-kirma-payidar\/\" aria-describedby=\"woocommerce_loop_add_to_cart_link_describedby_3030\" data-quantity=\"1\" class=\"button product_type_simple\" data-product_id=\"3030\" data-product_sku=\"\" aria-label=\"&ldquo;Meyveli K\u0131rma Payidar&rdquo; hakk\u0131nda daha fazla bilgi edinin\" rel=\"nofollow\" data-success_message=\"\">Devam\u0131n\u0131 oku<\/a>\t<span id=\"woocommerce_loop_add_to_cart_link_describedby_3030\" class=\"screen-reader-text\">\n\t\t\t<\/span>\n<\/li>\n<li class=\"product type-product post-3029 status-publish instock product_cat-salatalar shipping-taxable product-type-simple\">\n\t<a href=\"\" class=\"woocommerce-LoopProduct-link woocommerce-loop-product__link\"><img fetchpriority=\"high\" decoding=\"async\" width=\"300\" height=\"300\" src=\"https:\/\/payidarcoffeelounge.com\/wp-content\/uploads\/woocommerce-placeholder-300x300.webp\" class=\"woocommerce-placeholder wp-post-image\" alt=\"Yer tutucu\" srcset=\"https:\/\/payidarcoffeelounge.com\/wp-content\/uploads\/woocommerce-placeholder-300x300.webp 300w, https:\/\/payidarcoffeelounge.com\/wp-content\/uploads\/woocommerce-placeholder-100x100.webp 100w, https:\/\/payidarcoffeelounge.com\/wp-content\/uploads\/woocommerce-placeholder-600x600.webp 600w, https:\/\/payidarcoffeelounge.com\/wp-content\/uploads\/woocommerce-placeholder-1024x1024.webp 1024w, https:\/\/payidarcoffeelounge.com\/wp-content\/uploads\/woocommerce-placeholder-150x150.webp 150w, https:\/\/payidarcoffeelounge.com\/wp-content\/uploads\/woocommerce-placeholder-768x768.webp 768w, https:\/\/payidarcoffeelounge.com\/wp-content\/uploads\/woocommerce-placeholder.webp 1200w\" sizes=\"(max-width: 300px) 100vw, 300px\" \/><span class=\"cat_product\">Salatalar<\/span><h2 class=\"woocommerce-loop-product__title\">Sezar Salata<\/h2>\n\t<span class=\"price\"><span class=\"woocommerce-Price-amount amount\"><bdi><span class=\"woocommerce-Price-currencySymbol\">&#8378;<\/span>295,00<\/bdi><\/span><\/span>\n<\/a><a href=\"https:\/\/payidarcoffeelounge.com\/index.php\/product\/sezar-salata\/\" aria-describedby=\"woocommerce_loop_add_to_cart_link_describedby_3029\" data-quantity=\"1\" class=\"button product_type_simple\" data-product_id=\"3029\" data-product_sku=\"\" aria-label=\"&ldquo;Sezar Salata&rdquo; hakk\u0131nda daha fazla bilgi edinin\" rel=\"nofollow\" data-success_message=\"\">Devam\u0131n\u0131 oku<\/a>\t<span id=\"woocommerce_loop_add_to_cart_link_describedby_3029\" class=\"screen-reader-text\">\n\t\t\t<\/span>\n<\/li>\n<li class=\"product type-product post-3031 status-publish last instock product_cat-salatalar shipping-taxable product-type-simple\">\n\t<a href=\"\" class=\"woocommerce-LoopProduct-link woocommerce-loop-product__link\"><img fetchpriority=\"high\" decoding=\"async\" width=\"300\" height=\"300\" src=\"https:\/\/payidarcoffeelounge.com\/wp-content\/uploads\/woocommerce-placeholder-300x300.webp\" class=\"woocommerce-placeholder wp-post-image\" alt=\"Yer tutucu\" srcset=\"https:\/\/payidarcoffeelounge.com\/wp-content\/uploads\/woocommerce-placeholder-300x300.webp 300w, https:\/\/payidarcoffeelounge.com\/wp-content\/uploads\/woocommerce-placeholder-100x100.webp 100w, https:\/\/payidarcoffeelounge.com\/wp-content\/uploads\/woocommerce-placeholder-600x600.webp 600w, https:\/\/payidarcoffeelounge.com\/wp-content\/uploads\/woocommerce-placeholder-1024x1024.webp 1024w, https:\/\/payidarcoffeelounge.com\/wp-content\/uploads\/woocommerce-placeholder-150x150.webp 150w, https:\/\/payidarcoffeelounge.com\/wp-content\/uploads\/woocommerce-placeholder-768x768.webp 768w, https:\/\/payidarcoffeelounge.com\/wp-content\/uploads\/woocommerce-placeholder.webp 1200w\" sizes=\"(max-width: 300px) 100vw, 300px\" \/><span class=\"cat_product\">Salatalar<\/span><h2 class=\"woocommerce-loop-product__title\">Special Salata<\/h2>\n<\/a><a href=\"https:\/\/payidarcoffeelounge.com\/index.php\/product\/special-salata\/\" aria-describedby=\"woocommerce_loop_add_to_cart_link_describedby_3031\" data-quantity=\"1\" class=\"button product_type_simple\" data-product_id=\"3031\" data-product_sku=\"\" aria-label=\"&ldquo;Special Salata&rdquo; hakk\u0131nda daha fazla bilgi edinin\" rel=\"nofollow\" data-success_message=\"\">Devam\u0131n\u0131 oku<\/a>\t<span id=\"woocommerce_loop_add_to_cart_link_describedby_3031\" class=\"screen-reader-text\">\n\t\t\t<\/span>\n<\/li>\n<li class=\"product type-product post-3028 status-publish first instock product_cat-salatalar shipping-taxable product-type-simple\">\n\t<a href=\"\" class=\"woocommerce-LoopProduct-link woocommerce-loop-product__link\"><img fetchpriority=\"high\" decoding=\"async\" width=\"300\" height=\"300\" src=\"https:\/\/payidarcoffeelounge.com\/wp-content\/uploads\/woocommerce-placeholder-300x300.webp\" class=\"woocommerce-placeholder wp-post-image\" alt=\"Yer tutucu\" srcset=\"https:\/\/payidarcoffeelounge.com\/wp-content\/uploads\/woocommerce-placeholder-300x300.webp 300w, https:\/\/payidarcoffeelounge.com\/wp-content\/uploads\/woocommerce-placeholder-100x100.webp 100w, https:\/\/payidarcoffeelounge.com\/wp-content\/uploads\/woocommerce-placeholder-600x600.webp 600w, https:\/\/payidarcoffeelounge.com\/wp-content\/uploads\/woocommerce-placeholder-1024x1024.webp 1024w, https:\/\/payidarcoffeelounge.com\/wp-content\/uploads\/woocommerce-placeholder-150x150.webp 150w, https:\/\/payidarcoffeelounge.com\/wp-content\/uploads\/woocommerce-placeholder-768x768.webp 768w, https:\/\/payidarcoffeelounge.com\/wp-content\/uploads\/woocommerce-placeholder.webp 1200w\" sizes=\"(max-width: 300px) 100vw, 300px\" \/><span class=\"cat_product\">Salatalar<\/span><h2 class=\"woocommerce-loop-product__title\">Ton Bal\u0131kl\u0131 Salata<\/h2>\n\t<span class=\"price\"><span class=\"woocommerce-Price-amount amount\"><bdi><span class=\"woocommerce-Price-currencySymbol\">&#8378;<\/span>295,00<\/bdi><\/span><\/span>\n<\/a><a href=\"https:\/\/payidarcoffeelounge.com\/index.php\/product\/ton-balikli-salata\/\" aria-describedby=\"woocommerce_loop_add_to_cart_link_describedby_3028\" data-quantity=\"1\" class=\"button product_type_simple\" data-product_id=\"3028\" data-product_sku=\"\" aria-label=\"&ldquo;Ton Bal\u0131kl\u0131 Salata&rdquo; hakk\u0131nda daha fazla bilgi edinin\" rel=\"nofollow\" data-success_message=\"\">Devam\u0131n\u0131 oku<\/a>\t<span id=\"woocommerce_loop_add_to_cart_link_describedby_3028\" class=\"screen-reader-text\">\n\t\t\t<\/span>\n<\/li>\n<\/ul>\n<\/div><\/div>\n\t\t\t\t\t\t<\/div>\n\t\t\t\t\t<\/div>\n\t\t\t\t<\/div>\n\t\t\t\t<\/div>\n\t\t","protected":false},"excerpt":{"rendered":"","protected":false},"author":1,"featured_media":0,"parent":0,"menu_order":0,"comment_status":"closed","ping_status":"closed","template":"","meta":{"footnotes":""},"class_list":["post-2903","page","type-page","status-publish","hentry"],"_links":{"self":[{"href":"https:\/\/payidarcoffeelounge.com\/index.php\/wp-json\/wp\/v2\/pages\/2903","targetHints":{"allow":["GET"]}}],"collection":[{"href":"https:\/\/payidarcoffeelounge.com\/index.php\/wp-json\/wp\/v2\/pages"}],"about":[{"href":"https:\/\/payidarcoffeelounge.com\/index.php\/wp-json\/wp\/v2\/types\/page"}],"author":[{"embeddable":true,"href":"https:\/\/payidarcoffeelounge.com\/index.php\/wp-json\/wp\/v2\/users\/1"}],"replies":[{"embeddable":true,"href":"https:\/\/payidarcoffeelounge.com\/index.php\/wp-json\/wp\/v2\/comments?post=2903"}],"version-history":[{"count":4,"href":"https:\/\/payidarcoffeelounge.com\/index.php\/wp-json\/wp\/v2\/pages\/2903\/revisions"}],"predecessor-version":[{"id":3133,"href":"https:\/\/payidarcoffeelounge.com\/index.php\/wp-json\/wp\/v2\/pages\/2903\/revisions\/3133"}],"wp:attachment":[{"href":"https:\/\/payidarcoffeelounge.com\/index.php\/wp-json\/wp\/v2\/media?parent=2903"}],"curies":[{"name":"wp","href":"https:\/\/api.w.org\/{rel}","templated":true}]}}