{"id":2732,"date":"2025-12-05T18:21:20","date_gmt":"2025-12-05T18:21:20","guid":{"rendered":"https:\/\/payidarcoffeelounge.com\/?page_id=2732"},"modified":"2025-12-05T21:03:53","modified_gmt":"2025-12-05T21:03:53","slug":"caylar","status":"publish","type":"page","link":"https:\/\/payidarcoffeelounge.com\/index.php\/caylar\/","title":{"rendered":"\u00c7AYLAR"},"content":{"rendered":"\t\t<div data-elementor-type=\"wp-page\" data-elementor-id=\"2732\" class=\"elementor elementor-2732\">\n\t\t\t\t<div class=\"elementor-element elementor-element-36ce459 e-flex e-con-boxed e-con e-parent\" data-id=\"36ce459\" data-element_type=\"container\">\n\t\t\t\t\t<div class=\"e-con-inner\">\n\t\t\t\t<div class=\"elementor-element elementor-element-41a97ea elementor-widget elementor-widget-shortcode\" data-id=\"41a97ea\" data-element_type=\"widget\" data-widget_type=\"shortcode.default\">\n\t\t\t\t\t\t\t<div class=\"elementor-shortcode\"><div class=\"woocommerce columns-3 \"><ul class=\"products columns-3\">\n<li class=\"product type-product post-2961 status-publish first instock product_cat-caylar shipping-taxable product-type-simple\">\n\t<a href=\"\" class=\"woocommerce-LoopProduct-link woocommerce-loop-product__link\"><img fetchpriority=\"high\" decoding=\"async\" width=\"300\" height=\"300\" src=\"https:\/\/payidarcoffeelounge.com\/wp-content\/uploads\/woocommerce-placeholder-300x300.webp\" class=\"woocommerce-placeholder wp-post-image\" alt=\"Yer tutucu\" srcset=\"https:\/\/payidarcoffeelounge.com\/wp-content\/uploads\/woocommerce-placeholder-300x300.webp 300w, https:\/\/payidarcoffeelounge.com\/wp-content\/uploads\/woocommerce-placeholder-100x100.webp 100w, https:\/\/payidarcoffeelounge.com\/wp-content\/uploads\/woocommerce-placeholder-600x600.webp 600w, https:\/\/payidarcoffeelounge.com\/wp-content\/uploads\/woocommerce-placeholder-1024x1024.webp 1024w, https:\/\/payidarcoffeelounge.com\/wp-content\/uploads\/woocommerce-placeholder-150x150.webp 150w, https:\/\/payidarcoffeelounge.com\/wp-content\/uploads\/woocommerce-placeholder-768x768.webp 768w, https:\/\/payidarcoffeelounge.com\/wp-content\/uploads\/woocommerce-placeholder.webp 1200w\" sizes=\"(max-width: 300px) 100vw, 300px\" \/><span class=\"cat_product\">\u00c7aylar<\/span><h2 class=\"woocommerce-loop-product__title\">Ada\u00e7ay\u0131<\/h2>\n\t<span class=\"price\"><span class=\"woocommerce-Price-amount amount\"><bdi><span class=\"woocommerce-Price-currencySymbol\">&#8378;<\/span>105,00<\/bdi><\/span><\/span>\n<\/a><a href=\"https:\/\/payidarcoffeelounge.com\/index.php\/product\/adacayi\/\" aria-describedby=\"woocommerce_loop_add_to_cart_link_describedby_2961\" data-quantity=\"1\" class=\"button product_type_simple\" data-product_id=\"2961\" data-product_sku=\"\" aria-label=\"&ldquo;Ada\u00e7ay\u0131&rdquo; hakk\u0131nda daha fazla bilgi edinin\" rel=\"nofollow\" data-success_message=\"\">Devam\u0131n\u0131 oku<\/a>\t<span id=\"woocommerce_loop_add_to_cart_link_describedby_2961\" class=\"screen-reader-text\">\n\t\t\t<\/span>\n<\/li>\n<li class=\"product type-product post-2957 status-publish instock product_cat-caylar shipping-taxable product-type-simple\">\n\t<a href=\"\" class=\"woocommerce-LoopProduct-link woocommerce-loop-product__link\"><img fetchpriority=\"high\" decoding=\"async\" width=\"300\" height=\"300\" src=\"https:\/\/payidarcoffeelounge.com\/wp-content\/uploads\/woocommerce-placeholder-300x300.webp\" class=\"woocommerce-placeholder wp-post-image\" alt=\"Yer tutucu\" srcset=\"https:\/\/payidarcoffeelounge.com\/wp-content\/uploads\/woocommerce-placeholder-300x300.webp 300w, https:\/\/payidarcoffeelounge.com\/wp-content\/uploads\/woocommerce-placeholder-100x100.webp 100w, https:\/\/payidarcoffeelounge.com\/wp-content\/uploads\/woocommerce-placeholder-600x600.webp 600w, https:\/\/payidarcoffeelounge.com\/wp-content\/uploads\/woocommerce-placeholder-1024x1024.webp 1024w, https:\/\/payidarcoffeelounge.com\/wp-content\/uploads\/woocommerce-placeholder-150x150.webp 150w, https:\/\/payidarcoffeelounge.com\/wp-content\/uploads\/woocommerce-placeholder-768x768.webp 768w, https:\/\/payidarcoffeelounge.com\/wp-content\/uploads\/woocommerce-placeholder.webp 1200w\" sizes=\"(max-width: 300px) 100vw, 300px\" \/><span class=\"cat_product\">\u00c7aylar<\/span><h2 class=\"woocommerce-loop-product__title\">Demleme \u00c7ay<\/h2>\n\t<span class=\"price\"><span class=\"woocommerce-Price-amount amount\"><bdi><span class=\"woocommerce-Price-currencySymbol\">&#8378;<\/span>40,00<\/bdi><\/span><\/span>\n<\/a><a href=\"https:\/\/payidarcoffeelounge.com\/index.php\/product\/demleme-cay\/\" aria-describedby=\"woocommerce_loop_add_to_cart_link_describedby_2957\" data-quantity=\"1\" class=\"button product_type_simple\" data-product_id=\"2957\" data-product_sku=\"\" aria-label=\"&ldquo;Demleme \u00c7ay&rdquo; hakk\u0131nda daha fazla bilgi edinin\" rel=\"nofollow\" data-success_message=\"\">Devam\u0131n\u0131 oku<\/a>\t<span id=\"woocommerce_loop_add_to_cart_link_describedby_2957\" class=\"screen-reader-text\">\n\t\t\t<\/span>\n<\/li>\n<li class=\"product type-product post-2958 status-publish last instock product_cat-caylar shipping-taxable product-type-simple\">\n\t<a href=\"\" class=\"woocommerce-LoopProduct-link woocommerce-loop-product__link\"><img fetchpriority=\"high\" decoding=\"async\" width=\"300\" height=\"300\" src=\"https:\/\/payidarcoffeelounge.com\/wp-content\/uploads\/woocommerce-placeholder-300x300.webp\" class=\"woocommerce-placeholder wp-post-image\" alt=\"Yer tutucu\" srcset=\"https:\/\/payidarcoffeelounge.com\/wp-content\/uploads\/woocommerce-placeholder-300x300.webp 300w, https:\/\/payidarcoffeelounge.com\/wp-content\/uploads\/woocommerce-placeholder-100x100.webp 100w, https:\/\/payidarcoffeelounge.com\/wp-content\/uploads\/woocommerce-placeholder-600x600.webp 600w, https:\/\/payidarcoffeelounge.com\/wp-content\/uploads\/woocommerce-placeholder-1024x1024.webp 1024w, https:\/\/payidarcoffeelounge.com\/wp-content\/uploads\/woocommerce-placeholder-150x150.webp 150w, https:\/\/payidarcoffeelounge.com\/wp-content\/uploads\/woocommerce-placeholder-768x768.webp 768w, https:\/\/payidarcoffeelounge.com\/wp-content\/uploads\/woocommerce-placeholder.webp 1200w\" sizes=\"(max-width: 300px) 100vw, 300px\" \/><span class=\"cat_product\">\u00c7aylar<\/span><h2 class=\"woocommerce-loop-product__title\">Fincan \u00c7ay<\/h2>\n\t<span class=\"price\"><span class=\"woocommerce-Price-amount amount\"><bdi><span class=\"woocommerce-Price-currencySymbol\">&#8378;<\/span>30,00<\/bdi><\/span><\/span>\n<\/a><a href=\"https:\/\/payidarcoffeelounge.com\/index.php\/product\/fincan-cay\/\" aria-describedby=\"woocommerce_loop_add_to_cart_link_describedby_2958\" data-quantity=\"1\" class=\"button product_type_simple\" data-product_id=\"2958\" data-product_sku=\"\" aria-label=\"&ldquo;Fincan \u00c7ay&rdquo; hakk\u0131nda daha fazla bilgi edinin\" rel=\"nofollow\" data-success_message=\"\">Devam\u0131n\u0131 oku<\/a>\t<span id=\"woocommerce_loop_add_to_cart_link_describedby_2958\" class=\"screen-reader-text\">\n\t\t\t<\/span>\n<\/li>\n<li class=\"product type-product post-2962 status-publish first instock product_cat-caylar shipping-taxable product-type-simple\">\n\t<a href=\"\" class=\"woocommerce-LoopProduct-link woocommerce-loop-product__link\"><img fetchpriority=\"high\" decoding=\"async\" width=\"300\" height=\"300\" src=\"https:\/\/payidarcoffeelounge.com\/wp-content\/uploads\/woocommerce-placeholder-300x300.webp\" class=\"woocommerce-placeholder wp-post-image\" alt=\"Yer tutucu\" srcset=\"https:\/\/payidarcoffeelounge.com\/wp-content\/uploads\/woocommerce-placeholder-300x300.webp 300w, https:\/\/payidarcoffeelounge.com\/wp-content\/uploads\/woocommerce-placeholder-100x100.webp 100w, https:\/\/payidarcoffeelounge.com\/wp-content\/uploads\/woocommerce-placeholder-600x600.webp 600w, https:\/\/payidarcoffeelounge.com\/wp-content\/uploads\/woocommerce-placeholder-1024x1024.webp 1024w, https:\/\/payidarcoffeelounge.com\/wp-content\/uploads\/woocommerce-placeholder-150x150.webp 150w, https:\/\/payidarcoffeelounge.com\/wp-content\/uploads\/woocommerce-placeholder-768x768.webp 768w, https:\/\/payidarcoffeelounge.com\/wp-content\/uploads\/woocommerce-placeholder.webp 1200w\" sizes=\"(max-width: 300px) 100vw, 300px\" \/><span class=\"cat_product\">\u00c7aylar<\/span><h2 class=\"woocommerce-loop-product__title\">Ihlamur<\/h2>\n\t<span class=\"price\"><span class=\"woocommerce-Price-amount amount\"><bdi><span class=\"woocommerce-Price-currencySymbol\">&#8378;<\/span>105,00<\/bdi><\/span><\/span>\n<\/a><a href=\"https:\/\/payidarcoffeelounge.com\/index.php\/product\/ihlamur\/\" aria-describedby=\"woocommerce_loop_add_to_cart_link_describedby_2962\" data-quantity=\"1\" class=\"button product_type_simple\" data-product_id=\"2962\" data-product_sku=\"\" aria-label=\"&ldquo;Ihlamur&rdquo; hakk\u0131nda daha fazla bilgi edinin\" rel=\"nofollow\" data-success_message=\"\">Devam\u0131n\u0131 oku<\/a>\t<span id=\"woocommerce_loop_add_to_cart_link_describedby_2962\" class=\"screen-reader-text\">\n\t\t\t<\/span>\n<\/li>\n<li class=\"product type-product post-2964 status-publish instock product_cat-caylar shipping-taxable product-type-simple\">\n\t<a href=\"\" class=\"woocommerce-LoopProduct-link woocommerce-loop-product__link\"><img fetchpriority=\"high\" decoding=\"async\" width=\"300\" height=\"300\" src=\"https:\/\/payidarcoffeelounge.com\/wp-content\/uploads\/woocommerce-placeholder-300x300.webp\" class=\"woocommerce-placeholder wp-post-image\" alt=\"Yer tutucu\" srcset=\"https:\/\/payidarcoffeelounge.com\/wp-content\/uploads\/woocommerce-placeholder-300x300.webp 300w, https:\/\/payidarcoffeelounge.com\/wp-content\/uploads\/woocommerce-placeholder-100x100.webp 100w, https:\/\/payidarcoffeelounge.com\/wp-content\/uploads\/woocommerce-placeholder-600x600.webp 600w, https:\/\/payidarcoffeelounge.com\/wp-content\/uploads\/woocommerce-placeholder-1024x1024.webp 1024w, https:\/\/payidarcoffeelounge.com\/wp-content\/uploads\/woocommerce-placeholder-150x150.webp 150w, https:\/\/payidarcoffeelounge.com\/wp-content\/uploads\/woocommerce-placeholder-768x768.webp 768w, https:\/\/payidarcoffeelounge.com\/wp-content\/uploads\/woocommerce-placeholder.webp 1200w\" sizes=\"(max-width: 300px) 100vw, 300px\" \/><span class=\"cat_product\">\u00c7aylar<\/span><h2 class=\"woocommerce-loop-product__title\">Ku\u015fburnu<\/h2>\n\t<span class=\"price\"><span class=\"woocommerce-Price-amount amount\"><bdi><span class=\"woocommerce-Price-currencySymbol\">&#8378;<\/span>105,00<\/bdi><\/span><\/span>\n<\/a><a href=\"https:\/\/payidarcoffeelounge.com\/index.php\/product\/kusburnu\/\" aria-describedby=\"woocommerce_loop_add_to_cart_link_describedby_2964\" data-quantity=\"1\" class=\"button product_type_simple\" data-product_id=\"2964\" data-product_sku=\"\" aria-label=\"&ldquo;Ku\u015fburnu&rdquo; hakk\u0131nda daha fazla bilgi edinin\" rel=\"nofollow\" data-success_message=\"\">Devam\u0131n\u0131 oku<\/a>\t<span id=\"woocommerce_loop_add_to_cart_link_describedby_2964\" class=\"screen-reader-text\">\n\t\t\t<\/span>\n<\/li>\n<li class=\"product type-product post-2965 status-publish last instock product_cat-caylar shipping-taxable product-type-simple\">\n\t<a href=\"\" class=\"woocommerce-LoopProduct-link woocommerce-loop-product__link\"><img fetchpriority=\"high\" decoding=\"async\" width=\"300\" height=\"300\" src=\"https:\/\/payidarcoffeelounge.com\/wp-content\/uploads\/woocommerce-placeholder-300x300.webp\" class=\"woocommerce-placeholder wp-post-image\" alt=\"Yer tutucu\" srcset=\"https:\/\/payidarcoffeelounge.com\/wp-content\/uploads\/woocommerce-placeholder-300x300.webp 300w, https:\/\/payidarcoffeelounge.com\/wp-content\/uploads\/woocommerce-placeholder-100x100.webp 100w, https:\/\/payidarcoffeelounge.com\/wp-content\/uploads\/woocommerce-placeholder-600x600.webp 600w, https:\/\/payidarcoffeelounge.com\/wp-content\/uploads\/woocommerce-placeholder-1024x1024.webp 1024w, https:\/\/payidarcoffeelounge.com\/wp-content\/uploads\/woocommerce-placeholder-150x150.webp 150w, https:\/\/payidarcoffeelounge.com\/wp-content\/uploads\/woocommerce-placeholder-768x768.webp 768w, https:\/\/payidarcoffeelounge.com\/wp-content\/uploads\/woocommerce-placeholder.webp 1200w\" sizes=\"(max-width: 300px) 100vw, 300px\" \/><span class=\"cat_product\">\u00c7aylar<\/span><h2 class=\"woocommerce-loop-product__title\">Nane Limon<\/h2>\n\t<span class=\"price\"><span class=\"woocommerce-Price-amount amount\"><bdi><span class=\"woocommerce-Price-currencySymbol\">&#8378;<\/span>105,00<\/bdi><\/span><\/span>\n<\/a><a href=\"https:\/\/payidarcoffeelounge.com\/index.php\/product\/nane-limon\/\" aria-describedby=\"woocommerce_loop_add_to_cart_link_describedby_2965\" data-quantity=\"1\" class=\"button product_type_simple\" data-product_id=\"2965\" data-product_sku=\"\" aria-label=\"&ldquo;Nane Limon&rdquo; hakk\u0131nda daha fazla bilgi edinin\" rel=\"nofollow\" data-success_message=\"\">Devam\u0131n\u0131 oku<\/a>\t<span id=\"woocommerce_loop_add_to_cart_link_describedby_2965\" class=\"screen-reader-text\">\n\t\t\t<\/span>\n<\/li>\n<li class=\"product type-product post-2959 status-publish first instock product_cat-caylar shipping-taxable product-type-simple\">\n\t<a href=\"\" class=\"woocommerce-LoopProduct-link woocommerce-loop-product__link\"><img fetchpriority=\"high\" decoding=\"async\" width=\"300\" height=\"300\" src=\"https:\/\/payidarcoffeelounge.com\/wp-content\/uploads\/woocommerce-placeholder-300x300.webp\" class=\"woocommerce-placeholder wp-post-image\" alt=\"Yer tutucu\" srcset=\"https:\/\/payidarcoffeelounge.com\/wp-content\/uploads\/woocommerce-placeholder-300x300.webp 300w, https:\/\/payidarcoffeelounge.com\/wp-content\/uploads\/woocommerce-placeholder-100x100.webp 100w, https:\/\/payidarcoffeelounge.com\/wp-content\/uploads\/woocommerce-placeholder-600x600.webp 600w, https:\/\/payidarcoffeelounge.com\/wp-content\/uploads\/woocommerce-placeholder-1024x1024.webp 1024w, https:\/\/payidarcoffeelounge.com\/wp-content\/uploads\/woocommerce-placeholder-150x150.webp 150w, https:\/\/payidarcoffeelounge.com\/wp-content\/uploads\/woocommerce-placeholder-768x768.webp 768w, https:\/\/payidarcoffeelounge.com\/wp-content\/uploads\/woocommerce-placeholder.webp 1200w\" sizes=\"(max-width: 300px) 100vw, 300px\" \/><span class=\"cat_product\">\u00c7aylar<\/span><h2 class=\"woocommerce-loop-product__title\">Oralet \u00c7e\u015fitleri<\/h2>\n\t<span class=\"price\"><span class=\"woocommerce-Price-amount amount\"><bdi><span class=\"woocommerce-Price-currencySymbol\">&#8378;<\/span>60,00<\/bdi><\/span><\/span>\n<\/a><a href=\"https:\/\/payidarcoffeelounge.com\/index.php\/product\/oralet-cesitleri\/\" aria-describedby=\"woocommerce_loop_add_to_cart_link_describedby_2959\" data-quantity=\"1\" class=\"button product_type_simple\" data-product_id=\"2959\" data-product_sku=\"\" aria-label=\"&ldquo;Oralet \u00c7e\u015fitleri&rdquo; hakk\u0131nda daha fazla bilgi edinin\" rel=\"nofollow\" data-success_message=\"\">Devam\u0131n\u0131 oku<\/a>\t<span id=\"woocommerce_loop_add_to_cart_link_describedby_2959\" class=\"screen-reader-text\">\n\t\t\t<\/span>\n<\/li>\n<li class=\"product type-product post-2963 status-publish instock product_cat-caylar shipping-taxable product-type-simple\">\n\t<a href=\"\" class=\"woocommerce-LoopProduct-link woocommerce-loop-product__link\"><img fetchpriority=\"high\" decoding=\"async\" width=\"300\" height=\"300\" src=\"https:\/\/payidarcoffeelounge.com\/wp-content\/uploads\/woocommerce-placeholder-300x300.webp\" class=\"woocommerce-placeholder wp-post-image\" alt=\"Yer tutucu\" srcset=\"https:\/\/payidarcoffeelounge.com\/wp-content\/uploads\/woocommerce-placeholder-300x300.webp 300w, https:\/\/payidarcoffeelounge.com\/wp-content\/uploads\/woocommerce-placeholder-100x100.webp 100w, https:\/\/payidarcoffeelounge.com\/wp-content\/uploads\/woocommerce-placeholder-600x600.webp 600w, https:\/\/payidarcoffeelounge.com\/wp-content\/uploads\/woocommerce-placeholder-1024x1024.webp 1024w, https:\/\/payidarcoffeelounge.com\/wp-content\/uploads\/woocommerce-placeholder-150x150.webp 150w, https:\/\/payidarcoffeelounge.com\/wp-content\/uploads\/woocommerce-placeholder-768x768.webp 768w, https:\/\/payidarcoffeelounge.com\/wp-content\/uploads\/woocommerce-placeholder.webp 1200w\" sizes=\"(max-width: 300px) 100vw, 300px\" \/><span class=\"cat_product\">\u00c7aylar<\/span><h2 class=\"woocommerce-loop-product__title\">Papatya<\/h2>\n\t<span class=\"price\"><span class=\"woocommerce-Price-amount amount\"><bdi><span class=\"woocommerce-Price-currencySymbol\">&#8378;<\/span>105,00<\/bdi><\/span><\/span>\n<\/a><a href=\"https:\/\/payidarcoffeelounge.com\/index.php\/product\/papatya\/\" aria-describedby=\"woocommerce_loop_add_to_cart_link_describedby_2963\" data-quantity=\"1\" class=\"button product_type_simple\" data-product_id=\"2963\" data-product_sku=\"\" aria-label=\"&ldquo;Papatya&rdquo; hakk\u0131nda daha fazla bilgi edinin\" rel=\"nofollow\" data-success_message=\"\">Devam\u0131n\u0131 oku<\/a>\t<span id=\"woocommerce_loop_add_to_cart_link_describedby_2963\" class=\"screen-reader-text\">\n\t\t\t<\/span>\n<\/li>\n<li class=\"product type-product post-2966 status-publish last instock product_cat-caylar shipping-taxable product-type-simple\">\n\t<a href=\"\" class=\"woocommerce-LoopProduct-link woocommerce-loop-product__link\"><img fetchpriority=\"high\" decoding=\"async\" width=\"300\" height=\"300\" src=\"https:\/\/payidarcoffeelounge.com\/wp-content\/uploads\/woocommerce-placeholder-300x300.webp\" class=\"woocommerce-placeholder wp-post-image\" alt=\"Yer tutucu\" srcset=\"https:\/\/payidarcoffeelounge.com\/wp-content\/uploads\/woocommerce-placeholder-300x300.webp 300w, https:\/\/payidarcoffeelounge.com\/wp-content\/uploads\/woocommerce-placeholder-100x100.webp 100w, https:\/\/payidarcoffeelounge.com\/wp-content\/uploads\/woocommerce-placeholder-600x600.webp 600w, https:\/\/payidarcoffeelounge.com\/wp-content\/uploads\/woocommerce-placeholder-1024x1024.webp 1024w, https:\/\/payidarcoffeelounge.com\/wp-content\/uploads\/woocommerce-placeholder-150x150.webp 150w, https:\/\/payidarcoffeelounge.com\/wp-content\/uploads\/woocommerce-placeholder-768x768.webp 768w, https:\/\/payidarcoffeelounge.com\/wp-content\/uploads\/woocommerce-placeholder.webp 1200w\" sizes=\"(max-width: 300px) 100vw, 300px\" \/><span class=\"cat_product\">\u00c7aylar<\/span><h2 class=\"woocommerce-loop-product__title\">Payidar K\u0131\u015f \u00c7ay\u0131<\/h2>\n\t<span class=\"price\"><span class=\"woocommerce-Price-amount amount\"><bdi><span class=\"woocommerce-Price-currencySymbol\">&#8378;<\/span>105,00<\/bdi><\/span><\/span>\n<\/a><a href=\"https:\/\/payidarcoffeelounge.com\/index.php\/product\/payidar-kis-cayi\/\" aria-describedby=\"woocommerce_loop_add_to_cart_link_describedby_2966\" data-quantity=\"1\" class=\"button product_type_simple\" data-product_id=\"2966\" data-product_sku=\"\" aria-label=\"&ldquo;Payidar K\u0131\u015f \u00c7ay\u0131&rdquo; hakk\u0131nda daha fazla bilgi edinin\" rel=\"nofollow\" data-success_message=\"\">Devam\u0131n\u0131 oku<\/a>\t<span id=\"woocommerce_loop_add_to_cart_link_describedby_2966\" class=\"screen-reader-text\">\n\t\t\t<\/span>\n<\/li>\n<li class=\"product type-product post-2956 status-publish first instock product_cat-caylar shipping-taxable product-type-simple\">\n\t<a href=\"\" class=\"woocommerce-LoopProduct-link woocommerce-loop-product__link\"><img fetchpriority=\"high\" decoding=\"async\" width=\"300\" height=\"300\" src=\"https:\/\/payidarcoffeelounge.com\/wp-content\/uploads\/woocommerce-placeholder-300x300.webp\" class=\"woocommerce-placeholder wp-post-image\" alt=\"Yer tutucu\" srcset=\"https:\/\/payidarcoffeelounge.com\/wp-content\/uploads\/woocommerce-placeholder-300x300.webp 300w, https:\/\/payidarcoffeelounge.com\/wp-content\/uploads\/woocommerce-placeholder-100x100.webp 100w, https:\/\/payidarcoffeelounge.com\/wp-content\/uploads\/woocommerce-placeholder-600x600.webp 600w, https:\/\/payidarcoffeelounge.com\/wp-content\/uploads\/woocommerce-placeholder-1024x1024.webp 1024w, https:\/\/payidarcoffeelounge.com\/wp-content\/uploads\/woocommerce-placeholder-150x150.webp 150w, https:\/\/payidarcoffeelounge.com\/wp-content\/uploads\/woocommerce-placeholder-768x768.webp 768w, https:\/\/payidarcoffeelounge.com\/wp-content\/uploads\/woocommerce-placeholder.webp 1200w\" sizes=\"(max-width: 300px) 100vw, 300px\" \/><span class=\"cat_product\">\u00c7aylar<\/span><h2 class=\"woocommerce-loop-product__title\">Tiryaki \u00c7ay<\/h2>\n\t<span class=\"price\"><span class=\"woocommerce-Price-amount amount\"><bdi><span class=\"woocommerce-Price-currencySymbol\">&#8378;<\/span>40,00<\/bdi><\/span><\/span>\n<\/a><a href=\"https:\/\/payidarcoffeelounge.com\/index.php\/product\/tiryaki-cay\/\" aria-describedby=\"woocommerce_loop_add_to_cart_link_describedby_2956\" data-quantity=\"1\" class=\"button product_type_simple\" data-product_id=\"2956\" data-product_sku=\"\" aria-label=\"&ldquo;Tiryaki \u00c7ay&rdquo; hakk\u0131nda daha fazla bilgi edinin\" rel=\"nofollow\" data-success_message=\"\">Devam\u0131n\u0131 oku<\/a>\t<span id=\"woocommerce_loop_add_to_cart_link_describedby_2956\" class=\"screen-reader-text\">\n\t\t\t<\/span>\n<\/li>\n<li class=\"product type-product post-2960 status-publish instock product_cat-caylar shipping-taxable product-type-simple\">\n\t<a href=\"\" class=\"woocommerce-LoopProduct-link woocommerce-loop-product__link\"><img fetchpriority=\"high\" decoding=\"async\" width=\"300\" height=\"300\" src=\"https:\/\/payidarcoffeelounge.com\/wp-content\/uploads\/woocommerce-placeholder-300x300.webp\" class=\"woocommerce-placeholder wp-post-image\" alt=\"Yer tutucu\" srcset=\"https:\/\/payidarcoffeelounge.com\/wp-content\/uploads\/woocommerce-placeholder-300x300.webp 300w, https:\/\/payidarcoffeelounge.com\/wp-content\/uploads\/woocommerce-placeholder-100x100.webp 100w, https:\/\/payidarcoffeelounge.com\/wp-content\/uploads\/woocommerce-placeholder-600x600.webp 600w, https:\/\/payidarcoffeelounge.com\/wp-content\/uploads\/woocommerce-placeholder-1024x1024.webp 1024w, https:\/\/payidarcoffeelounge.com\/wp-content\/uploads\/woocommerce-placeholder-150x150.webp 150w, https:\/\/payidarcoffeelounge.com\/wp-content\/uploads\/woocommerce-placeholder-768x768.webp 768w, https:\/\/payidarcoffeelounge.com\/wp-content\/uploads\/woocommerce-placeholder.webp 1200w\" sizes=\"(max-width: 300px) 100vw, 300px\" \/><span class=\"cat_product\">\u00c7aylar<\/span><h2 class=\"woocommerce-loop-product__title\">Ye\u015fil \u00c7ay<\/h2>\n\t<span class=\"price\"><span class=\"woocommerce-Price-amount amount\"><bdi><span class=\"woocommerce-Price-currencySymbol\">&#8378;<\/span>105,00<\/bdi><\/span><\/span>\n<\/a><a href=\"https:\/\/payidarcoffeelounge.com\/index.php\/product\/yesil-cay\/\" aria-describedby=\"woocommerce_loop_add_to_cart_link_describedby_2960\" data-quantity=\"1\" class=\"button product_type_simple\" data-product_id=\"2960\" data-product_sku=\"\" aria-label=\"&ldquo;Ye\u015fil \u00c7ay&rdquo; hakk\u0131nda daha fazla bilgi edinin\" rel=\"nofollow\" data-success_message=\"\">Devam\u0131n\u0131 oku<\/a>\t<span id=\"woocommerce_loop_add_to_cart_link_describedby_2960\" class=\"screen-reader-text\">\n\t\t\t<\/span>\n<\/li>\n<\/ul>\n<\/div><\/div>\n\t\t\t\t\t\t<\/div>\n\t\t\t\t\t<\/div>\n\t\t\t\t<\/div>\n\t\t\t\t<\/div>\n\t\t","protected":false},"excerpt":{"rendered":"","protected":false},"author":1,"featured_media":0,"parent":0,"menu_order":0,"comment_status":"closed","ping_status":"closed","template":"","meta":{"footnotes":""},"class_list":["post-2732","page","type-page","status-publish","hentry"],"_links":{"self":[{"href":"https:\/\/payidarcoffeelounge.com\/index.php\/wp-json\/wp\/v2\/pages\/2732","targetHints":{"allow":["GET"]}}],"collection":[{"href":"https:\/\/payidarcoffeelounge.com\/index.php\/wp-json\/wp\/v2\/pages"}],"about":[{"href":"https:\/\/payidarcoffeelounge.com\/index.php\/wp-json\/wp\/v2\/types\/page"}],"author":[{"embeddable":true,"href":"https:\/\/payidarcoffeelounge.com\/index.php\/wp-json\/wp\/v2\/users\/1"}],"replies":[{"embeddable":true,"href":"https:\/\/payidarcoffeelounge.com\/index.php\/wp-json\/wp\/v2\/comments?post=2732"}],"version-history":[{"count":15,"href":"https:\/\/payidarcoffeelounge.com\/index.php\/wp-json\/wp\/v2\/pages\/2732\/revisions"}],"predecessor-version":[{"id":3246,"href":"https:\/\/payidarcoffeelounge.com\/index.php\/wp-json\/wp\/v2\/pages\/2732\/revisions\/3246"}],"wp:attachment":[{"href":"https:\/\/payidarcoffeelounge.com\/index.php\/wp-json\/wp\/v2\/media?parent=2732"}],"curies":[{"name":"wp","href":"https:\/\/api.w.org\/{rel}","templated":true}]}}